{"id":20613,"date":"2024-04-11T13:06:59","date_gmt":"2024-04-11T10:06:59","guid":{"rendered":"http:\/\/labostera.lt\/?post_type=product&#038;p=20613"},"modified":"2024-10-18T15:16:03","modified_gmt":"2024-10-18T12:16:03","slug":"problemines-pedos-modelis-erler-zimmer-common-problems-foot-model","status":"publish","type":"product","link":"https:\/\/labostera.lt\/lv\/priemones-ir-iranga\/mokymo-priemones-ir-iranga\/modeliai-manekenai-muliazai\/problemines-pedos-modelis-erler-zimmer-common-problems-foot-model\/","title":{"rendered":"Erlera-Zimmera bie\u017ei sastopamo probl\u0113mu p\u0113das modelis"},"content":{"rendered":"<h2><strong>Erler-Zimmer GmbH &amp; Co. KG Probl\u0113mu p\u0113du modelis<\/strong>:<\/h2>\n<ul>\n<li>Modelis R10035:<\/li>\n<li>Satrieco\u0161a, \u013coti re\u0101listiska, dz\u012bv\u012bbas lielum\u0101, ar roku apgleznota k\u0101jas kopija, kas veidota p\u0113c \u012bstas cilv\u0113ka k\u0101jas parauga.<\/li>\n<li>Anom\u0101lijas ir: aplikums, tulznas, var\u017eacis, iekaisu\u0161i nagi, atv\u0113rtas br\u016bces un sausa, saplais\u0101jusi \u0101da.<\/li>\n<li>Piem\u0113rots lieto\u0161anai diab\u0113ta slimniekiem!<\/li>\n<\/ul>\n<h3>Probl\u0113mu p\u0113du mode\u013ci \u2013 <a href=\"http:\/\/labostera.lt\/lv\/product-brand\/erler-zimmer-gmbh-co-kg\/\">Erlera-Zimmera anatomijas grupa<\/a><\/h3>\n<p>Vair\u0101k inform\u0101cijas: <a href=\"https:\/\/erler-zimmer.de\/en\/Common-Foot-Problems\/R10035\" target=\"_blank\" rel=\"noopener nofollow\">ra\u017eot\u0101ja t\u012bmek\u013ca vietn\u0113<\/a> vai nos\u016btiet mums piepras\u012bjumu!<\/p>","protected":false},"excerpt":{"rendered":"<p>Erlera-Cimmera probl\u0113mp\u0113das modelis \u2013 satrieco\u0161a, dabiska izm\u0113ra p\u0113das kopija, kas ir ide\u0101li piem\u0113rota darbam ar diab\u0113ta pacientiem.<\/p>","protected":false},"featured_media":20614,"template":"","meta":[],"product_cat":[75,79],"product_tag":[692,831,832,829,830,577,690,971,833,490],"class_list":{"0":"post-20613","1":"product","2":"type-product","3":"status-publish","4":"has-post-thumbnail","6":"product_brand-erler-zimmer-gmbh-co-kg","7":"product_cat-modeliai-manekenai-muliazai","8":"product_cat-mokymo-priemones-ir-iranga","9":"product_tag-erler-zimmer-gmbh-co-kg","10":"product_tag-medical-models","11":"product_tag-medical-simulators","12":"product_tag-medicininiai-modeliai","13":"product_tag-medicininiai-simuliatoriai","14":"product_tag-modeliai","15":"product_tag-models","16":"product_tag-problemines-pedos-modeliai","17":"product_tag-simulatoriai","18":"product_tag-simulators","20":"first","21":"onbackorder","22":"shipping-taxable","23":"purchasable","24":"product-type-simple"},"_links":{"self":[{"href":"https:\/\/labostera.lt\/lv\/wp-json\/wp\/v2\/product\/20613","targetHints":{"allow":["GET"]}}],"collection":[{"href":"https:\/\/labostera.lt\/lv\/wp-json\/wp\/v2\/product"}],"about":[{"href":"https:\/\/labostera.lt\/lv\/wp-json\/wp\/v2\/types\/product"}],"wp:featuredmedia":[{"embeddable":true,"href":"https:\/\/labostera.lt\/lv\/wp-json\/wp\/v2\/media\/20614"}],"wp:attachment":[{"href":"https:\/\/labostera.lt\/lv\/wp-json\/wp\/v2\/media?parent=20613"}],"wp:term":[{"taxonomy":"product_cat","embeddable":true,"href":"https:\/\/labostera.lt\/lv\/wp-json\/wp\/v2\/product_cat?post=20613"},{"taxonomy":"product_tag","embeddable":true,"href":"https:\/\/labostera.lt\/lv\/wp-json\/wp\/v2\/product_tag?post=20613"}],"curies":[{"name":"wp","href":"https:\/\/api.w.org\/{rel}","templated":true}]}}