{"id":20606,"date":"2024-04-11T11:42:29","date_gmt":"2024-04-11T08:42:29","guid":{"rendered":"http:\/\/labostera.lt\/?post_type=product&#038;p=20606"},"modified":"2024-04-18T11:31:47","modified_gmt":"2024-04-18T08:31:47","slug":"nesveikos-pedos-modelis-erler-zimmer-unhealthy-foot-model","status":"publish","type":"product","link":"https:\/\/labostera.lt\/lv\/priemones-ir-iranga\/mokymo-priemones-ir-iranga\/modeliai-manekenai-muliazai\/nesveikos-pedos-modelis-erler-zimmer-unhealthy-foot-model\/","title":{"rendered":"Erlera-Zimmera nevesel\u012bgas p\u0113das modelis"},"content":{"rendered":"<h2><strong>Erler-Zimmer GmbH &amp; Co. KG nevesel\u012bgas p\u0113das modelis<\/strong>:<\/h2>\n<ul>\n<li>Modelis R10027:<\/li>\n<li>Modelis, kas izstr\u0101d\u0101ts, lai m\u0101c\u012btu par pareizas p\u0113du kop\u0161anas un uztura noz\u012bmi cilv\u0113kiem ar diab\u0113tu.<\/li>\n<li>\u0160aj\u0101 p\u0113das model\u012b redzams p\u0113das dist\u0101lais gals ar invaz\u012bvu boj\u0101jumu p\u0113das zol\u0113 un virspus\u0113ju iekaisumu uz liel\u0101 un otr\u0101 pirksta.<\/li>\n<li>Pilna izm\u0113ra zol\u012bte, kas izgatavota no m\u012bksta, dabiska izskata materi\u0101la ar elast\u012bgiem purngaliem.<\/li>\n<\/ul>\n<h3>Nevesel\u012bgi p\u0113du mode\u013ci \u2013 <a href=\"http:\/\/labostera.lt\/lv\/product-brand\/erler-zimmer-gmbh-co-kg\/\">Erlera-Zimmera anatomijas grupa<\/a><\/h3>\n<p>Vair\u0101k inform\u0101cijas: <a href=\"https:\/\/erler-zimmer.de\/en\/Unhealthy-foot-model\/R10027\" target=\"_blank\" rel=\"noopener nofollow\">ra\u017eot\u0101ja t\u012bmek\u013ca vietn\u0113<\/a> vai nos\u016btiet mums piepras\u012bjumu!<\/p>","protected":false},"excerpt":{"rendered":"<p>Erlera-Zimmera nevesel\u012bgas p\u0113das modelis \u2013 m\u012bksta, dabiska izm\u0113ra p\u0113das ar boj\u0101jumiem kopija, kas paredz\u0113ta diab\u0113ta slimniekiem.<\/p>","protected":false},"featured_media":20611,"template":"","meta":[],"product_cat":[75,79],"product_tag":[692,831,832,829,830,577,690,970,833,490],"class_list":{"0":"post-20606","1":"product","2":"type-product","3":"status-publish","4":"has-post-thumbnail","6":"product_brand-erler-zimmer-gmbh-co-kg","7":"product_cat-modeliai-manekenai-muliazai","8":"product_cat-mokymo-priemones-ir-iranga","9":"product_tag-erler-zimmer-gmbh-co-kg","10":"product_tag-medical-models","11":"product_tag-medical-simulators","12":"product_tag-medicininiai-modeliai","13":"product_tag-medicininiai-simuliatoriai","14":"product_tag-modeliai","15":"product_tag-models","16":"product_tag-nesveikos-pedos-modeliai","17":"product_tag-simulatoriai","18":"product_tag-simulators","20":"first","21":"onbackorder","22":"shipping-taxable","23":"product-type-simple"},"_links":{"self":[{"href":"https:\/\/labostera.lt\/lv\/wp-json\/wp\/v2\/product\/20606","targetHints":{"allow":["GET"]}}],"collection":[{"href":"https:\/\/labostera.lt\/lv\/wp-json\/wp\/v2\/product"}],"about":[{"href":"https:\/\/labostera.lt\/lv\/wp-json\/wp\/v2\/types\/product"}],"wp:featuredmedia":[{"embeddable":true,"href":"https:\/\/labostera.lt\/lv\/wp-json\/wp\/v2\/media\/20611"}],"wp:attachment":[{"href":"https:\/\/labostera.lt\/lv\/wp-json\/wp\/v2\/media?parent=20606"}],"wp:term":[{"taxonomy":"product_cat","embeddable":true,"href":"https:\/\/labostera.lt\/lv\/wp-json\/wp\/v2\/product_cat?post=20606"},{"taxonomy":"product_tag","embeddable":true,"href":"https:\/\/labostera.lt\/lv\/wp-json\/wp\/v2\/product_tag?post=20606"}],"curies":[{"name":"wp","href":"https:\/\/api.w.org\/{rel}","templated":true}]}}