{"id":20595,"date":"2024-04-11T10:46:30","date_gmt":"2024-04-11T07:46:30","guid":{"rendered":"http:\/\/labostera.lt\/?post_type=product&#038;p=20595"},"modified":"2024-10-18T15:19:31","modified_gmt":"2024-10-18T12:19:31","slug":"diabetines-pedos-sindromo-modelis-erler-zimmer-diabetic-foot-syndrome-model","status":"publish","type":"product","link":"https:\/\/labostera.lt\/lv\/priemones-ir-iranga\/mokymo-priemones-ir-iranga\/modeliai-manekenai-muliazai\/diabetines-pedos-sindromo-modelis-erler-zimmer-diabetic-foot-syndrome-model\/","title":{"rendered":"Erlera-Zimmera diab\u0113tisk\u0101s p\u0113das sindroma modelis"},"content":{"rendered":"<h2><strong>\u201eErler-Zimmer GmbH &amp; Co. KG diab\u0113tisk\u0101s p\u0113das sindroma modelis<\/strong>:<\/h2>\n<ul>\n<li>Modelis PW006:<\/li>\n<li>\u0160is modelis ir p\u0113das sindroma modelis, kas atbilst tipiskiem diab\u0113ta simptomiem.<\/li>\n<li>Bie\u017ei sastopam\u0101s \u010d\u016blas un boj\u0101jumi ir da\u017e\u0101d\u0101s stadij\u0101s.<\/li>\n<li>Par\u0101d\u0101s papildu simptomi, piem\u0113ram, plais\u0101jo\u0161a \u0101das virsma un nekrotisks pirksts.<\/li>\n<li>Lielisks modelis diab\u0113ta izgl\u012bt\u012bbai, k\u0101 ar\u012b m\u0101szin\u012bbu un medic\u012bnas studij\u0101m.<\/li>\n<\/ul>\n<p>Modelis PW006P ir paredz\u0113ts apr\u016bpes manekeniem<\/p>\n<ul>\n<li>Modelis PW007:<\/li>\n<li>\u0160is dabisk\u0101 izm\u0113ra p\u0113das sindroma modelis att\u0113lo p\u0113du p\u0113c pirksta rezekcijas nekrozes un dzi\u013cu \u010d\u016blu d\u0113\u013c.<\/li>\n<li>Turkl\u0101t p\u0113d\u0101 ir redzamas \u010d\u016blas, boj\u0101jumi un plais\u0101jo\u0161a \u0101da.<\/li>\n<li>\u0160is modelis ir ide\u0101li piem\u0113rots br\u016b\u010du apr\u016bpes un visp\u0101r\u0113j\u0101s apr\u016bpes apm\u0101c\u012bbai.<\/li>\n<\/ul>\n<p>Modelis PW007P ir paredz\u0113ts apr\u016bpes manekeniem<\/p>\n<h3>Diab\u0113tisk\u0101s p\u0113das sindroma mode\u013ci \u2013 <a href=\"http:\/\/labostera.lt\/lv\/product-brand\/erler-zimmer-gmbh-co-kg\/\">Erlera-Zimmera anatomijas grupa<\/a><\/h3>\n<p>Vair\u0101k inform\u0101cijas: <a href=\"https:\/\/erler-zimmer.de\/en\/Wound-foot-with-diabetic-foot-syndrome\/PW006\" target=\"_blank\" rel=\"noopener nofollow\">ra\u017eot\u0101ja t\u012bmek\u013ca vietn\u0113<\/a> vai nos\u016btiet mums piepras\u012bjumu!<\/p>","protected":false},"excerpt":{"rendered":"<p>Erlera-Zimmera vec\u0101ka gadag\u0101juma cilv\u0113ku p\u0113das \u010d\u016blu modelis \u2013 apm\u0101c\u012bba un apr\u016bpe spiediena \u010d\u016blu gad\u012bjum\u0101 vec\u0101ka gadag\u0101juma cilv\u0113kiem.<\/p>","protected":false},"featured_media":20597,"template":"","meta":[],"product_cat":[75,79],"product_tag":[969,692,831,832,829,830,577,690,833,490],"class_list":{"0":"post-20595","1":"product","2":"type-product","3":"status-publish","4":"has-post-thumbnail","6":"product_brand-erler-zimmer-gmbh-co-kg","7":"product_cat-modeliai-manekenai-muliazai","8":"product_cat-mokymo-priemones-ir-iranga","9":"product_tag-diabetines-pedos-sindromo-modeliai","10":"product_tag-erler-zimmer-gmbh-co-kg","11":"product_tag-medical-models","12":"product_tag-medical-simulators","13":"product_tag-medicininiai-modeliai","14":"product_tag-medicininiai-simuliatoriai","15":"product_tag-modeliai","16":"product_tag-models","17":"product_tag-simulatoriai","18":"product_tag-simulators","20":"first","21":"onbackorder","22":"shipping-taxable","23":"purchasable","24":"product-type-variable"},"_links":{"self":[{"href":"https:\/\/labostera.lt\/lv\/wp-json\/wp\/v2\/product\/20595","targetHints":{"allow":["GET"]}}],"collection":[{"href":"https:\/\/labostera.lt\/lv\/wp-json\/wp\/v2\/product"}],"about":[{"href":"https:\/\/labostera.lt\/lv\/wp-json\/wp\/v2\/types\/product"}],"wp:featuredmedia":[{"embeddable":true,"href":"https:\/\/labostera.lt\/lv\/wp-json\/wp\/v2\/media\/20597"}],"wp:attachment":[{"href":"https:\/\/labostera.lt\/lv\/wp-json\/wp\/v2\/media?parent=20595"}],"wp:term":[{"taxonomy":"product_cat","embeddable":true,"href":"https:\/\/labostera.lt\/lv\/wp-json\/wp\/v2\/product_cat?post=20595"},{"taxonomy":"product_tag","embeddable":true,"href":"https:\/\/labostera.lt\/lv\/wp-json\/wp\/v2\/product_tag?post=20595"}],"curies":[{"name":"wp","href":"https:\/\/api.w.org\/{rel}","templated":true}]}}