{"id":20593,"date":"2024-04-11T09:51:44","date_gmt":"2024-04-11T06:51:44","guid":{"rendered":"http:\/\/labostera.lt\/?post_type=product&#038;p=20593"},"modified":"2024-10-18T15:16:07","modified_gmt":"2024-10-18T12:16:07","slug":"pagyvenusio-zmogaus-pedu-opu-modelis-erler-zimmer-elderly-pressure-ulcer-foot-model","status":"publish","type":"product","link":"https:\/\/labostera.lt\/lv\/priemones-ir-iranga\/mokymo-priemones-ir-iranga\/modeliai-manekenai-muliazai\/pagyvenusio-zmogaus-pedu-opu-modelis-erler-zimmer-elderly-pressure-ulcer-foot-model\/","title":{"rendered":"Erlera-Zimmera vec\u0101ka gadag\u0101juma cilv\u0113ku spiediena \u010d\u016blas p\u0113das modelis"},"content":{"rendered":"<h2><strong>Erler-Zimmer GmbH &amp; Co. KG vec\u0101ka gadag\u0101juma cilv\u0113ku p\u0113das \u010d\u016blas modelis<\/strong>:<\/h2>\n<ul>\n<li>Modelis R10228:<\/li>\n<li>Hroniskas p\u0113du \u010d\u016blas visbie\u017e\u0101k skar vec\u0101ka gadag\u0101juma cilv\u0113kus. \u0160is modelis ir izstr\u0101d\u0101ts, lai m\u0101c\u012btu par spiediena \u010d\u016blu apr\u016bpi un t\u012br\u012b\u0161anu da\u017e\u0101dos posmos.<\/li>\n<li>Spiediena \u010d\u016blas visbie\u017e\u0101k rodas spiediena punktos, piem\u0113ram, uz pap\u0113\u017eiem, k\u0101ju pirkstiem, starp pirkstiem vai jebkur citur, kur kauli var aiz\u0137erties un berz\u0113ties pret ze\u0137\u0113m, apaviem vai palagiem.<\/li>\n<li>\u0160is modelis atk\u0101rto visus \u010detrus gr\u016bt\u012bbas l\u012bme\u0146us:\n<ul>\n<li>I posms: uzman\u012bbas centr\u0101 ir pirksta pamatne. \u0100das virsma ir sarkana.<\/li>\n<li>II stadija: boj\u0101jums atrodas p\u0113das apak\u0161\u0101, tie\u0161i zem pirksta. \u0100das virsma ir sarkana un dzi\u013c\u0101ka \u0101das sl\u0101\u0146os.<\/li>\n<li>III posms: Pavarda s\u0101nos. \u0100das virsma ir sarkana, izskat\u0101s k\u0101 kr\u0101teris un sasniedz \u0101das apak\u0161\u0113jos sl\u0101\u0146us.<\/li>\n<li>IV posms: Koncentr\u0113jieties uz p\u0113das pap\u0113di. \u0100das virsma ir sarkana. Daudzi audi ir boj\u0101ti, tostarp musku\u013ci, kauli, loc\u012btavas un c\u012bpslas.<\/li>\n<\/ul>\n<\/li>\n<\/ul>\n<h3>P\u0113du \u010d\u016blu mode\u013ci gados vec\u0101kiem cilv\u0113kiem \u2013 <a href=\"http:\/\/labostera.lt\/lv\/product-brand\/erler-zimmer-gmbh-co-kg\/\">Erlera-Zimmera anatomijas grupa<\/a><\/h3>\n<p>Vair\u0101k inform\u0101cijas: <a href=\"https:\/\/erler-zimmer.de\/en\/Elderly-Pressure-Ulcer-Foot\/R10228\" target=\"_blank\" rel=\"noopener nofollow\">ra\u017eot\u0101ja t\u012bmek\u013ca vietn\u0113<\/a> vai nos\u016btiet mums piepras\u012bjumu!<\/p>","protected":false},"excerpt":{"rendered":"<p>Erlera-Zimmera vec\u0101ka gadag\u0101juma cilv\u0113ku p\u0113das \u010d\u016blu modelis \u2013 apm\u0101c\u012bba un apr\u016bpe spiediena \u010d\u016blu gad\u012bjum\u0101 vec\u0101ka gadag\u0101juma cilv\u0113kiem.<\/p>","protected":false},"featured_media":20594,"template":"","meta":[],"product_cat":[75,79],"product_tag":[692,831,832,829,830,577,690,968,833,490],"class_list":{"0":"post-20593","1":"product","2":"type-product","3":"status-publish","4":"has-post-thumbnail","6":"product_brand-erler-zimmer-gmbh-co-kg","7":"product_cat-modeliai-manekenai-muliazai","8":"product_cat-mokymo-priemones-ir-iranga","9":"product_tag-erler-zimmer-gmbh-co-kg","10":"product_tag-medical-models","11":"product_tag-medical-simulators","12":"product_tag-medicininiai-modeliai","13":"product_tag-medicininiai-simuliatoriai","14":"product_tag-modeliai","15":"product_tag-models","16":"product_tag-pedu-opu-modeliai","17":"product_tag-simulatoriai","18":"product_tag-simulators","20":"first","21":"onbackorder","22":"shipping-taxable","23":"purchasable","24":"product-type-simple"},"_links":{"self":[{"href":"https:\/\/labostera.lt\/lv\/wp-json\/wp\/v2\/product\/20593","targetHints":{"allow":["GET"]}}],"collection":[{"href":"https:\/\/labostera.lt\/lv\/wp-json\/wp\/v2\/product"}],"about":[{"href":"https:\/\/labostera.lt\/lv\/wp-json\/wp\/v2\/types\/product"}],"wp:featuredmedia":[{"embeddable":true,"href":"https:\/\/labostera.lt\/lv\/wp-json\/wp\/v2\/media\/20594"}],"wp:attachment":[{"href":"https:\/\/labostera.lt\/lv\/wp-json\/wp\/v2\/media?parent=20593"}],"wp:term":[{"taxonomy":"product_cat","embeddable":true,"href":"https:\/\/labostera.lt\/lv\/wp-json\/wp\/v2\/product_cat?post=20593"},{"taxonomy":"product_tag","embeddable":true,"href":"https:\/\/labostera.lt\/lv\/wp-json\/wp\/v2\/product_tag?post=20593"}],"curies":[{"name":"wp","href":"https:\/\/api.w.org\/{rel}","templated":true}]}}