{"id":20587,"date":"2024-04-11T09:08:30","date_gmt":"2024-04-11T06:08:30","guid":{"rendered":"http:\/\/labostera.lt\/?post_type=product&#038;p=20587"},"modified":"2024-10-18T15:16:09","modified_gmt":"2024-10-18T12:16:09","slug":"pedu-zaizdu-modelis-erler-zimmer-wilma-foot-wound-model","status":"publish","type":"product","link":"https:\/\/labostera.lt\/lv\/priemones-ir-iranga\/mokymo-priemones-ir-iranga\/modeliai-manekenai-muliazai\/pedu-zaizdu-modelis-erler-zimmer-wilma-foot-wound-model\/","title":{"rendered":"Erlera-Zimmera \u201cVilmas\u201d p\u0113das br\u016bces modelis"},"content":{"rendered":"<h2><strong>Erler-Zimmer GmbH &amp; Co. KG Wilma p\u0113das br\u016bces modelis<\/strong>:<\/h2>\n<ul>\n<li>Modelis R10227:<\/li>\n<li>Modelis ir atveidots no \u012bstas p\u0113das, nodro\u0161inot re\u0101las dz\u012bves pieredzi da\u017e\u0101du br\u016b\u010du nov\u0113rt\u0113\u0161an\u0101.<\/li>\n<li>Tiek pied\u0101v\u0101ti divdesmit da\u017e\u0101di st\u0101vok\u013ci, kas \u013cauj jums redz\u0113t un izprast to at\u0161\u0137ir\u012bbas.<\/li>\n<li>\u012apa\u0161a uzman\u012bba tiek piev\u0113rsta katrai br\u016bcei, r\u016bp\u012bgi atk\u0101rtojot to kr\u0101su t\u0101du, k\u0101du j\u016bs to redz\u0113tu uz pacienta.<\/li>\n<li>Kad ir izprastas da\u017e\u0101d\u0101s etiolo\u0123ijas, var apspriest un izstr\u0101d\u0101t \u0101rst\u0113\u0161anas pl\u0101nus, lai nodro\u0161in\u0101tu optim\u0101lu pacientu apr\u016bpi.<\/li>\n<\/ul>\n<h3>P\u0113du br\u016b\u010du mode\u013ci \u2013 <a href=\"http:\/\/labostera.lt\/lv\/product-brand\/erler-zimmer-gmbh-co-kg\/\">Erlera-Zimmera anatomijas grupa<\/a><\/h3>\n<p>Vair\u0101k inform\u0101cijas: <a href=\"https:\/\/erler-zimmer.de\/en\/Wound-Foot-Wilma\/R10227\" target=\"_blank\" rel=\"noopener nofollow\">ra\u017eot\u0101ja t\u012bmek\u013ca vietn\u0113<\/a> vai nos\u016btiet mums piepras\u012bjumu!<\/p>","protected":false},"excerpt":{"rendered":"<p>Erlera-Cimmera \u201cVilmas\u201d p\u0113das br\u016bces modelis \u2013 re\u0101ls modelis ar br\u016bc\u0113m no divdesmit da\u017e\u0101diem st\u0101vok\u013ciem.<\/p>","protected":false},"featured_media":20592,"template":"","meta":[],"product_cat":[75,79],"product_tag":[692,831,832,829,830,577,690,967,833,490],"class_list":{"0":"post-20587","1":"product","2":"type-product","3":"status-publish","4":"has-post-thumbnail","6":"product_brand-erler-zimmer-gmbh-co-kg","7":"product_cat-modeliai-manekenai-muliazai","8":"product_cat-mokymo-priemones-ir-iranga","9":"product_tag-erler-zimmer-gmbh-co-kg","10":"product_tag-medical-models","11":"product_tag-medical-simulators","12":"product_tag-medicininiai-modeliai","13":"product_tag-medicininiai-simuliatoriai","14":"product_tag-modeliai","15":"product_tag-models","16":"product_tag-pedu-zaizdu-modeliai","17":"product_tag-simulatoriai","18":"product_tag-simulators","20":"first","21":"onbackorder","22":"shipping-taxable","23":"purchasable","24":"product-type-simple"},"_links":{"self":[{"href":"https:\/\/labostera.lt\/lv\/wp-json\/wp\/v2\/product\/20587","targetHints":{"allow":["GET"]}}],"collection":[{"href":"https:\/\/labostera.lt\/lv\/wp-json\/wp\/v2\/product"}],"about":[{"href":"https:\/\/labostera.lt\/lv\/wp-json\/wp\/v2\/types\/product"}],"wp:featuredmedia":[{"embeddable":true,"href":"https:\/\/labostera.lt\/lv\/wp-json\/wp\/v2\/media\/20592"}],"wp:attachment":[{"href":"https:\/\/labostera.lt\/lv\/wp-json\/wp\/v2\/media?parent=20587"}],"wp:term":[{"taxonomy":"product_cat","embeddable":true,"href":"https:\/\/labostera.lt\/lv\/wp-json\/wp\/v2\/product_cat?post=20587"},{"taxonomy":"product_tag","embeddable":true,"href":"https:\/\/labostera.lt\/lv\/wp-json\/wp\/v2\/product_tag?post=20587"}],"curies":[{"name":"wp","href":"https:\/\/api.w.org\/{rel}","templated":true}]}}