{"id":20583,"date":"2024-04-10T16:17:31","date_gmt":"2024-04-10T13:17:31","guid":{"rendered":"http:\/\/labostera.lt\/?post_type=product&#038;p=20583"},"modified":"2024-10-18T15:19:32","modified_gmt":"2024-10-18T12:19:32","slug":"koju-arteriju-nepakankamumo-modelis-erler-zimmer-annie-arterial-insufficiency-leg-model","status":"publish","type":"product","link":"https:\/\/labostera.lt\/lv\/priemones-ir-iranga\/mokymo-priemones-ir-iranga\/modeliai-manekenai-muliazai\/koju-arteriju-nepakankamumo-modelis-erler-zimmer-annie-arterial-insufficiency-leg-model\/","title":{"rendered":"Erler-Zimmer \u201cAnnie\u201d arteri\u0101l\u0101s mazsp\u0113jas k\u0101jas modelis"},"content":{"rendered":"<h2><strong>Erler-Zimmer GmbH &amp; Co. KG Annijas k\u0101ju arteri\u0101l\u0101s mazsp\u0113jas modelis<\/strong>:<\/h2>\n<ul>\n<li>Modelis R11021:<\/li>\n<li>\u201cAnnijas\u201d k\u0101jas art\u0113riju nepietiekam\u012bbas modelis ir lielisks r\u012bks treni\u0146iem, sp\u0113ju p\u0101rbaudei un prasmju nov\u0113rt\u0113\u0161anai.<\/li>\n<li>Att\u0113loti da\u017e\u0101di ar arteri\u0101lu nepietiekam\u012bbu saist\u012bti st\u0101vok\u013ci k\u0101j\u0101s un pirkstos.<\/li>\n<li>Modelis ietver ar\u012b unik\u0101lu arteri\u0101l\u0101s Doplera ska\u0146as moduli ar individu\u0101lu pogu aktiviz\u0113\u0161anu.<\/li>\n<\/ul>\n<p>Modelis R11020A \u2013 Stat\u012bvs ir paredz\u0113ts \u0161im modelim<\/p>\n<h3>K\u0101ju art\u0113riju nepietiekam\u012bbas mode\u013ci \u2013 <a href=\"http:\/\/labostera.lt\/lv\/product-brand\/erler-zimmer-gmbh-co-kg\/\">Erlera-Zimmera anatomijas grupa<\/a><\/h3>\n<p>Vair\u0101k inform\u0101cijas: <a href=\"https:\/\/erler-zimmer.de\/en\/Vinnie-Venous-Insufficiency-Leg\/R11020\" target=\"_blank\" rel=\"noopener nofollow\">ra\u017eot\u0101ja t\u012bmek\u013ca vietn\u0113<\/a> vai nos\u016btiet mums piepras\u012bjumu!<\/p>","protected":false},"excerpt":{"rendered":"<p>Erlera-Cimmera \u201cAnnijas\u201d k\u0101jas art\u0113riju nepietiekam\u012bbas modelis \u2013 da\u017e\u0101das art\u0113riju slim\u012bbas un boj\u0101jumi k\u0101j\u0101 un p\u0113d\u0101.<\/p>","protected":false},"featured_media":20586,"template":"","meta":[],"product_cat":[75,79],"product_tag":[692,965,831,832,829,830,577,690,833,490],"class_list":{"0":"post-20583","1":"product","2":"type-product","3":"status-publish","4":"has-post-thumbnail","6":"product_brand-erler-zimmer-gmbh-co-kg","7":"product_cat-modeliai-manekenai-muliazai","8":"product_cat-mokymo-priemones-ir-iranga","9":"product_tag-erler-zimmer-gmbh-co-kg","10":"product_tag-koju-arteriju-nepakankamumo-modeliai","11":"product_tag-medical-models","12":"product_tag-medical-simulators","13":"product_tag-medicininiai-modeliai","14":"product_tag-medicininiai-simuliatoriai","15":"product_tag-modeliai","16":"product_tag-models","17":"product_tag-simulatoriai","18":"product_tag-simulators","20":"first","21":"onbackorder","22":"shipping-taxable","23":"purchasable","24":"product-type-variable"},"_links":{"self":[{"href":"https:\/\/labostera.lt\/lv\/wp-json\/wp\/v2\/product\/20583","targetHints":{"allow":["GET"]}}],"collection":[{"href":"https:\/\/labostera.lt\/lv\/wp-json\/wp\/v2\/product"}],"about":[{"href":"https:\/\/labostera.lt\/lv\/wp-json\/wp\/v2\/types\/product"}],"wp:featuredmedia":[{"embeddable":true,"href":"https:\/\/labostera.lt\/lv\/wp-json\/wp\/v2\/media\/20586"}],"wp:attachment":[{"href":"https:\/\/labostera.lt\/lv\/wp-json\/wp\/v2\/media?parent=20583"}],"wp:term":[{"taxonomy":"product_cat","embeddable":true,"href":"https:\/\/labostera.lt\/lv\/wp-json\/wp\/v2\/product_cat?post=20583"},{"taxonomy":"product_tag","embeddable":true,"href":"https:\/\/labostera.lt\/lv\/wp-json\/wp\/v2\/product_tag?post=20583"}],"curies":[{"name":"wp","href":"https:\/\/api.w.org\/{rel}","templated":true}]}}