{"id":20576,"date":"2024-04-10T14:03:41","date_gmt":"2024-04-10T11:03:41","guid":{"rendered":"http:\/\/labostera.lt\/?post_type=product&#038;p=20576"},"modified":"2024-10-18T15:16:13","modified_gmt":"2024-10-18T12:16:13","slug":"pazangus-slaugos-muliazai-erler-zimmer-ultra-nursing-wound-simulation-kit","status":"publish","type":"product","link":"https:\/\/labostera.lt\/lv\/priemones-ir-iranga\/mokymo-priemones-ir-iranga\/medicininiai-simuliatoriai\/pazangus-slaugos-muliazai-erler-zimmer-ultra-nursing-wound-simulation-kit\/","title":{"rendered":"Erler-Zimmer Ultra m\u0101su br\u016b\u010du simul\u0101cijas komplekts ar uzlabotu m\u0101su manekenu"},"content":{"rendered":"<h2><strong>Erler-Zimmer GmbH &amp; Co. KG modernas m\u0101su manekenu konstrukcijas<\/strong>:<\/h2>\n<p>Modelis R11014:<\/p>\n<ul>\n<li>\u012apa\u0161i izstr\u0101d\u0101ts apm\u0101c\u012bbu scen\u0101riju izveidei<\/li>\n<li>\u013bauj studentiem nov\u0113rt\u0113t pacientus un piem\u0113rot atbilsto\u0161as \u0101rst\u0113\u0161anas metodes<\/li>\n<li>Nodro\u0161ina re\u0101listisku mijiedarb\u012bbu un pieredzi ar pacientu<\/li>\n<li>Ietver da\u017e\u0101da veida br\u016bces, dz\u0113lienus, sasitumus utt.<\/li>\n<li>Piem\u0113rots gan ies\u0101c\u0113j\u0101m, gan pieredz\u0113ju\u0161\u0101m medm\u0101s\u0101m<\/li>\n<\/ul>\n<h3>M\u0101szin\u012bbu manekeni padzi\u013cin\u0101tai lieto\u0161anai \u2013 <a href=\"http:\/\/labostera.lt\/lv\/product-brand\/erler-zimmer-gmbh-co-kg\/\">Erlera-Zimmera anatomijas grupa<\/a><\/h3>\n<p>Vair\u0101k inform\u0101cijas: <a href=\"https:\/\/erler-zimmer.de\/en\/Ultra-Nursing-Wound-Simulation-Kit\/R11014\" target=\"_blank\" rel=\"noopener nofollow\">ra\u017eot\u0101ja t\u012bmek\u013ca vietn\u0113<\/a> vai nos\u016btiet mums piepras\u012bjumu!<\/p>","protected":false},"excerpt":{"rendered":"<p>Erler-Zimmer Advanced Nursing Manikins \u2014 \u012bpa\u0161i izstr\u0101d\u0101ts apm\u0101c\u012bbu scen\u0101riju veido\u0161anai. Nodro\u0161ina re\u0101listisku mijiedarb\u012bbu un pieredzi ar pacientu.<\/p>","protected":false},"featured_media":20577,"template":"","meta":[],"product_cat":[838,75,79],"product_tag":[692,831,832,829,830,577,690,963,833,490],"class_list":{"0":"post-20576","1":"product","2":"type-product","3":"status-publish","4":"has-post-thumbnail","6":"product_brand-erler-zimmer-gmbh-co-kg","7":"product_cat-medicininiai-simuliatoriai","8":"product_cat-modeliai-manekenai-muliazai","9":"product_cat-mokymo-priemones-ir-iranga","10":"product_tag-erler-zimmer-gmbh-co-kg","11":"product_tag-medical-models","12":"product_tag-medical-simulators","13":"product_tag-medicininiai-modeliai","14":"product_tag-medicininiai-simuliatoriai","15":"product_tag-modeliai","16":"product_tag-models","17":"product_tag-pazangus-slaugos-muliazai","18":"product_tag-simulatoriai","19":"product_tag-simulators","21":"first","22":"onbackorder","23":"shipping-taxable","24":"purchasable","25":"product-type-simple"},"_links":{"self":[{"href":"https:\/\/labostera.lt\/lv\/wp-json\/wp\/v2\/product\/20576","targetHints":{"allow":["GET"]}}],"collection":[{"href":"https:\/\/labostera.lt\/lv\/wp-json\/wp\/v2\/product"}],"about":[{"href":"https:\/\/labostera.lt\/lv\/wp-json\/wp\/v2\/types\/product"}],"wp:featuredmedia":[{"embeddable":true,"href":"https:\/\/labostera.lt\/lv\/wp-json\/wp\/v2\/media\/20577"}],"wp:attachment":[{"href":"https:\/\/labostera.lt\/lv\/wp-json\/wp\/v2\/media?parent=20576"}],"wp:term":[{"taxonomy":"product_cat","embeddable":true,"href":"https:\/\/labostera.lt\/lv\/wp-json\/wp\/v2\/product_cat?post=20576"},{"taxonomy":"product_tag","embeddable":true,"href":"https:\/\/labostera.lt\/lv\/wp-json\/wp\/v2\/product_tag?post=20576"}],"curies":[{"name":"wp","href":"https:\/\/api.w.org\/{rel}","templated":true}]}}