{"id":20571,"date":"2024-04-10T13:15:38","date_gmt":"2024-04-10T10:15:38","guid":{"rendered":"http:\/\/labostera.lt\/?post_type=product&#038;p=20571"},"modified":"2024-10-18T15:16:15","modified_gmt":"2024-10-18T12:16:15","slug":"slaugos-muliazai-erler-zimmer-nursing-care-moulage-kit","status":"publish","type":"product","link":"https:\/\/labostera.lt\/lv\/priemones-ir-iranga\/mokymo-priemones-ir-iranga\/modeliai-manekenai-muliazai\/slaugos-muliazai-erler-zimmer-nursing-care-moulage-kit\/","title":{"rendered":"Nursing Care Moulage Kit Erler-Zimmer Nursing Care Moulage Kit"},"content":{"rendered":"<h2><strong>\u201eErler-Zimmer GmbH & Co. KG\u201d slaugos mulia\u017eai<\/strong>:<\/h2>\n<p>Modelis R11013:<\/p>\n<ul>\n<li>Da\u017e\u0101du slim\u012bbu, spiediena un \u0137irur\u0123iski izrais\u012btu br\u016b\u010du maketi<\/li>\n<li>Piem\u0113rots kl\u012bniskajai apr\u016bpei, sertific\u0113tiem m\u0101su asistentiem, \u0137irur\u0123iskajiem tehni\u0137iem vai paramedic\u012bnas discipl\u012bn\u0101m<\/li>\n<li>Izstr\u0101d\u0101ts, lai pal\u012bdz\u0113tu prakti\u0137iem izprast pacientu \u0101rst\u0113\u0161anu<\/li>\n<li>Komplekt\u0101 iek\u013cautas sviedru un vem\u0161anas pudeles<\/li>\n<li>Iepakots iztur\u012bg\u0101 kast\u0113 \u0113rtai uzglab\u0101\u0161anai un transport\u0113\u0161anai<\/li>\n<\/ul>\n<h3>Slaugos mulia\u017eai \u2013 <a href=\"http:\/\/labostera.lt\/lv\/product-brand\/erler-zimmer-gmbh-co-kg\/\">Erlera-Zimmera anatomijas grupa<\/a><\/h3>\n<p>Vair\u0101k inform\u0101cijas: <a href=\"https:\/\/erler-zimmer.de\/en\/Nursing-Care-Moulage-Kit\/R11013\" target=\"_blank\" rel=\"noopener nofollow\">ra\u017eot\u0101ja t\u012bmek\u013ca vietn\u0113<\/a> vai nos\u016btiet mums piepras\u012bjumu!<\/p>","protected":false},"excerpt":{"rendered":"<p>Erler-Zimmer m\u0101su manekeni \u2013 da\u017e\u0101du slim\u012bbu, spiediena un \u0137irur\u0123isko br\u016b\u010du manekeni. Piem\u0113roti medm\u0101s\u0101m, lai izprastu pacientu \u0101rst\u0113\u0161anu.<\/p>","protected":false},"featured_media":20575,"template":"","meta":[],"product_cat":[75,79],"product_tag":[692,831,832,829,830,577,690,833,490,962],"class_list":{"0":"post-20571","1":"product","2":"type-product","3":"status-publish","4":"has-post-thumbnail","6":"product_brand-erler-zimmer-gmbh-co-kg","7":"product_cat-modeliai-manekenai-muliazai","8":"product_cat-mokymo-priemones-ir-iranga","9":"product_tag-erler-zimmer-gmbh-co-kg","10":"product_tag-medical-models","11":"product_tag-medical-simulators","12":"product_tag-medicininiai-modeliai","13":"product_tag-medicininiai-simuliatoriai","14":"product_tag-modeliai","15":"product_tag-models","16":"product_tag-simulatoriai","17":"product_tag-simulators","18":"product_tag-slaugos-muliazai","20":"first","21":"onbackorder","22":"shipping-taxable","23":"purchasable","24":"product-type-simple"},"_links":{"self":[{"href":"https:\/\/labostera.lt\/lv\/wp-json\/wp\/v2\/product\/20571","targetHints":{"allow":["GET"]}}],"collection":[{"href":"https:\/\/labostera.lt\/lv\/wp-json\/wp\/v2\/product"}],"about":[{"href":"https:\/\/labostera.lt\/lv\/wp-json\/wp\/v2\/types\/product"}],"wp:featuredmedia":[{"embeddable":true,"href":"https:\/\/labostera.lt\/lv\/wp-json\/wp\/v2\/media\/20575"}],"wp:attachment":[{"href":"https:\/\/labostera.lt\/lv\/wp-json\/wp\/v2\/media?parent=20571"}],"wp:term":[{"taxonomy":"product_cat","embeddable":true,"href":"https:\/\/labostera.lt\/lv\/wp-json\/wp\/v2\/product_cat?post=20571"},{"taxonomy":"product_tag","embeddable":true,"href":"https:\/\/labostera.lt\/lv\/wp-json\/wp\/v2\/product_tag?post=20571"}],"curies":[{"name":"wp","href":"https:\/\/api.w.org\/{rel}","templated":true}]}}