{"id":20552,"date":"2024-04-10T10:49:14","date_gmt":"2024-04-10T07:49:14","guid":{"rendered":"http:\/\/labostera.lt\/?post_type=product&#038;p=20552"},"modified":"2024-10-18T15:19:35","modified_gmt":"2024-10-18T12:19:35","slug":"chirurginiu-zaizdu-muliazai-erler-zimmer-surgical-wound-moulages","status":"publish","type":"product","link":"https:\/\/labostera.lt\/lv\/priemones-ir-iranga\/mokymo-priemones-ir-iranga\/modeliai-manekenai-muliazai\/chirurginiu-zaizdu-muliazai-erler-zimmer-surgical-wound-moulages\/","title":{"rendered":"Erler-Zimmer \u0137irur\u0123isko br\u016b\u010du moul\u0101\u017eas"},"content":{"rendered":"<h2><strong>\u201eErler-Zimmer GmbH &amp; Co. KG \u0137irur\u0123isko br\u016b\u010du mode\u013ci<\/strong>:<\/h2>\n<p>Br\u016b\u010du maketi ir izgatavoti no \u0101dai draudz\u012bga materi\u0101la un piel\u012bp pie standarta pacienta, manekena vai pievienot\u0101s pamatnes \u0101das. Maketus var piestiprin\u0101t pie jebkuras \u0137erme\u0146a da\u013cas, piem\u0113ram, virs ce\u013ca, lai imit\u0113tu br\u016bci p\u0113c ce\u013ca loc\u012btavas endoprotez\u0113\u0161anas oper\u0101cijas, vai uz v\u0113dera, lai imit\u0113tu \u0137eizargriezienu. M\u012bkstais materi\u0101ls kustas l\u012bdzi \u0137ermenim un to var piestiprin\u0101t pie loc\u012btav\u0101m. Ja makets vairs stingri nel\u012bp, vienk\u0101r\u0161i noslaukiet t\u0101 aizmuguri ar spirtu, un tas atkal stingri piel\u012bm\u0113s. Ja pl\u0101nota maketa ilgsto\u0161a lieto\u0161ana, iesak\u0101m speci\u0101lu \u0101das l\u012bmi. Izm\u0113rs \u2013 22 cm.<\/p>\n<ul>\n<li>Modelis PW009A \u2013 bez v\u012btnes<\/li>\n<li>Modelis PW009B \u2013 ar v\u012btni<\/li>\n<li>Modelis PW009C \u2013 ar skavot\u0101ju<\/li>\n<\/ul>\n<h3>\u0136irur\u0123isko br\u016b\u010du mode\u013ci \u2013 <a href=\"http:\/\/labostera.lt\/lv\/product-brand\/erler-zimmer-gmbh-co-kg\/\">Erlera-Zimmera anatomijas grupa<\/a><\/h3>\n<p>Vair\u0101k inform\u0101cijas: <a href=\"https:\/\/erler-zimmer.de\/en\/Surgical-wound-without-suture-22cm\/PW009A\" target=\"_blank\" rel=\"noopener nofollow\">ra\u017eot\u0101ja t\u012bmek\u013ca vietn\u0113<\/a> vai nos\u016btiet mums piepras\u012bjumu!<\/p>","protected":false},"excerpt":{"rendered":"<p>Erler-Zimmer \u0137irur\u0123isko br\u016b\u010du manekeni \u2013 da\u017e\u0101di \u0137irur\u0123iskie manekeni ar un bez \u0161uv\u0113m vai skav\u0101m. Lielisks m\u0101c\u012bbu l\u012bdzeklis.<\/p>","protected":false},"featured_media":20567,"template":"","meta":[],"product_cat":[75,79],"product_tag":[961,692,831,832,829,830,577,690,833,490],"class_list":{"0":"post-20552","1":"product","2":"type-product","3":"status-publish","4":"has-post-thumbnail","6":"product_brand-erler-zimmer-gmbh-co-kg","7":"product_cat-modeliai-manekenai-muliazai","8":"product_cat-mokymo-priemones-ir-iranga","9":"product_tag-chirurginiu-zaizdu-muliazai","10":"product_tag-erler-zimmer-gmbh-co-kg","11":"product_tag-medical-models","12":"product_tag-medical-simulators","13":"product_tag-medicininiai-modeliai","14":"product_tag-medicininiai-simuliatoriai","15":"product_tag-modeliai","16":"product_tag-models","17":"product_tag-simulatoriai","18":"product_tag-simulators","20":"first","21":"onbackorder","22":"shipping-taxable","23":"purchasable","24":"product-type-variable"},"_links":{"self":[{"href":"https:\/\/labostera.lt\/lv\/wp-json\/wp\/v2\/product\/20552","targetHints":{"allow":["GET"]}}],"collection":[{"href":"https:\/\/labostera.lt\/lv\/wp-json\/wp\/v2\/product"}],"about":[{"href":"https:\/\/labostera.lt\/lv\/wp-json\/wp\/v2\/types\/product"}],"wp:featuredmedia":[{"embeddable":true,"href":"https:\/\/labostera.lt\/lv\/wp-json\/wp\/v2\/media\/20567"}],"wp:attachment":[{"href":"https:\/\/labostera.lt\/lv\/wp-json\/wp\/v2\/media?parent=20552"}],"wp:term":[{"taxonomy":"product_cat","embeddable":true,"href":"https:\/\/labostera.lt\/lv\/wp-json\/wp\/v2\/product_cat?post=20552"},{"taxonomy":"product_tag","embeddable":true,"href":"https:\/\/labostera.lt\/lv\/wp-json\/wp\/v2\/product_tag?post=20552"}],"curies":[{"name":"wp","href":"https:\/\/api.w.org\/{rel}","templated":true}]}}