{"id":20527,"date":"2024-04-10T09:01:41","date_gmt":"2024-04-10T06:01:41","guid":{"rendered":"http:\/\/labostera.lt\/?post_type=product&#038;p=20527"},"modified":"2024-10-18T15:19:36","modified_gmt":"2024-10-18T12:19:36","slug":"lipnus-zaizdu-muliazai-erler-zimmer-self-adhesive-wound-moulages","status":"publish","type":"product","link":"https:\/\/labostera.lt\/lv\/priemones-ir-iranga\/mokymo-priemones-ir-iranga\/modeliai-manekenai-muliazai\/lipnus-zaizdu-muliazai-erler-zimmer-self-adhesive-wound-moulages\/","title":{"rendered":"Erler-Zimmer pa\u0161l\u012bm\u0113jo\u0161\u0101s br\u016b\u010du moul\u0101\u017eas"},"content":{"rendered":"<h2><strong>Erler-Zimmer GmbH &amp; Co. KG l\u012bm\u0113jo\u0161ie br\u016b\u010du p\u0101rs\u0113ji<\/strong>:<\/h2>\n<p>\u0160ie l\u012bm\u0113jo\u0161ie br\u016b\u010du mode\u013ci ir lielisks instruments demonstr\u0101cij\u0101m un praksei, att\u0113lojot da\u017e\u0101das br\u016b\u010du stadijas un izm\u0113rus. Visi izmantotie materi\u0101li ir dermatolo\u0123iski dro\u0161i.<\/p>\n<ul>\n<li>PW002A \u2013 Eksudat\u012bv\u0101 f\u0101ze, maza, venoza<\/li>\n<li>PW002B \u2013 Granul\u0101cijas f\u0101ze, maza, venoza<\/li>\n<li>PW002C \u2013 Epiteliz\u0101cijas f\u0101ze, maza, venoza<\/li>\n<li>PW003A \u2013 Eksudat\u012bv\u0101 f\u0101ze, liela, venoza<\/li>\n<li>PW003B \u2013 Granul\u0101cijas f\u0101ze, liela, venoza<\/li>\n<li>PW003C \u2013 Epiteliz\u0101cijas f\u0101ze, liela, venoza<\/li>\n<li>PW004A \u2013 Eksudat\u012bv\u0101 f\u0101ze, maza, arteri\u0101la<\/li>\n<li>PW004B \u2013 Granul\u0101cijas f\u0101ze, maza, arteri\u0101la<\/li>\n<li>PW004C \u2013 Epiteliz\u0101cijas f\u0101ze, maza, arteri\u0101la<\/li>\n<li>PW005A \u2013 eksudat\u012bv\u0101 f\u0101ze, liela, arteri\u0101la<\/li>\n<li>PW005B \u2013 Granul\u0101cijas f\u0101ze, liela, arteri\u0101la<\/li>\n<li>PW005C \u2013 Epiteliz\u0101cijas f\u0101ze, liela, arteri\u0101la<\/li>\n<\/ul>\n<h3>L\u012bm\u0113jo\u0161ie br\u016b\u010du p\u0101rs\u0113ji \u2013 <a href=\"http:\/\/labostera.lt\/lv\/product-brand\/erler-zimmer-gmbh-co-kg\/\">Erlera-Zimmera anatomijas grupa<\/a><\/h3>\n<p>Vair\u0101k inform\u0101cijas: <a href=\"https:\/\/erler-zimmer.de\/en\/Wound-moulage-venous-leg-ulcer-small-exudation-phase\/PW002A\" target=\"_blank\" rel=\"noopener nofollow\">ra\u017eot\u0101ja t\u012bmek\u013ca vietn\u0113<\/a> vai nos\u016btiet mums piepras\u012bjumu!<\/p>","protected":false},"excerpt":{"rendered":"<p>Erler-Zimmer l\u012bm\u0113jo\u0161ie br\u016b\u010du p\u0101rs\u0113ji \u2013 da\u017e\u0101du f\u0101\u017eu un izm\u0113ru venozo un arteri\u0101lo br\u016b\u010du l\u012bm\u0113jo\u0161ie p\u0101rs\u0113ji. Lielisks instruments demonstr\u0101cij\u0101m un praksei.<\/p>","protected":false},"featured_media":20540,"template":"","meta":[],"product_cat":[75,79],"product_tag":[692,960,831,832,829,830,577,690,833,490],"class_list":{"0":"post-20527","1":"product","2":"type-product","3":"status-publish","4":"has-post-thumbnail","6":"product_brand-erler-zimmer-gmbh-co-kg","7":"product_cat-modeliai-manekenai-muliazai","8":"product_cat-mokymo-priemones-ir-iranga","9":"product_tag-erler-zimmer-gmbh-co-kg","10":"product_tag-lipnus-zaizdu-muliazai","11":"product_tag-medical-models","12":"product_tag-medical-simulators","13":"product_tag-medicininiai-modeliai","14":"product_tag-medicininiai-simuliatoriai","15":"product_tag-modeliai","16":"product_tag-models","17":"product_tag-simulatoriai","18":"product_tag-simulators","20":"first","21":"onbackorder","22":"shipping-taxable","23":"purchasable","24":"product-type-variable"},"_links":{"self":[{"href":"https:\/\/labostera.lt\/lv\/wp-json\/wp\/v2\/product\/20527","targetHints":{"allow":["GET"]}}],"collection":[{"href":"https:\/\/labostera.lt\/lv\/wp-json\/wp\/v2\/product"}],"about":[{"href":"https:\/\/labostera.lt\/lv\/wp-json\/wp\/v2\/types\/product"}],"wp:featuredmedia":[{"embeddable":true,"href":"https:\/\/labostera.lt\/lv\/wp-json\/wp\/v2\/media\/20540"}],"wp:attachment":[{"href":"https:\/\/labostera.lt\/lv\/wp-json\/wp\/v2\/media?parent=20527"}],"wp:term":[{"taxonomy":"product_cat","embeddable":true,"href":"https:\/\/labostera.lt\/lv\/wp-json\/wp\/v2\/product_cat?post=20527"},{"taxonomy":"product_tag","embeddable":true,"href":"https:\/\/labostera.lt\/lv\/wp-json\/wp\/v2\/product_tag?post=20527"}],"curies":[{"name":"wp","href":"https:\/\/api.w.org\/{rel}","templated":true}]}}