{"id":20524,"date":"2024-04-09T16:04:19","date_gmt":"2024-04-09T13:04:19","guid":{"rendered":"http:\/\/labostera.lt\/?post_type=product&#038;p=20524"},"modified":"2024-10-18T15:16:20","modified_gmt":"2024-10-18T12:16:20","slug":"pazangus-ostomijos-simuliatorius-erler-zimmer-otto-ostomy-advanced-simulator","status":"publish","type":"product","link":"https:\/\/labostera.lt\/lv\/priemones-ir-iranga\/mokymo-priemones-ir-iranga\/medicininiai-simuliatoriai\/pazangus-ostomijos-simuliatorius-erler-zimmer-otto-ostomy-advanced-simulator\/","title":{"rendered":"Erlera-Zimera \u201cOtto\u201d stomas simulators padzi\u013citam pielietojumam"},"content":{"rendered":"<h2><strong>Erler-Zimmer GmbH &amp; Co. KG uzlabots stomas simulators<\/strong>:<\/h2>\n<ul>\n<li>Modelis R11009:<\/li>\n<li>Uzlabotaj\u0101 Otto stomas komplekt\u0101 ietilpst da\u017e\u0101da izm\u0113ra un formas stomas, org\u0101nu mode\u013ci un citi piederumi.<\/li>\n<li>Izgl\u012bt\u012bbas nol\u016bkos stomu ievieto\u0161anai tiek izmantots caursp\u012bd\u012bgs rumpja modelis ar org\u0101nu mode\u013cu kr\u0101sainiem att\u0113liem.<\/li>\n<li>Torsu var viegli no\u0146emt no alum\u012bnija pamatnes, kas atvieglo org\u0101nu apguvi un manipul\u0101ciju ar tiem.<\/li>\n<\/ul>\n<h3>Uzlaboti stomas simulatori \u2013 <a href=\"http:\/\/labostera.lt\/lv\/product-brand\/erler-zimmer-gmbh-co-kg\/\">Erlera-Zimmera anatomijas grupa<\/a><\/h3>\n<p>Vair\u0101k inform\u0101cijas: <a href=\"https:\/\/erler-zimmer.de\/en\/Ostomy-Care-Model\/R10132\" target=\"_blank\" rel=\"noopener nofollow\">ra\u017eot\u0101ja t\u012bmek\u013ca vietn\u0113<\/a> vai nos\u016btiet mums piepras\u012bjumu!<\/p>","protected":false},"excerpt":{"rendered":"<p>Erlera-Zimera \u201cOtto\u201d uzlabotais stomas simulators \u2013 caursp\u012bd\u012bgs rumpis ar da\u017e\u0101da izm\u0113ra stom\u0101m un kr\u0101sainiem org\u0101nu mode\u013ciem. <\/p>","protected":false},"featured_media":20525,"template":"","meta":[],"product_cat":[838,75,79],"product_tag":[692,831,832,829,830,577,690,959,833,490],"class_list":{"0":"post-20524","1":"product","2":"type-product","3":"status-publish","4":"has-post-thumbnail","6":"product_brand-erler-zimmer-gmbh-co-kg","7":"product_cat-medicininiai-simuliatoriai","8":"product_cat-modeliai-manekenai-muliazai","9":"product_cat-mokymo-priemones-ir-iranga","10":"product_tag-erler-zimmer-gmbh-co-kg","11":"product_tag-medical-models","12":"product_tag-medical-simulators","13":"product_tag-medicininiai-modeliai","14":"product_tag-medicininiai-simuliatoriai","15":"product_tag-modeliai","16":"product_tag-models","17":"product_tag-ostomijos-simuliatoriai","18":"product_tag-simulatoriai","19":"product_tag-simulators","21":"first","22":"onbackorder","23":"shipping-taxable","24":"purchasable","25":"product-type-simple"},"_links":{"self":[{"href":"https:\/\/labostera.lt\/lv\/wp-json\/wp\/v2\/product\/20524","targetHints":{"allow":["GET"]}}],"collection":[{"href":"https:\/\/labostera.lt\/lv\/wp-json\/wp\/v2\/product"}],"about":[{"href":"https:\/\/labostera.lt\/lv\/wp-json\/wp\/v2\/types\/product"}],"wp:featuredmedia":[{"embeddable":true,"href":"https:\/\/labostera.lt\/lv\/wp-json\/wp\/v2\/media\/20525"}],"wp:attachment":[{"href":"https:\/\/labostera.lt\/lv\/wp-json\/wp\/v2\/media?parent=20524"}],"wp:term":[{"taxonomy":"product_cat","embeddable":true,"href":"https:\/\/labostera.lt\/lv\/wp-json\/wp\/v2\/product_cat?post=20524"},{"taxonomy":"product_tag","embeddable":true,"href":"https:\/\/labostera.lt\/lv\/wp-json\/wp\/v2\/product_tag?post=20524"}],"curies":[{"name":"wp","href":"https:\/\/api.w.org\/{rel}","templated":true}]}}