{"id":20522,"date":"2024-04-09T15:10:48","date_gmt":"2024-04-09T12:10:48","guid":{"rendered":"http:\/\/labostera.lt\/?post_type=product&#038;p=20522"},"modified":"2024-10-18T15:16:22","modified_gmt":"2024-10-18T12:16:22","slug":"ostomijos-prieziuros-modelis-erler-zimmer-ostomy-care-model","status":"publish","type":"product","link":"https:\/\/labostera.lt\/lv\/priemones-ir-iranga\/mokymo-priemones-ir-iranga\/modeliai-manekenai-muliazai\/ostomijos-prieziuros-modelis-erler-zimmer-ostomy-care-model\/","title":{"rendered":"Erlera-Zimmera stomas apr\u016bpes modelis"},"content":{"rendered":"<h2><strong>Erler-Zimmer GmbH &amp; Co. KG stomas apr\u016bpes modelis<\/strong>:<\/h2>\n<ul>\n<li>Modelis R10132:<\/li>\n<li>\u0160im modelim ir \u010detras stomas, kuras var iee\u013c\u013cot ar ziedi un papla\u0161in\u0101t, ievietojot pirkstu.<\/li>\n<li>Modeli var mazg\u0101t, p\u0101rkl\u0101t ar \u0123ip\u0161a p\u0101rs\u0113ju vai piestiprin\u0101t pie stomas maisi\u0146iem.<\/li>\n<li>N\u0101k komplekt\u0101 ar lubrikantu.<\/li>\n<\/ul>\n<h3>Stomijas apr\u016bpes mode\u013ci \u2013 <a href=\"http:\/\/labostera.lt\/lv\/product-brand\/erler-zimmer-gmbh-co-kg\/\">Erlera-Zimmera anatomijas grupa<\/a><\/h3>\n<p>Vair\u0101k inform\u0101cijas: <a href=\"https:\/\/erler-zimmer.de\/en\/Ostomy-Care-Model\/R10132\" target=\"_blank\" rel=\"noopener nofollow\">ra\u017eot\u0101ja t\u012bmek\u013ca vietn\u0113<\/a> vai nos\u016btiet mums piepras\u012bjumu!<\/p>","protected":false},"excerpt":{"rendered":"<p>Erlera-Zimmera stomas apr\u016bpes modelis \u2013 modelis ar \u010detr\u0101m stom\u0101m stomas apr\u016bpes praktiz\u0113\u0161anai.<\/p>","protected":false},"featured_media":20523,"template":"","meta":[],"product_cat":[75,79],"product_tag":[692,831,832,829,830,577,690,958,833,490],"class_list":{"0":"post-20522","1":"product","2":"type-product","3":"status-publish","4":"has-post-thumbnail","6":"product_brand-erler-zimmer-gmbh-co-kg","7":"product_cat-modeliai-manekenai-muliazai","8":"product_cat-mokymo-priemones-ir-iranga","9":"product_tag-erler-zimmer-gmbh-co-kg","10":"product_tag-medical-models","11":"product_tag-medical-simulators","12":"product_tag-medicininiai-modeliai","13":"product_tag-medicininiai-simuliatoriai","14":"product_tag-modeliai","15":"product_tag-models","16":"product_tag-ostomijos-prieziuros-modeliai","17":"product_tag-simulatoriai","18":"product_tag-simulators","20":"first","21":"onbackorder","22":"shipping-taxable","23":"purchasable","24":"product-type-simple"},"_links":{"self":[{"href":"https:\/\/labostera.lt\/lv\/wp-json\/wp\/v2\/product\/20522","targetHints":{"allow":["GET"]}}],"collection":[{"href":"https:\/\/labostera.lt\/lv\/wp-json\/wp\/v2\/product"}],"about":[{"href":"https:\/\/labostera.lt\/lv\/wp-json\/wp\/v2\/types\/product"}],"wp:featuredmedia":[{"embeddable":true,"href":"https:\/\/labostera.lt\/lv\/wp-json\/wp\/v2\/media\/20523"}],"wp:attachment":[{"href":"https:\/\/labostera.lt\/lv\/wp-json\/wp\/v2\/media?parent=20522"}],"wp:term":[{"taxonomy":"product_cat","embeddable":true,"href":"https:\/\/labostera.lt\/lv\/wp-json\/wp\/v2\/product_cat?post=20522"},{"taxonomy":"product_tag","embeddable":true,"href":"https:\/\/labostera.lt\/lv\/wp-json\/wp\/v2\/product_tag?post=20522"}],"curies":[{"name":"wp","href":"https:\/\/api.w.org\/{rel}","templated":true}]}}