{"id":20519,"date":"2024-04-09T14:04:50","date_gmt":"2024-04-09T11:04:50","guid":{"rendered":"http:\/\/labostera.lt\/?post_type=product&#038;p=20519"},"modified":"2024-10-18T15:16:23","modified_gmt":"2024-10-18T12:16:23","slug":"ostomijos-prieziuros-simuliatorius-erler-zimmer-ostomy-care-simulator-2","status":"publish","type":"product","link":"https:\/\/labostera.lt\/lv\/priemones-ir-iranga\/mokymo-priemones-ir-iranga\/medicininiai-simuliatoriai\/ostomijos-prieziuros-simuliatorius-erler-zimmer-ostomy-care-simulator-2\/","title":{"rendered":"Stomas apr\u016bpes simulators Erler-Zimmer stomas apr\u016bpes simulators"},"content":{"rendered":"<h2><strong>Erler-Zimmer GmbH &amp; Co. KG stomas apr\u016bpes simulators<\/strong>:<\/h2>\n<ul>\n<li>Modelis R10133:<\/li>\n<li>\u0160is simulators atjauno v\u0113dera zonu, par\u0101dot gan kolostomijas, gan ileostomijas anatomisko strukt\u016bru, nodro\u0161inot re\u0101listisku funkcijas un izskata att\u0113lojumu.<\/li>\n<li>Stomas papla\u0161in\u0101\u0161anu var demonstr\u0113t un praktiz\u0113t kop\u0101 ar p\u0113coper\u0101cijas un past\u0101v\u012bgo stomas maisi\u0146u ievieto\u0161anas proced\u016bru.<\/li>\n<li>Kolostomu var mazg\u0101t.<\/li>\n<li>\u0160\u0137idrumus var ats\u016bkn\u0113t no ileostomijas (\u016bdens) un kolostomijas (imit\u0113tas f\u0113ces), izmantojot \u0161\u013circes.<\/li>\n<li>N\u0101k komplekt\u0101 ar imit\u0113tiem kr\u0113sliem un \u010demod\u0101nu.<\/li>\n<\/ul>\n<h3>Stomas apr\u016bpes simulatori \u2013 <a href=\"http:\/\/labostera.lt\/lv\/product-brand\/erler-zimmer-gmbh-co-kg\/\">Erlera-Zimmera anatomijas grupa<\/a><\/h3>\n<p>Vair\u0101k inform\u0101cijas: <a href=\"https:\/\/erler-zimmer.de\/en\/Ostomy-Care-Simulator\/R10133\" target=\"_blank\" rel=\"noopener nofollow\">ra\u017eot\u0101ja t\u012bmek\u013ca vietn\u0113<\/a> vai nos\u016btiet mums piepras\u012bjumu!<\/p>","protected":false},"excerpt":{"rendered":"<p>Erlera-Zimmera stomas apr\u016bpes simulators \u2013 re\u0101listisks simulators ar kolostomijas un ileostomijas anatomiju. Praktiz\u0113jiet stomas proced\u016bras.<\/p>","protected":false},"featured_media":20520,"template":"","meta":[],"product_cat":[838,75,79],"product_tag":[692,831,832,829,830,577,690,956,833,490],"class_list":{"0":"post-20519","1":"product","2":"type-product","3":"status-publish","4":"has-post-thumbnail","6":"product_brand-erler-zimmer-gmbh-co-kg","7":"product_cat-medicininiai-simuliatoriai","8":"product_cat-modeliai-manekenai-muliazai","9":"product_cat-mokymo-priemones-ir-iranga","10":"product_tag-erler-zimmer-gmbh-co-kg","11":"product_tag-medical-models","12":"product_tag-medical-simulators","13":"product_tag-medicininiai-modeliai","14":"product_tag-medicininiai-simuliatoriai","15":"product_tag-modeliai","16":"product_tag-models","17":"product_tag-ostomijos-prieziuros-simuliatoriai","18":"product_tag-simulatoriai","19":"product_tag-simulators","21":"first","22":"onbackorder","23":"shipping-taxable","24":"purchasable","25":"product-type-simple"},"_links":{"self":[{"href":"https:\/\/labostera.lt\/lv\/wp-json\/wp\/v2\/product\/20519","targetHints":{"allow":["GET"]}}],"collection":[{"href":"https:\/\/labostera.lt\/lv\/wp-json\/wp\/v2\/product"}],"about":[{"href":"https:\/\/labostera.lt\/lv\/wp-json\/wp\/v2\/types\/product"}],"wp:featuredmedia":[{"embeddable":true,"href":"https:\/\/labostera.lt\/lv\/wp-json\/wp\/v2\/media\/20520"}],"wp:attachment":[{"href":"https:\/\/labostera.lt\/lv\/wp-json\/wp\/v2\/media?parent=20519"}],"wp:term":[{"taxonomy":"product_cat","embeddable":true,"href":"https:\/\/labostera.lt\/lv\/wp-json\/wp\/v2\/product_cat?post=20519"},{"taxonomy":"product_tag","embeddable":true,"href":"https:\/\/labostera.lt\/lv\/wp-json\/wp\/v2\/product_tag?post=20519"}],"curies":[{"name":"wp","href":"https:\/\/api.w.org\/{rel}","templated":true}]}}