{"id":20517,"date":"2024-04-09T13:04:13","date_gmt":"2024-04-09T10:04:13","guid":{"rendered":"http:\/\/labostera.lt\/?post_type=product&#038;p=20517"},"modified":"2024-10-18T15:16:25","modified_gmt":"2024-10-18T12:16:25","slug":"ostomijos-maiseliu-treniruoklis-erler-zimmer-ostomy-pouching-trainer","status":"publish","type":"product","link":"https:\/\/labostera.lt\/lv\/priemones-ir-iranga\/mokymo-priemones-ir-iranga\/modeliai-manekenai-muliazai\/ostomijos-maiseliu-treniruoklis-erler-zimmer-ostomy-pouching-trainer\/","title":{"rendered":"Stomas maisi\u0146u trena\u017eieris Erler-Zimmer Stomas maisi\u0146u trena\u017eieris"},"content":{"rendered":"<h2><strong>\u201eErler-Zimmer GmbH &amp; Co. KG stomas maisa trena\u017eieris<\/strong>:<\/h2>\n<ul>\n<li>Modelis R11054:<\/li>\n<li>\u0160is stomas maisi\u0146u trena\u017eieris pal\u012bdz pacientiem, vi\u0146u \u0123imen\u0113m un vesel\u012bbas apr\u016bpes speci\u0101listiem sagatavoties \u0161im dz\u012bvi maino\u0161ajam notikumam, uzlabojot vi\u0146u pirmo saskarsmi un turpm\u0101ko dz\u012bves kvalit\u0101ti.<\/li>\n<li>Tas \u013caus jums praktiz\u0113t pareizu maisi\u0146a uzlik\u0161anas tehniku, lai uztur\u0113tu vesel\u012bgu \u0101das st\u0101vokli un uzlabotu roku-acu koordin\u0101ciju.<\/li>\n<li>Pirmsoper\u0101cijas izgl\u012bt\u012bbas programma \u013cauj pacientiem un vi\u0146u \u0123imen\u0113m s\u0101kt m\u0101c\u012bties par stomij\u0101m pirms oper\u0101cijas, kad vi\u0146i ir maz\u0101k izol\u0113ti, t\u0101d\u0113j\u0101di mazinot trauksmi.<\/li>\n<li>Vi\u0146i var praktiz\u0113t \u010detru da\u017e\u0101du stomu lieto\u0161anu, no kur\u0101m katra var simul\u0113t izk\u0101rn\u012bjumu vai ur\u012bna izvad\u012b\u0161anu.<\/li>\n<\/ul>\n<h3>Stomas maisi\u0146u sporta apavi \u2013 <a href=\"http:\/\/labostera.lt\/lv\/product-brand\/erler-zimmer-gmbh-co-kg\/\">Erlera-Zimmera anatomijas grupa<\/a><\/h3>\n<p>Vair\u0101k inform\u0101cijas: <a href=\"https:\/\/erler-zimmer.de\/en\/Ostomy-Pouching-Trainer\/R11054\" target=\"_blank\" rel=\"noopener nofollow\">ra\u017eot\u0101ja t\u012bmek\u013ca vietn\u0113<\/a> vai nos\u016btiet mums piepras\u012bjumu!<\/p>","protected":false},"excerpt":{"rendered":"<p>Erler-Zimmer stomas maisi\u0146u trena\u017eieris \u2014 sagatavojieties dz\u012bvi maino\u0161am notikumam un uzlabojiet maisi\u0146a uzlik\u0161anas tehniku.<\/p>","protected":false},"featured_media":20518,"template":"","meta":[],"product_cat":[75,79],"product_tag":[692,831,832,829,830,577,690,957,833,490],"class_list":{"0":"post-20517","1":"product","2":"type-product","3":"status-publish","4":"has-post-thumbnail","6":"product_brand-erler-zimmer-gmbh-co-kg","7":"product_cat-modeliai-manekenai-muliazai","8":"product_cat-mokymo-priemones-ir-iranga","9":"product_tag-erler-zimmer-gmbh-co-kg","10":"product_tag-medical-models","11":"product_tag-medical-simulators","12":"product_tag-medicininiai-modeliai","13":"product_tag-medicininiai-simuliatoriai","14":"product_tag-modeliai","15":"product_tag-models","16":"product_tag-ostomijos-maiseliu-treniruokliai","17":"product_tag-simulatoriai","18":"product_tag-simulators","20":"first","21":"onbackorder","22":"shipping-taxable","23":"purchasable","24":"product-type-simple"},"_links":{"self":[{"href":"https:\/\/labostera.lt\/lv\/wp-json\/wp\/v2\/product\/20517","targetHints":{"allow":["GET"]}}],"collection":[{"href":"https:\/\/labostera.lt\/lv\/wp-json\/wp\/v2\/product"}],"about":[{"href":"https:\/\/labostera.lt\/lv\/wp-json\/wp\/v2\/types\/product"}],"wp:featuredmedia":[{"embeddable":true,"href":"https:\/\/labostera.lt\/lv\/wp-json\/wp\/v2\/media\/20518"}],"wp:attachment":[{"href":"https:\/\/labostera.lt\/lv\/wp-json\/wp\/v2\/media?parent=20517"}],"wp:term":[{"taxonomy":"product_cat","embeddable":true,"href":"https:\/\/labostera.lt\/lv\/wp-json\/wp\/v2\/product_cat?post=20517"},{"taxonomy":"product_tag","embeddable":true,"href":"https:\/\/labostera.lt\/lv\/wp-json\/wp\/v2\/product_tag?post=20517"}],"curies":[{"name":"wp","href":"https:\/\/api.w.org\/{rel}","templated":true}]}}