{"id":20515,"date":"2024-04-09T11:05:14","date_gmt":"2024-04-09T08:05:14","guid":{"rendered":"http:\/\/labostera.lt\/?post_type=product&#038;p=20515"},"modified":"2024-10-18T15:16:27","modified_gmt":"2024-10-18T12:16:27","slug":"ostomijos-prieziuros-simuliatorius-erler-zimmer-ostomy-care-simulator","status":"publish","type":"product","link":"https:\/\/labostera.lt\/lv\/priemones-ir-iranga\/mokymo-priemones-ir-iranga\/medicininiai-simuliatoriai\/ostomijos-prieziuros-simuliatorius-erler-zimmer-ostomy-care-simulator\/","title":{"rendered":"Stomas apr\u016bpes simulators Erler-Zimmer stomas apr\u016bpes simulators"},"content":{"rendered":"<h2><strong>Erler-Zimmer GmbH &amp; Co. KG stomas apr\u016bpes simulators<\/strong>:<\/h2>\n<ul>\n<li>Modelis R11045:<\/li>\n<li>\u0160is piln\u012bgais stomas apr\u016bpes simulators ir ide\u0101li piem\u0113rots stomas apr\u016bpes proced\u016bru demonstr\u0113\u0161anai un praktiz\u0113\u0161anai.<\/li>\n<li>Stomas anatomija ir r\u016bp\u012bgi atjaunota, lai nodro\u0161in\u0101tu t\u0101s dabisko funkcionalit\u0101ti un izskatu.<\/li>\n<li>Stomas izgatavo\u0161anai tiek izmantots m\u012bksts, elast\u012bgs materi\u0101ls, lai pan\u0101ktu visre\u0101listisk\u0101ko taustes saj\u016btu.<\/li>\n<li>Var demonstr\u0113t un praktiz\u0113t stomas papla\u0161in\u0101\u0161anu, k\u0101 ar\u012b p\u0113coper\u0101cijas un past\u0101v\u012bgu stomas maisi\u0146u lieto\u0161anu.<\/li>\n<li>Simulators sast\u0101v no trim viet\u0101m iz\u0146emam\u0101m stom\u0101m un past\u0101v\u012bgi ievilktas stomas apr\u016bpei.<\/li>\n<\/ul>\n<h3>Stomas apr\u016bpes simulatori \u2013 <a href=\"http:\/\/labostera.lt\/lv\/product-brand\/erler-zimmer-gmbh-co-kg\/\">Erlera-Zimmera anatomijas grupa<\/a><\/h3>\n<p>Vair\u0101k inform\u0101cijas: <a href=\"https:\/\/erler-zimmer.de\/en\/Complete-Ostomy-Care-Simulator\/R11045\" target=\"_blank\" rel=\"noopener nofollow\">ra\u017eot\u0101ja t\u012bmek\u013ca vietn\u0113<\/a> vai nos\u016btiet mums piepras\u012bjumu!<\/p>","protected":false},"excerpt":{"rendered":"<p>Erlera-Zimmera stomas apr\u016bpes simulators \u2014 ide\u0101ls modelis stomas apr\u016bpes proced\u016bru demonstr\u0113\u0161anai un praktiz\u0113\u0161anai.<\/p>","protected":false},"featured_media":20516,"template":"","meta":[],"product_cat":[838,75,79],"product_tag":[692,831,832,829,830,577,690,956,833,490],"class_list":{"0":"post-20515","1":"product","2":"type-product","3":"status-publish","4":"has-post-thumbnail","6":"product_brand-erler-zimmer-gmbh-co-kg","7":"product_cat-medicininiai-simuliatoriai","8":"product_cat-modeliai-manekenai-muliazai","9":"product_cat-mokymo-priemones-ir-iranga","10":"product_tag-erler-zimmer-gmbh-co-kg","11":"product_tag-medical-models","12":"product_tag-medical-simulators","13":"product_tag-medicininiai-modeliai","14":"product_tag-medicininiai-simuliatoriai","15":"product_tag-modeliai","16":"product_tag-models","17":"product_tag-ostomijos-prieziuros-simuliatoriai","18":"product_tag-simulatoriai","19":"product_tag-simulators","21":"first","22":"onbackorder","23":"shipping-taxable","24":"purchasable","25":"product-type-simple"},"_links":{"self":[{"href":"https:\/\/labostera.lt\/lv\/wp-json\/wp\/v2\/product\/20515","targetHints":{"allow":["GET"]}}],"collection":[{"href":"https:\/\/labostera.lt\/lv\/wp-json\/wp\/v2\/product"}],"about":[{"href":"https:\/\/labostera.lt\/lv\/wp-json\/wp\/v2\/types\/product"}],"wp:featuredmedia":[{"embeddable":true,"href":"https:\/\/labostera.lt\/lv\/wp-json\/wp\/v2\/media\/20516"}],"wp:attachment":[{"href":"https:\/\/labostera.lt\/lv\/wp-json\/wp\/v2\/media?parent=20515"}],"wp:term":[{"taxonomy":"product_cat","embeddable":true,"href":"https:\/\/labostera.lt\/lv\/wp-json\/wp\/v2\/product_cat?post=20515"},{"taxonomy":"product_tag","embeddable":true,"href":"https:\/\/labostera.lt\/lv\/wp-json\/wp\/v2\/product_tag?post=20515"}],"curies":[{"name":"wp","href":"https:\/\/api.w.org\/{rel}","templated":true}]}}