{"id":20508,"date":"2024-04-09T09:03:58","date_gmt":"2024-04-09T06:03:58","guid":{"rendered":"http:\/\/labostera.lt\/?post_type=product&#038;p=20508"},"modified":"2024-10-18T15:16:30","modified_gmt":"2024-10-18T12:16:30","slug":"ostomijos-prieziuros-mokymo-modeliu-rinkinys-erler-zimmer-ostomy-care-training-models-set","status":"publish","type":"product","link":"https:\/\/labostera.lt\/lv\/priemones-ir-iranga\/mokymo-priemones-ir-iranga\/modeliai-manekenai-muliazai\/ostomijos-prieziuros-mokymo-modeliu-rinkinys-erler-zimmer-ostomy-care-training-models-set\/","title":{"rendered":"Erlera-Zimmera stomas apr\u016bpes apm\u0101c\u012bbas mode\u013cu komplekts"},"content":{"rendered":"<h2><strong>Erler-Zimmer GmbH &amp; Co. KG stomas apr\u016bpes apm\u0101c\u012bbas mode\u013cu komplekts<\/strong>:<\/h2>\n<ul>\n<li>Modelis R11010:<\/li>\n<li>\u0160aj\u0101 komplekt\u0101 ietilpst 5 neatkar\u012bgi stomas apr\u016bpes apm\u0101c\u012bbas mode\u013ci: nefunkcion\u0113jo\u0161s divvirzienu stomas apr\u016bpes apm\u0101c\u012bbas modelis, nefunkcion\u0113jo\u0161as novirz\u012btas stomas apr\u016bpes apm\u0101c\u012bbas modelis, vesel\u012bgas stomas apr\u016bpes apm\u0101c\u012bbas modelis, infic\u0113tas funkcion\u0113jo\u0161as stomas apr\u016bpes apm\u0101c\u012bbas modelis un nekrotiski funkcion\u0113jo\u0161as stomas apr\u016bpes apm\u0101c\u012bbas modelis.<\/li>\n<li>\u0160\u012bs vien\u012bbas, kas paredz\u0113tas, lai iepaz\u012bstin\u0101tu pacientus un studentus ar stomas apr\u016bpes pamatprincipiem, ir ide\u0101li piem\u0113rotas stomas apr\u016bpes proced\u016bru demonstr\u0113\u0161anai un praktiz\u0113\u0161anai.<\/li>\n<li>Stomas anatomija ir r\u016bp\u012bgi atjaunota, lai nodro\u0161in\u0101tu t\u0101s dabisko funkcionalit\u0101ti un izskatu.<\/li>\n<li>Stomas izgatavo\u0161anai tiek izmantoti m\u012bksti, elast\u012bgi materi\u0101li, lai pan\u0101ktu visre\u0101listisk\u0101ko taustes saj\u016btu.<\/li>\n<li>Var demonstr\u0113t un praktiz\u0113t stomas papla\u0161in\u0101\u0161anu, k\u0101 ar\u012b p\u0113coper\u0101cijas un past\u0101v\u012bgu stomas maisi\u0146u lieto\u0161anu.<\/li>\n<\/ul>\n<h3>Stomijas apr\u016bpes apm\u0101c\u012bbas mode\u013cu komplekti \u2013 <a href=\"http:\/\/labostera.lt\/lv\/product-brand\/erler-zimmer-gmbh-co-kg\/\">Erlera-Zimmera anatomijas grupa<\/a><\/h3>\n<p>Vair\u0101k inform\u0101cijas: <a href=\"https:\/\/erler-zimmer.de\/en\/Ostomy-Care-Training-Models-Set\/R11010\" target=\"_blank\" rel=\"noopener nofollow\">ra\u017eot\u0101ja t\u012bmek\u013ca vietn\u0113<\/a> vai nos\u016btiet mums piepras\u012bjumu!<\/p>","protected":false},"excerpt":{"rendered":"<p>Erlera-Zimmera stomas apr\u016bpes apm\u0101c\u012bbu mode\u013cu komplekts \u2013 ietver 5 mode\u013cus, kas paredz\u0113ti, lai iepaz\u012bstin\u0101tu ar stomas apr\u016bpes principiem un tos praktiz\u0113tu. <\/p>","protected":false},"featured_media":20511,"template":"","meta":[],"product_cat":[75,79],"product_tag":[692,831,832,829,830,577,690,954,833,490],"class_list":{"0":"post-20508","1":"product","2":"type-product","3":"status-publish","4":"has-post-thumbnail","6":"product_brand-erler-zimmer-gmbh-co-kg","7":"product_cat-modeliai-manekenai-muliazai","8":"product_cat-mokymo-priemones-ir-iranga","9":"product_tag-erler-zimmer-gmbh-co-kg","10":"product_tag-medical-models","11":"product_tag-medical-simulators","12":"product_tag-medicininiai-modeliai","13":"product_tag-medicininiai-simuliatoriai","14":"product_tag-modeliai","15":"product_tag-models","16":"product_tag-ostomijos-prieziuros-mokymo-modeliu-rinkinai","17":"product_tag-simulatoriai","18":"product_tag-simulators","20":"first","21":"onbackorder","22":"shipping-taxable","23":"purchasable","24":"product-type-simple"},"_links":{"self":[{"href":"https:\/\/labostera.lt\/lv\/wp-json\/wp\/v2\/product\/20508","targetHints":{"allow":["GET"]}}],"collection":[{"href":"https:\/\/labostera.lt\/lv\/wp-json\/wp\/v2\/product"}],"about":[{"href":"https:\/\/labostera.lt\/lv\/wp-json\/wp\/v2\/types\/product"}],"wp:featuredmedia":[{"embeddable":true,"href":"https:\/\/labostera.lt\/lv\/wp-json\/wp\/v2\/media\/20511"}],"wp:attachment":[{"href":"https:\/\/labostera.lt\/lv\/wp-json\/wp\/v2\/media?parent=20508"}],"wp:term":[{"taxonomy":"product_cat","embeddable":true,"href":"https:\/\/labostera.lt\/lv\/wp-json\/wp\/v2\/product_cat?post=20508"},{"taxonomy":"product_tag","embeddable":true,"href":"https:\/\/labostera.lt\/lv\/wp-json\/wp\/v2\/product_tag?post=20508"}],"curies":[{"name":"wp","href":"https:\/\/api.w.org\/{rel}","templated":true}]}}