{"id":20503,"date":"2024-04-08T16:51:11","date_gmt":"2024-04-08T13:51:11","guid":{"rendered":"http:\/\/labostera.lt\/?post_type=product&#038;p=20503"},"modified":"2024-10-18T15:19:38","modified_gmt":"2024-10-18T12:19:38","slug":"pragulos-zaizdos-sakralinis-muliazas-erler-zimmer-wound-moulage-sacral-decubitus","status":"publish","type":"product","link":"https:\/\/labostera.lt\/lv\/priemones-ir-iranga\/mokymo-priemones-ir-iranga\/modeliai-manekenai-muliazai\/pragulos-zaizdos-sakralinis-muliazas-erler-zimmer-wound-moulage-sacral-decubitus\/","title":{"rendered":"Erlera-Zimmera br\u016b\u010du moul\u0101\u017ea Sacral Decubitus"},"content":{"rendered":"<h2><strong>Erler-Zimmer GmbH &amp; Co. KG Izgul\u0113jumu sakr\u0101l\u0101 mode\u013ca<\/strong>:<\/h2>\n<ul>\n<li>Modelis PW001A \u2013 Neapstr\u0101d\u0101ts:<\/li>\n<li>\u0160aj\u0101 model\u012b redzams krustu loc\u012btavas re\u0123ions ar ne\u0101rst\u0113tu izgul\u0113jumu. Audi atmirst no past\u0101v\u012bg\u0101 spiediena, un audu atmirsto\u0161\u0101s da\u013cas ir redzamas. Prec\u012bzu nekrozes laukuma lielumu nevar noteikt, un nepiecie\u0161ama \u0137irur\u0123iska \u0101rst\u0113\u0161ana. Manekens piel\u012bp pie simul\u0113tiem pacientiem vai manekeniem, un to var nostiprin\u0101t ar \u012bpa\u0161u \u0101das l\u012bmi ilg\u0101k\u0101m m\u0101c\u012bbu sesij\u0101m. Zarnu cilpa ir att\u0113lota, lai ilustr\u0113tu tipiskas probl\u0113mas, ietinot br\u016bci.<\/li>\n<li>Modelis PW001B \u2013 T\u012br\u012bts un apstr\u0101d\u0101ts:<\/li>\n<li>\u0160aj\u0101 model\u012b redzams sakr\u0101lais re\u0123ions ar spiediena br\u016bci p\u0113c \u0137irur\u0123iskas atmir\u0161anas. Nekrotiskie audi ir no\u0146emti, un ir redzamas br\u016b\u010du kabatas. Br\u016bci var att\u0113lot gan svaigi izt\u012br\u012btu, gan ar br\u016bces eksud\u0101tu. Modeli var izmantot, lai demonstr\u0113tu vakuuma br\u016b\u010du terapiju. Manekens piel\u012bp pie simul\u0113tiem pacientiem vai manekeniem, un to var nostiprin\u0101t ar \u012bpa\u0161u \u0101das l\u012bmi ilg\u0101k\u0101m m\u0101c\u012bbu sesij\u0101m. Zarnu cilpa ir att\u0113lota, lai ilustr\u0113tu tipiskas probl\u0113mas, ietinot br\u016bci.<\/li>\n<\/ul>\n<h3>Sakr\u0101lie d\u016brienu br\u016b\u010du mode\u013ci \u2013 <a href=\"http:\/\/labostera.lt\/lv\/product-brand\/erler-zimmer-gmbh-co-kg\/\">Erlera-Zimmera anatomijas grupa<\/a><\/h3>\n<p>Vair\u0101k inform\u0101cijas: <a href=\"https:\/\/erler-zimmer.de\/en\/Wound-moulage-sacral-decubitus-untreated\/PW001A\" target=\"_blank\" rel=\"noopener nofollow\">ra\u017eot\u0101ja t\u012bmek\u013ca vietn\u0113<\/a> vai nos\u016btiet mums piepras\u012bjumu!<\/p>","protected":false},"excerpt":{"rendered":"<p>Erlera-Zimmera spiediena br\u016b\u010du sakr\u0101l\u0101 manekens \u2013 manekeni att\u0113lo neapstr\u0101d\u0101tas un izt\u012br\u012btas sakr\u0101l\u0101 re\u0123iona spiediena br\u016bces, kas ir ide\u0101li piem\u0113rotas apm\u0101c\u012bbai.<\/p>","protected":false},"featured_media":20505,"template":"","meta":[],"product_cat":[75,79],"product_tag":[692,831,832,829,830,577,690,966,833,490],"class_list":{"0":"post-20503","1":"product","2":"type-product","3":"status-publish","4":"has-post-thumbnail","6":"product_brand-erler-zimmer-gmbh-co-kg","7":"product_cat-modeliai-manekenai-muliazai","8":"product_cat-mokymo-priemones-ir-iranga","9":"product_tag-erler-zimmer-gmbh-co-kg","10":"product_tag-medical-models","11":"product_tag-medical-simulators","12":"product_tag-medicininiai-modeliai","13":"product_tag-medicininiai-simuliatoriai","14":"product_tag-modeliai","15":"product_tag-models","16":"product_tag-pragulu-zaizdu-sakraliniai-muliazai","17":"product_tag-simulatoriai","18":"product_tag-simulators","20":"first","21":"onbackorder","22":"shipping-taxable","23":"purchasable","24":"product-type-variable"},"_links":{"self":[{"href":"https:\/\/labostera.lt\/lv\/wp-json\/wp\/v2\/product\/20503","targetHints":{"allow":["GET"]}}],"collection":[{"href":"https:\/\/labostera.lt\/lv\/wp-json\/wp\/v2\/product"}],"about":[{"href":"https:\/\/labostera.lt\/lv\/wp-json\/wp\/v2\/types\/product"}],"wp:featuredmedia":[{"embeddable":true,"href":"https:\/\/labostera.lt\/lv\/wp-json\/wp\/v2\/media\/20505"}],"wp:attachment":[{"href":"https:\/\/labostera.lt\/lv\/wp-json\/wp\/v2\/media?parent=20503"}],"wp:term":[{"taxonomy":"product_cat","embeddable":true,"href":"https:\/\/labostera.lt\/lv\/wp-json\/wp\/v2\/product_cat?post=20503"},{"taxonomy":"product_tag","embeddable":true,"href":"https:\/\/labostera.lt\/lv\/wp-json\/wp\/v2\/product_tag?post=20503"}],"curies":[{"name":"wp","href":"https:\/\/api.w.org\/{rel}","templated":true}]}}