{"id":20500,"date":"2024-04-08T16:11:23","date_gmt":"2024-04-08T13:11:23","guid":{"rendered":"http:\/\/labostera.lt\/?post_type=product&#038;p=20500"},"modified":"2024-10-18T15:16:33","modified_gmt":"2024-10-18T12:16:33","slug":"pragulu-simuliatorius-erler-zimmer-seymour-ii-decubitus-simulator","status":"publish","type":"product","link":"https:\/\/labostera.lt\/lv\/priemones-ir-iranga\/mokymo-priemones-ir-iranga\/medicininiai-simuliatoriai\/pragulu-simuliatorius-erler-zimmer-seymour-ii-decubitus-simulator\/","title":{"rendered":"Decubitus simulators Erler-Zimmer &quot;Seymour II&quot; Decubitus simulators"},"content":{"rendered":"<h2><strong>Erler-Zimmer GmbH &amp; Co. KG Seymour II spiediena \u010d\u016blas simulators<\/strong>:<\/h2>\n<ul>\n<li>Modelis R10073:<\/li>\n<li>\u0160is izgul\u0113jumu simulators ir izgatavots no unik\u0101la, elast\u012bga, dz\u012bv\u012bga materi\u0101la un ir lieliski piem\u0113rots iet\u012b\u0161anas praksei.<\/li>\n<li>Modelis ir balst\u012bts uz 74 gadus veca pacienta formu un par\u0101da \u0161\u0101das spiediena traumas: 1. stadija, 2. stadija, 3. stadija un 4. stadija. Tas ar\u012b liek dom\u0101t par dzi\u013co audu boj\u0101jumu (DTI), nav nekrozes\/traumas br\u016bces un 14 cm pl\u0113sumu nevar identific\u0113t. \u017diroskopa izm\u0113rs. Pieejama papildu p\u0101rn\u0113s\u0101\u0161anas soma.<\/li>\n<\/ul>\n<h3>Prologa simulatori \u2013 <a href=\"http:\/\/labostera.lt\/lv\/product-brand\/erler-zimmer-gmbh-co-kg\/\">Erlera-Zimmera anatomijas grupa<\/a><\/h3>\n<p>Vair\u0101k inform\u0101cijas: <a href=\"https:\/\/erler-zimmer.de\/en\/Seymour-II-Decubitus-Simulator\/R10073\" target=\"_blank\" rel=\"noopener nofollow\">ra\u017eot\u0101ja t\u012bmek\u013ca vietn\u0113<\/a> vai nos\u016btiet mums piepras\u012bjumu!<\/p>","protected":false},"excerpt":{"rendered":"<p>Erlera-Zimera \u201cSeymour II\u201d spiediena traumu simulators \u2014 \u0161is modelis demonstr\u0113 1.\u20134. pak\u0101pes spiediena traumas un ir ide\u0101li piem\u0113rots apt\u012b\u0161anas vingrin\u0101jumiem.<\/p>","protected":false},"featured_media":20501,"template":"","meta":[],"product_cat":[838,75,79],"product_tag":[692,831,832,829,830,577,690,952,833,490],"class_list":{"0":"post-20500","1":"product","2":"type-product","3":"status-publish","4":"has-post-thumbnail","6":"product_brand-erler-zimmer-gmbh-co-kg","7":"product_cat-medicininiai-simuliatoriai","8":"product_cat-modeliai-manekenai-muliazai","9":"product_cat-mokymo-priemones-ir-iranga","10":"product_tag-erler-zimmer-gmbh-co-kg","11":"product_tag-medical-models","12":"product_tag-medical-simulators","13":"product_tag-medicininiai-modeliai","14":"product_tag-medicininiai-simuliatoriai","15":"product_tag-modeliai","16":"product_tag-models","17":"product_tag-pragulu-simuliatoriai","18":"product_tag-simulatoriai","19":"product_tag-simulators","21":"first","22":"onbackorder","23":"shipping-taxable","24":"purchasable","25":"product-type-simple"},"_links":{"self":[{"href":"https:\/\/labostera.lt\/lv\/wp-json\/wp\/v2\/product\/20500","targetHints":{"allow":["GET"]}}],"collection":[{"href":"https:\/\/labostera.lt\/lv\/wp-json\/wp\/v2\/product"}],"about":[{"href":"https:\/\/labostera.lt\/lv\/wp-json\/wp\/v2\/types\/product"}],"wp:featuredmedia":[{"embeddable":true,"href":"https:\/\/labostera.lt\/lv\/wp-json\/wp\/v2\/media\/20501"}],"wp:attachment":[{"href":"https:\/\/labostera.lt\/lv\/wp-json\/wp\/v2\/media?parent=20500"}],"wp:term":[{"taxonomy":"product_cat","embeddable":true,"href":"https:\/\/labostera.lt\/lv\/wp-json\/wp\/v2\/product_cat?post=20500"},{"taxonomy":"product_tag","embeddable":true,"href":"https:\/\/labostera.lt\/lv\/wp-json\/wp\/v2\/product_tag?post=20500"}],"curies":[{"name":"wp","href":"https:\/\/api.w.org\/{rel}","templated":true}]}}