{"id":20498,"date":"2024-04-08T15:21:29","date_gmt":"2024-04-08T12:21:29","guid":{"rendered":"http:\/\/labostera.lt\/?post_type=product&#038;p=20498"},"modified":"2024-10-18T15:16:34","modified_gmt":"2024-10-18T12:16:34","slug":"4-pakopos-pragulu-modelis-erler-zimmer-stan-stage-4-presure-injury-model","status":"publish","type":"product","link":"https:\/\/labostera.lt\/lv\/priemones-ir-iranga\/mokymo-priemones-ir-iranga\/modeliai-manekenai-muliazai\/4-pakopos-pragulu-modelis-erler-zimmer-stan-stage-4-presure-injury-model\/","title":{"rendered":"Erler-Zimmer \u201cStan\u201d 4. posma spiediena traumas modelis"},"content":{"rendered":"<h2><strong>Erler-Zimmer GmbH &amp; Co. KG Stan 4 pak\u0101pju gultas modelis<\/strong>:<\/h2>\n<ul>\n<li>Modelis R10172:<\/li>\n<li>Piem\u0113rots apm\u0101c\u012bbai un praksei ar vakuuma asist\u0113t\u0101m br\u016b\u010du sl\u0113g\u0161anas un negat\u012bv\u0101 spiediena br\u016b\u010du terapijas ier\u012bc\u0113m.<\/li>\n<li>Liela sakr\u0101l\u0101 4. pak\u0101pes spiediena \u010d\u016bla ar nekrozi, tauku sl\u0101ni, kr\u016b\u0161kurvi, tuneli, lob\u012b\u0161anos, nekrozi un kailu kaulu (ar osteomiel\u012btu) un 3. pak\u0101pes spiediena \u010d\u016bla ar tauku sl\u0101ni un granul\u0101cijas audiem.<\/li>\n<li>Lielu br\u016b\u010du gad\u012bjum\u0101 ir ide\u0101li praktiz\u0113t pareizu p\u0101rs\u0113ju uzlik\u0161anu un sagatavo\u0161anu, izmantojot negat\u012bv\u0101 spiediena br\u016b\u010du terapijas ier\u012bci.<\/li>\n<li>Izm\u0113rs: 23 x 23 x 11,5 cm, svars: 1 kg.<\/li>\n<\/ul>\n<h3>4 posmu izgul\u0113jumu mode\u013ci \u2013 <a href=\"http:\/\/labostera.lt\/lv\/product-brand\/erler-zimmer-gmbh-co-kg\/\">Erlera-Zimmera anatomijas grupa<\/a><\/h3>\n<p>Vair\u0101k inform\u0101cijas: <a href=\"https:\/\/erler-zimmer.de\/en\/Stan-Stage-4-Presure-Injury-Model\/R10172\" target=\"_blank\" rel=\"noopener nofollow\">ra\u017eot\u0101ja t\u012bmek\u013ca vietn\u0113<\/a> vai nos\u016btiet mums piepras\u012bjumu!<\/p>","protected":false},"excerpt":{"rendered":"<p>Erlera-Zimmera \u201cStan\u201d 4 pak\u0101pju br\u016b\u010du modelis \u2014 piem\u0113rots apm\u0101c\u012bbai ar negat\u012bv\u0101 spiediena br\u016b\u010du terapijas ier\u012bc\u0113m.<\/p>","protected":false},"featured_media":20499,"template":"","meta":[],"product_cat":[75,79],"product_tag":[951,692,831,832,829,830,577,690,833,490],"class_list":{"0":"post-20498","1":"product","2":"type-product","3":"status-publish","4":"has-post-thumbnail","6":"product_brand-erler-zimmer-gmbh-co-kg","7":"product_cat-modeliai-manekenai-muliazai","8":"product_cat-mokymo-priemones-ir-iranga","9":"product_tag-4-pakopos-pragulu-modeliai","10":"product_tag-erler-zimmer-gmbh-co-kg","11":"product_tag-medical-models","12":"product_tag-medical-simulators","13":"product_tag-medicininiai-modeliai","14":"product_tag-medicininiai-simuliatoriai","15":"product_tag-modeliai","16":"product_tag-models","17":"product_tag-simulatoriai","18":"product_tag-simulators","20":"first","21":"onbackorder","22":"shipping-taxable","23":"purchasable","24":"product-type-simple"},"_links":{"self":[{"href":"https:\/\/labostera.lt\/lv\/wp-json\/wp\/v2\/product\/20498","targetHints":{"allow":["GET"]}}],"collection":[{"href":"https:\/\/labostera.lt\/lv\/wp-json\/wp\/v2\/product"}],"about":[{"href":"https:\/\/labostera.lt\/lv\/wp-json\/wp\/v2\/types\/product"}],"wp:featuredmedia":[{"embeddable":true,"href":"https:\/\/labostera.lt\/lv\/wp-json\/wp\/v2\/media\/20499"}],"wp:attachment":[{"href":"https:\/\/labostera.lt\/lv\/wp-json\/wp\/v2\/media?parent=20498"}],"wp:term":[{"taxonomy":"product_cat","embeddable":true,"href":"https:\/\/labostera.lt\/lv\/wp-json\/wp\/v2\/product_cat?post=20498"},{"taxonomy":"product_tag","embeddable":true,"href":"https:\/\/labostera.lt\/lv\/wp-json\/wp\/v2\/product_tag?post=20498"}],"curies":[{"name":"wp","href":"https:\/\/api.w.org\/{rel}","templated":true}]}}