{"id":20495,"date":"2024-04-08T14:38:20","date_gmt":"2024-04-08T11:38:20","guid":{"rendered":"http:\/\/labostera.lt\/?post_type=product&#038;p=20495"},"modified":"2024-10-18T15:16:36","modified_gmt":"2024-10-18T12:16:36","slug":"pragulu-gydymo-simuliatorius-erler-zimmer-decubitus-treatment-simulator","status":"publish","type":"product","link":"https:\/\/labostera.lt\/lv\/priemones-ir-iranga\/mokymo-priemones-ir-iranga\/medicininiai-simuliatoriai\/pragulu-gydymo-simuliatorius-erler-zimmer-decubitus-treatment-simulator\/","title":{"rendered":"Erler-Zimmer Decubitus \u0101rst\u0113\u0161anas simulators"},"content":{"rendered":"<h2><strong>Erler-Zimmer GmbH &amp; Co. KG spiediena \u010d\u016blu \u0101rst\u0113\u0161anas simulators<\/strong>:<\/h2>\n<ul>\n<li>Modelis R10026:<\/li>\n<li>\u013bauj praktiz\u0113t pirm\u0101s, otr\u0101s un tre\u0161\u0101s pak\u0101pes izgul\u0113jumu kop\u0161anu un ap\u0161\u016b\u0161anu.<\/li>\n<li>Att\u0113loti detaliz\u0113ti izgul\u0113jumu veidi uz cilv\u0113ka s\u0113\u017eamvietas.<\/li>\n<li>Ide\u0101li piem\u0113rots treni\u0146iem un praksei.<\/li>\n<li>Izm\u0113rs: 24 x 37 x 9 cm.<\/li>\n<\/ul>\n<h3>Simulatori izgul\u0113jumu \u0101rst\u0113\u0161anai \u2013 <a href=\"http:\/\/labostera.lt\/lv\/product-brand\/erler-zimmer-gmbh-co-kg\/\">Erlera-Zimmera anatomijas grupa<\/a><\/h3>\n<p>Vair\u0101k inform\u0101cijas: <a href=\"https:\/\/erler-zimmer.de\/en\/Decubitus-Treatment-Simulator\/R10026\" target=\"_blank\" rel=\"noopener nofollow\">ra\u017eot\u0101ja t\u012bmek\u013ca vietn\u0113<\/a> vai nos\u016btiet mums piepras\u012bjumu!<\/p>","protected":false},"excerpt":{"rendered":"<p>Erlera-Zimmera izgul\u0113jumu \u0101rst\u0113\u0161anas simulators \u2014 praktiz\u0113jiet izgul\u0113jumu apr\u016bpi un p\u0101rs\u0113ju veido\u0161anu.<\/p>","protected":false},"featured_media":20496,"template":"","meta":[],"product_cat":[838,75,79],"product_tag":[692,831,832,829,830,577,690,950,833,490],"class_list":{"0":"post-20495","1":"product","2":"type-product","3":"status-publish","4":"has-post-thumbnail","6":"product_brand-erler-zimmer-gmbh-co-kg","7":"product_cat-medicininiai-simuliatoriai","8":"product_cat-modeliai-manekenai-muliazai","9":"product_cat-mokymo-priemones-ir-iranga","10":"product_tag-erler-zimmer-gmbh-co-kg","11":"product_tag-medical-models","12":"product_tag-medical-simulators","13":"product_tag-medicininiai-modeliai","14":"product_tag-medicininiai-simuliatoriai","15":"product_tag-modeliai","16":"product_tag-models","17":"product_tag-pragulu-gydymo-simuliatoriai","18":"product_tag-simulatoriai","19":"product_tag-simulators","21":"first","22":"onbackorder","23":"shipping-taxable","24":"purchasable","25":"product-type-simple"},"_links":{"self":[{"href":"https:\/\/labostera.lt\/lv\/wp-json\/wp\/v2\/product\/20495","targetHints":{"allow":["GET"]}}],"collection":[{"href":"https:\/\/labostera.lt\/lv\/wp-json\/wp\/v2\/product"}],"about":[{"href":"https:\/\/labostera.lt\/lv\/wp-json\/wp\/v2\/types\/product"}],"wp:featuredmedia":[{"embeddable":true,"href":"https:\/\/labostera.lt\/lv\/wp-json\/wp\/v2\/media\/20496"}],"wp:attachment":[{"href":"https:\/\/labostera.lt\/lv\/wp-json\/wp\/v2\/media?parent=20495"}],"wp:term":[{"taxonomy":"product_cat","embeddable":true,"href":"https:\/\/labostera.lt\/lv\/wp-json\/wp\/v2\/product_cat?post=20495"},{"taxonomy":"product_tag","embeddable":true,"href":"https:\/\/labostera.lt\/lv\/wp-json\/wp\/v2\/product_tag?post=20495"}],"curies":[{"name":"wp","href":"https:\/\/api.w.org\/{rel}","templated":true}]}}