{"id":20493,"date":"2024-04-08T13:49:51","date_gmt":"2024-04-08T10:49:51","guid":{"rendered":"http:\/\/labostera.lt\/?post_type=product&#038;p=20493"},"modified":"2024-10-18T15:16:37","modified_gmt":"2024-10-18T12:16:37","slug":"neigiamo-slegio-zaizdu-terapijos-treniruokliai-erler-zimmer-negative-pressure-wound-therapy-npwt-trainers","status":"publish","type":"product","link":"https:\/\/labostera.lt\/lv\/priemones-ir-iranga\/mokymo-priemones-ir-iranga\/modeliai-manekenai-muliazai\/neigiamo-slegio-zaizdu-terapijos-treniruokliai-erler-zimmer-negative-pressure-wound-therapy-npwt-trainers\/","title":{"rendered":"Erlera-Zimmera negat\u012bv\u0101 spiediena br\u016b\u010du terapijas (NPWT) trena\u017eieri"},"content":{"rendered":"<h2><strong>Erler-Zimmer GmbH &amp; Co. KG negat\u012bv\u0101 spiediena br\u016b\u010du terapijas trena\u017eieri<\/strong>:<\/h2>\n<ul>\n<li>Modelis R11011:<\/li>\n<li>Trena\u017eieri ir paredz\u0113ti apm\u0101c\u012bbai da\u017e\u0101da veida ak\u016btu un hronisku br\u016b\u010du terapij\u0101.<\/li>\n<li>\u013bauj demonstr\u0113t negat\u012bv\u0101 spiediena br\u016b\u010du terapijas sist\u0113mu lieto\u0161anu un kop\u0161anu.<\/li>\n<li>Ir at\u0161\u0137ir\u012bgs br\u016b\u010du dz\u012b\u0161anas dzi\u013cums, ieskaitot tune\u013ca veido\u0161anos.<\/li>\n<li>Produkta tekst\u016bra un br\u016bces izskat\u0101s re\u0101listiskas, pie\u0161\u0137irot m\u0101c\u012bbu pieredzei papildu autentiskumu.<\/li>\n<li>S\u016bk\u0146a ier\u012bce un p\u0101rs\u0113ju izv\u0113le ir neatkar\u012bgas.<\/li>\n<\/ul>\n<h3>Negat\u012bv\u0101 spiediena br\u016b\u010du terapijas trena\u017eieri \u2013 <a href=\"http:\/\/labostera.lt\/lv\/product-brand\/erler-zimmer-gmbh-co-kg\/\">Erlera-Zimmera anatomijas grupa<\/a><\/h3>\n<p>Vair\u0101k inform\u0101cijas: <a href=\"https:\/\/erler-zimmer.de\/en\/Negative-Pressure-Wound-Therapy-NPWT-Trainers\/R11011\" target=\"_blank\" rel=\"noopener nofollow\">ra\u017eot\u0101ja t\u012bmek\u013ca vietn\u0113<\/a> vai nos\u016btiet mums piepras\u012bjumu!<\/p>","protected":false},"excerpt":{"rendered":"<p>Erler-Zimmer negat\u012bv\u0101 spiediena br\u016b\u010du terapijas trena\u017eieri \u2013 trena\u017eieri, kas paredz\u0113ti da\u017e\u0101du br\u016b\u010du terapiju apm\u0101c\u012bbai.<\/p>","protected":false},"featured_media":20494,"template":"","meta":[],"product_cat":[75,79],"product_tag":[692,831,832,829,830,577,690,949,833,490],"class_list":{"0":"post-20493","1":"product","2":"type-product","3":"status-publish","4":"has-post-thumbnail","6":"product_brand-erler-zimmer-gmbh-co-kg","7":"product_cat-modeliai-manekenai-muliazai","8":"product_cat-mokymo-priemones-ir-iranga","9":"product_tag-erler-zimmer-gmbh-co-kg","10":"product_tag-medical-models","11":"product_tag-medical-simulators","12":"product_tag-medicininiai-modeliai","13":"product_tag-medicininiai-simuliatoriai","14":"product_tag-modeliai","15":"product_tag-models","16":"product_tag-neigiamo-slegio-zaizdu-terapijos-treniruokliai","17":"product_tag-simulatoriai","18":"product_tag-simulators","20":"first","21":"onbackorder","22":"shipping-taxable","23":"purchasable","24":"product-type-simple"},"_links":{"self":[{"href":"https:\/\/labostera.lt\/lv\/wp-json\/wp\/v2\/product\/20493","targetHints":{"allow":["GET"]}}],"collection":[{"href":"https:\/\/labostera.lt\/lv\/wp-json\/wp\/v2\/product"}],"about":[{"href":"https:\/\/labostera.lt\/lv\/wp-json\/wp\/v2\/types\/product"}],"wp:featuredmedia":[{"embeddable":true,"href":"https:\/\/labostera.lt\/lv\/wp-json\/wp\/v2\/media\/20494"}],"wp:attachment":[{"href":"https:\/\/labostera.lt\/lv\/wp-json\/wp\/v2\/media?parent=20493"}],"wp:term":[{"taxonomy":"product_cat","embeddable":true,"href":"https:\/\/labostera.lt\/lv\/wp-json\/wp\/v2\/product_cat?post=20493"},{"taxonomy":"product_tag","embeddable":true,"href":"https:\/\/labostera.lt\/lv\/wp-json\/wp\/v2\/product_tag?post=20493"}],"curies":[{"name":"wp","href":"https:\/\/api.w.org\/{rel}","templated":true}]}}