{"id":20490,"date":"2024-04-08T12:34:14","date_gmt":"2024-04-08T09:34:14","guid":{"rendered":"http:\/\/labostera.lt\/?post_type=product&#038;p=20490"},"modified":"2024-10-18T15:16:38","modified_gmt":"2024-10-18T12:16:38","slug":"opu-ir-pragulu-modeliai-erler-zimmer-pressure-ulcer-bedsore-models","status":"publish","type":"product","link":"https:\/\/labostera.lt\/lv\/priemones-ir-iranga\/mokymo-priemones-ir-iranga\/modeliai-manekenai-muliazai\/opu-ir-pragulu-modeliai-erler-zimmer-pressure-ulcer-bedsore-models\/","title":{"rendered":"Erlera-Zimmera spiediena \u010d\u016blu un izgul\u0113jumu mode\u013ci"},"content":{"rendered":"<h2><strong>Erler-Zimmer GmbH &amp; Co. KG \u010d\u016blu un spiediena \u010d\u016blu mode\u013ci<\/strong>:<\/h2>\n<ul>\n<li>Modelis R11047:<\/li>\n<li>Par\u0101da visas \u010detras izgul\u0113jumu stadijas.<\/li>\n<li>Izmanto izgul\u0113jumu apr\u016bpes un t\u012br\u012b\u0161anas apm\u0101c\u012bbai.<\/li>\n<li>Ietver \u010detrus dibena mode\u013cus, katrs atbilst attiec\u012bgajam posmam.<\/li>\n<li>Izm\u0113rs: 16,5 x 15,9 x 2,5 cm, svars: 3,6 kg.<\/li>\n<\/ul>\n<h3>Prolapsa stadijas:<\/h3>\n<ul>\n<li>1. posms \u2013 sarkana, neskarta \u0101da<\/li>\n<li>2. stadija \u2013 atv\u0113rtas br\u016bces ar aps\u0101rtumu un da\u013c\u0113ju \u0101das zudumu<\/li>\n<li>3. stadija \u2013 dzi\u013ca, atv\u0113rta br\u016bce, kas stiepjas cauri visiem \u0101das sl\u0101\u0146iem un musku\u013cos<\/li>\n<li>4. stadija \u2013 smaga, dzi\u013ca, atv\u0113rta br\u016bce, kas stiepjas cauri visiem \u0101das sl\u0101\u0146iem un boj\u0101 musku\u013cus, kaulus, c\u012bpslas un loc\u012btavas<\/li>\n<\/ul>\n<h3>\u010c\u016blu un izgul\u0113jumu mode\u013ci \u2013 <a href=\"http:\/\/labostera.lt\/lv\/product-brand\/erler-zimmer-gmbh-co-kg\/\">Erlera-Zimmera anatomijas grupa<\/a><\/h3>\n<p>Vair\u0101k inform\u0101cijas: <a href=\"https:\/\/erler-zimmer.de\/en\/Pressure-Ulcer-Bedsore-Models\/R11047\" target=\"_blank\" rel=\"noopener nofollow\">ra\u017eot\u0101ja t\u012bmek\u013ca vietn\u0113<\/a> vai nos\u016btiet mums piepras\u012bjumu!<\/p>","protected":false},"excerpt":{"rendered":"<p>Erlera-Cimmera \u010d\u016blu un spiediena \u010d\u016blu mode\u013ci \u2014 par\u0101da visas \u010detras spiediena \u010d\u016blu stadijas, ko izmanto apm\u0101c\u012bbai to apr\u016bp\u0113.<\/p>","protected":false},"featured_media":20492,"template":"","meta":[],"product_cat":[75,79],"product_tag":[692,831,832,829,830,577,690,948,833,490],"class_list":{"0":"post-20490","1":"product","2":"type-product","3":"status-publish","4":"has-post-thumbnail","6":"product_brand-erler-zimmer-gmbh-co-kg","7":"product_cat-modeliai-manekenai-muliazai","8":"product_cat-mokymo-priemones-ir-iranga","9":"product_tag-erler-zimmer-gmbh-co-kg","10":"product_tag-medical-models","11":"product_tag-medical-simulators","12":"product_tag-medicininiai-modeliai","13":"product_tag-medicininiai-simuliatoriai","14":"product_tag-modeliai","15":"product_tag-models","16":"product_tag-opu-ir-pragulu-modeliai","17":"product_tag-simulatoriai","18":"product_tag-simulators","20":"first","21":"onbackorder","22":"shipping-taxable","23":"purchasable","24":"product-type-simple"},"_links":{"self":[{"href":"https:\/\/labostera.lt\/lv\/wp-json\/wp\/v2\/product\/20490","targetHints":{"allow":["GET"]}}],"collection":[{"href":"https:\/\/labostera.lt\/lv\/wp-json\/wp\/v2\/product"}],"about":[{"href":"https:\/\/labostera.lt\/lv\/wp-json\/wp\/v2\/types\/product"}],"wp:featuredmedia":[{"embeddable":true,"href":"https:\/\/labostera.lt\/lv\/wp-json\/wp\/v2\/media\/20492"}],"wp:attachment":[{"href":"https:\/\/labostera.lt\/lv\/wp-json\/wp\/v2\/media?parent=20490"}],"wp:term":[{"taxonomy":"product_cat","embeddable":true,"href":"https:\/\/labostera.lt\/lv\/wp-json\/wp\/v2\/product_cat?post=20490"},{"taxonomy":"product_tag","embeddable":true,"href":"https:\/\/labostera.lt\/lv\/wp-json\/wp\/v2\/product_tag?post=20490"}],"curies":[{"name":"wp","href":"https:\/\/api.w.org\/{rel}","templated":true}]}}