{"id":20487,"date":"2024-04-08T11:09:17","date_gmt":"2024-04-08T08:09:17","guid":{"rendered":"http:\/\/labostera.lt\/?post_type=product&#038;p=20487"},"modified":"2024-10-18T15:16:40","modified_gmt":"2024-10-18T12:16:40","slug":"slegio-suzalojimo-modelis-erler-zimmer-pat-pressure-injury-model","status":"publish","type":"product","link":"https:\/\/labostera.lt\/lv\/priemones-ir-iranga\/mokymo-priemones-ir-iranga\/modeliai-manekenai-muliazai\/slegio-suzalojimo-modelis-erler-zimmer-pat-pressure-injury-model\/","title":{"rendered":"Erlera-Zimmera \u201cPata\u201d spiediena traumu modelis"},"content":{"rendered":"<h2><strong>Erler-Zimmer GmbH &amp; Co. KG \u201cPat\u201d spiediena traumu modelis<\/strong>:<\/h2>\n<ul>\n<li>Modelis R10167:<\/li>\n<li>Kompakts un re\u0101listisks modelis, kas att\u0113lo da\u017e\u0101das spiediena traumas.<\/li>\n<li>Par\u0101da da\u017e\u0101du spiediena traumu stadijas un raksturlielumus.<\/li>\n<li>Ir pieejama p\u0101rn\u0113s\u0101\u0161anas soma (p\u0113c izv\u0113les).<\/li>\n<li>Izm\u0113rs: 21 x 32 x 4,5 cm, svars: 1,5 kg.<\/li>\n<\/ul>\n<h3>Spiediena traumu mode\u013ci \u2013 <a href=\"http:\/\/labostera.lt\/lv\/product-brand\/erler-zimmer-gmbh-co-kg\/\">Erlera-Zimmera anatomijas grupa<\/a><\/h3>\n<p>Vair\u0101k inform\u0101cijas: <a href=\"https:\/\/erler-zimmer.de\/en\/Pat-Pressure-Injury-Model\/R10167\" target=\"_blank\" rel=\"noopener nofollow\">ra\u017eot\u0101ja t\u012bmek\u013ca vietn\u0113<\/a> vai nos\u016btiet mums piepras\u012bjumu!<\/p>","protected":false},"excerpt":{"rendered":"<p>Erlera-Zimmera \u201cPata\u201d spiediena traumu modelis \u2013 kompakts un re\u0101listisks modelis, kas demonstr\u0113 da\u017e\u0101das spiediena traumas.<\/p>","protected":false},"featured_media":20488,"template":"","meta":[],"product_cat":[75,79],"product_tag":[692,831,832,829,830,577,690,833,490,946],"class_list":{"0":"post-20487","1":"product","2":"type-product","3":"status-publish","4":"has-post-thumbnail","6":"product_brand-erler-zimmer-gmbh-co-kg","7":"product_cat-modeliai-manekenai-muliazai","8":"product_cat-mokymo-priemones-ir-iranga","9":"product_tag-erler-zimmer-gmbh-co-kg","10":"product_tag-medical-models","11":"product_tag-medical-simulators","12":"product_tag-medicininiai-modeliai","13":"product_tag-medicininiai-simuliatoriai","14":"product_tag-modeliai","15":"product_tag-models","16":"product_tag-simulatoriai","17":"product_tag-simulators","18":"product_tag-slegio-suzalojimo-modeliai","20":"first","21":"onbackorder","22":"shipping-taxable","23":"purchasable","24":"product-type-simple"},"_links":{"self":[{"href":"https:\/\/labostera.lt\/lv\/wp-json\/wp\/v2\/product\/20487","targetHints":{"allow":["GET"]}}],"collection":[{"href":"https:\/\/labostera.lt\/lv\/wp-json\/wp\/v2\/product"}],"about":[{"href":"https:\/\/labostera.lt\/lv\/wp-json\/wp\/v2\/types\/product"}],"wp:featuredmedia":[{"embeddable":true,"href":"https:\/\/labostera.lt\/lv\/wp-json\/wp\/v2\/media\/20488"}],"wp:attachment":[{"href":"https:\/\/labostera.lt\/lv\/wp-json\/wp\/v2\/media?parent=20487"}],"wp:term":[{"taxonomy":"product_cat","embeddable":true,"href":"https:\/\/labostera.lt\/lv\/wp-json\/wp\/v2\/product_cat?post=20487"},{"taxonomy":"product_tag","embeddable":true,"href":"https:\/\/labostera.lt\/lv\/wp-json\/wp\/v2\/product_tag?post=20487"}],"curies":[{"name":"wp","href":"https:\/\/api.w.org\/{rel}","templated":true}]}}