{"id":20483,"date":"2024-04-08T09:58:04","date_gmt":"2024-04-08T06:58:04","guid":{"rendered":"http:\/\/labostera.lt\/?post_type=product&#038;p=20483"},"modified":"2024-10-18T15:16:41","modified_gmt":"2024-10-18T12:16:41","slug":"fistules-igudziu-treniruoklis-erler-zimmer-freddie-fistula-skills-trainer","status":"publish","type":"product","link":"https:\/\/labostera.lt\/lv\/priemones-ir-iranga\/mokymo-priemones-ir-iranga\/modeliai-manekenai-muliazai\/fistules-igudziu-treniruoklis-erler-zimmer-freddie-fistula-skills-trainer\/","title":{"rendered":"Erler-Zimmer \u201cFredija\u201d fistulas prasmju treneris"},"content":{"rendered":"<h2><strong>\u201eErler-Zimmer GmbH & Co. KG\u201d \u201eFreddie\u201d Fistul\u0117s \u012fg\u016bd\u017ei\u0173 treniruoklis<\/strong>:<\/h2>\n<ul>\n<li>Modelis R11050:<\/li>\n<li>Re\u0101listisks prasmju trena\u017eieris atv\u0113rtu v\u0113dera br\u016b\u010du ar akt\u012bv\u0101m fistul\u0101m \u0101rst\u0113\u0161anai.<\/li>\n<li>Inovat\u012bvs dizains ar atv\u0113rt\u0101m br\u016bc\u0113m un trim akt\u012bv\u0101m fistul\u0101m.<\/li>\n<li>Pal\u012bdz izprast un praktiz\u0113t sare\u017e\u0123\u012btu br\u016b\u010du apr\u016bpi.<\/li>\n<li>Ar trenera pal\u012bdz\u012bbu j\u016bs varat izmantot jaun\u0101kos br\u016b\u010du \u0101rst\u0113\u0161anas r\u012bkus un metodes.<\/li>\n<li>Izm\u0113rs: 46 x 41 x 13 cm, svars: 4 kg.<\/li>\n<\/ul>\n<h3>\u201eFreddie\u201d fistul\u0117s \u012fg\u016bd\u017ei\u0173 treniruokliai \u2013 <a href=\"http:\/\/labostera.lt\/lv\/product-brand\/erler-zimmer-gmbh-co-kg\/\">Erlera-Zimmera anatomijas grupa<\/a><\/h3>\n<p>Vair\u0101k inform\u0101cijas: <a href=\"https:\/\/erler-zimmer.de\/en\/Freddie-Fistula-Skills-Trainer-with-case\/R11050\" target=\"_blank\" rel=\"noopener nofollow\">ra\u017eot\u0101ja t\u012bmek\u013ca vietn\u0113<\/a> vai nos\u016btiet mums piepras\u012bjumu!<\/p>","protected":false},"excerpt":{"rendered":"<p>Erlera-Zimera \u201cFredija\u201d fistulu prasmju trena\u017eieris \u2013 re\u0101listisks prasmju trena\u017eieris atv\u0113rtu v\u0113dera br\u016b\u010du ar akt\u012bv\u0101m fistul\u0101m \u0101rst\u0113\u0161anai.<\/p>","protected":false},"featured_media":20486,"template":"","meta":[],"product_cat":[75,79],"product_tag":[692,947,831,832,829,830,577,690,833,490],"class_list":{"0":"post-20483","1":"product","2":"type-product","3":"status-publish","4":"has-post-thumbnail","6":"product_brand-erler-zimmer-gmbh-co-kg","7":"product_cat-modeliai-manekenai-muliazai","8":"product_cat-mokymo-priemones-ir-iranga","9":"product_tag-erler-zimmer-gmbh-co-kg","10":"product_tag-fistules-igudziu-treniruokliai","11":"product_tag-medical-models","12":"product_tag-medical-simulators","13":"product_tag-medicininiai-modeliai","14":"product_tag-medicininiai-simuliatoriai","15":"product_tag-modeliai","16":"product_tag-models","17":"product_tag-simulatoriai","18":"product_tag-simulators","20":"first","21":"onbackorder","22":"shipping-taxable","23":"purchasable","24":"product-type-simple"},"_links":{"self":[{"href":"https:\/\/labostera.lt\/lv\/wp-json\/wp\/v2\/product\/20483","targetHints":{"allow":["GET"]}}],"collection":[{"href":"https:\/\/labostera.lt\/lv\/wp-json\/wp\/v2\/product"}],"about":[{"href":"https:\/\/labostera.lt\/lv\/wp-json\/wp\/v2\/types\/product"}],"wp:featuredmedia":[{"embeddable":true,"href":"https:\/\/labostera.lt\/lv\/wp-json\/wp\/v2\/media\/20486"}],"wp:attachment":[{"href":"https:\/\/labostera.lt\/lv\/wp-json\/wp\/v2\/media?parent=20483"}],"wp:term":[{"taxonomy":"product_cat","embeddable":true,"href":"https:\/\/labostera.lt\/lv\/wp-json\/wp\/v2\/product_cat?post=20483"},{"taxonomy":"product_tag","embeddable":true,"href":"https:\/\/labostera.lt\/lv\/wp-json\/wp\/v2\/product_tag?post=20483"}],"curies":[{"name":"wp","href":"https:\/\/api.w.org\/{rel}","templated":true}]}}