{"id":20478,"date":"2024-04-08T09:11:23","date_gmt":"2024-04-08T06:11:23","guid":{"rendered":"http:\/\/labostera.lt\/?post_type=product&#038;p=20478"},"modified":"2024-10-18T15:19:39","modified_gmt":"2024-10-18T12:19:39","slug":"amputacijos-tvarstymo-modelis-erler-zimmer-stump-bandaging-model","status":"publish","type":"product","link":"https:\/\/labostera.lt\/lv\/priemones-ir-iranga\/mokymo-priemones-ir-iranga\/modeliai-manekenai-muliazai\/amputacijos-tvarstymo-modelis-erler-zimmer-stump-bandaging-model\/","title":{"rendered":"Erler-Zimmer celmu p\u0101rsie\u0161anas modelis"},"content":{"rendered":"<h2><strong>\u201eErler-Zimmer GmbH &amp; Co. KG amput\u0101cijas p\u0101rs\u0113ja modelis<\/strong>:<\/h2>\n<ul>\n<li>Modelis R10022:<\/li>\n<li>\u0136erme\u0146a aug\u0161da\u013ca ar amput\u0101cijas viet\u0101m \u0123\u0113rb\u0161an\u0101s apm\u0101c\u012bbai.<\/li>\n<li>Modelis R10023:<\/li>\n<li>Apak\u0161\u0113j\u0101 \u0137erme\u0146a da\u013ca ar amput\u0101cijas viet\u0101m \u0123\u0113rb\u0161an\u0101s apm\u0101c\u012bbai.<\/li>\n<\/ul>\n<h3>Amput\u0101cijas p\u0101rs\u0113ju mode\u013ci \u2013 <a href=\"http:\/\/labostera.lt\/lv\/product-brand\/erler-zimmer-gmbh-co-kg\/\">Erlera-Zimmera anatomijas grupa<\/a><\/h3>\n<p>Vair\u0101k inform\u0101cijas: <a href=\"https:\/\/erler-zimmer.de\/en\/Stump-Bandaging-Lower-Torso\/R10023\" target=\"_blank\" rel=\"noopener nofollow\">ra\u017eot\u0101ja t\u012bmek\u013ca vietn\u0113<\/a> vai nos\u016btiet mums piepras\u012bjumu!<\/p>","protected":false},"excerpt":{"rendered":"<p>Erlera-Zimmera amput\u0101cijas p\u0101rs\u0113ja modelis \u2013 \u0137erme\u0146a aug\u0161da\u013ca un apak\u0161da\u013ca ar amput\u0101cijas iegriezumiem p\u0101rs\u0113ju apm\u0101c\u012bbai.<\/p>","protected":false},"featured_media":20482,"template":"","meta":[],"product_cat":[75,79],"product_tag":[943,692,831,832,829,830,577,690,833,490],"class_list":{"0":"post-20478","1":"product","2":"type-product","3":"status-publish","4":"has-post-thumbnail","6":"product_brand-erler-zimmer-gmbh-co-kg","7":"product_cat-modeliai-manekenai-muliazai","8":"product_cat-mokymo-priemones-ir-iranga","9":"product_tag-amputacijos-tvarstymo-modeliai","10":"product_tag-erler-zimmer-gmbh-co-kg","11":"product_tag-medical-models","12":"product_tag-medical-simulators","13":"product_tag-medicininiai-modeliai","14":"product_tag-medicininiai-simuliatoriai","15":"product_tag-modeliai","16":"product_tag-models","17":"product_tag-simulatoriai","18":"product_tag-simulators","20":"first","21":"onbackorder","22":"shipping-taxable","23":"purchasable","24":"product-type-variable"},"_links":{"self":[{"href":"https:\/\/labostera.lt\/lv\/wp-json\/wp\/v2\/product\/20478","targetHints":{"allow":["GET"]}}],"collection":[{"href":"https:\/\/labostera.lt\/lv\/wp-json\/wp\/v2\/product"}],"about":[{"href":"https:\/\/labostera.lt\/lv\/wp-json\/wp\/v2\/types\/product"}],"wp:featuredmedia":[{"embeddable":true,"href":"https:\/\/labostera.lt\/lv\/wp-json\/wp\/v2\/media\/20482"}],"wp:attachment":[{"href":"https:\/\/labostera.lt\/lv\/wp-json\/wp\/v2\/media?parent=20478"}],"wp:term":[{"taxonomy":"product_cat","embeddable":true,"href":"https:\/\/labostera.lt\/lv\/wp-json\/wp\/v2\/product_cat?post=20478"},{"taxonomy":"product_tag","embeddable":true,"href":"https:\/\/labostera.lt\/lv\/wp-json\/wp\/v2\/product_tag?post=20478"}],"curies":[{"name":"wp","href":"https:\/\/api.w.org\/{rel}","templated":true}]}}