{"id":20476,"date":"2024-04-05T16:03:08","date_gmt":"2024-04-05T13:03:08","guid":{"rendered":"http:\/\/labostera.lt\/?post_type=product&#038;p=20476"},"modified":"2024-10-18T15:16:44","modified_gmt":"2024-10-18T12:16:44","slug":"klizmos-mokymo-modelis-erler-zimmer-enema-training-model","status":"publish","type":"product","link":"https:\/\/labostera.lt\/lv\/priemones-ir-iranga\/mokymo-priemones-ir-iranga\/modeliai-manekenai-muliazai\/klizmos-mokymo-modelis-erler-zimmer-enema-training-model\/","title":{"rendered":"Klizmas apm\u0101c\u012bbas modelis Erlera-Zimmera klizmas apm\u0101c\u012bbas modelis"},"content":{"rendered":"<h2><strong>Klizmas apm\u0101c\u012bbas modelis no Erler-Zimmer GmbH &amp; Co. KG<\/strong>:<\/h2>\n<ul>\n<li>Modelis LM68:<\/li>\n<li>\u0160is modelis imit\u0113 gultas re\u017e\u012bm\u0101 eso\u0161u vai vec\u0101ka gadag\u0101juma pacientu, kuram ir gr\u016bt\u012bbas patst\u0101v\u012bgi iztuk\u0161ot zarnas. Modeli var izmantot, lai praktiz\u0113tu digit\u0101lo novietojumu un \u0161\u0137idruma injekciju. Atvere priek\u0161pus\u0113 nodro\u0161ina skaidru skatu uz zarn\u0101m un \u013cauj skolot\u0101jam vizu\u0101li uzraudz\u012bt m\u0101c\u012b\u0161anos. Tiek nodro\u0161in\u0101ta m\u0101ksl\u012bg\u0101 fek\u0101liju masa.<\/li>\n<\/ul>\n<h3>Klizmas apm\u0101c\u012bbas mode\u013ci \u2013 <a href=\"http:\/\/labostera.lt\/lv\/product-brand\/erler-zimmer-gmbh-co-kg\/\">Erlera-Zimmera anatomijas grupa<\/a><\/h3>\n<p>Vair\u0101k inform\u0101cijas: <a href=\"https:\/\/erler-zimmer.de\/en\/Enema-training-model\/LM68\" target=\"_blank\" rel=\"noopener nofollow\">ra\u017eot\u0101ja t\u012bmek\u013ca vietn\u0113<\/a> vai nos\u016btiet mums piepras\u012bjumu!<\/p>","protected":false},"excerpt":{"rendered":"<p>Erlera-Zimmera klizmas apm\u0101c\u012bbas modelis \u2014 praktiz\u0113jiet proced\u016bras ar t\u012bru zarnu un m\u0101ksl\u012bgu izk\u0101rn\u012bjumu.<\/p>","protected":false},"featured_media":20477,"template":"","meta":[],"product_cat":[75,79],"product_tag":[692,944,831,832,829,830,577,690,833,490],"class_list":{"0":"post-20476","1":"product","2":"type-product","3":"status-publish","4":"has-post-thumbnail","6":"product_brand-erler-zimmer-gmbh-co-kg","7":"product_cat-modeliai-manekenai-muliazai","8":"product_cat-mokymo-priemones-ir-iranga","9":"product_tag-erler-zimmer-gmbh-co-kg","10":"product_tag-klizmos-mokymo-modeliai","11":"product_tag-medical-models","12":"product_tag-medical-simulators","13":"product_tag-medicininiai-modeliai","14":"product_tag-medicininiai-simuliatoriai","15":"product_tag-modeliai","16":"product_tag-models","17":"product_tag-simulatoriai","18":"product_tag-simulators","20":"first","21":"onbackorder","22":"shipping-taxable","23":"purchasable","24":"product-type-simple"},"_links":{"self":[{"href":"https:\/\/labostera.lt\/lv\/wp-json\/wp\/v2\/product\/20476","targetHints":{"allow":["GET"]}}],"collection":[{"href":"https:\/\/labostera.lt\/lv\/wp-json\/wp\/v2\/product"}],"about":[{"href":"https:\/\/labostera.lt\/lv\/wp-json\/wp\/v2\/types\/product"}],"wp:featuredmedia":[{"embeddable":true,"href":"https:\/\/labostera.lt\/lv\/wp-json\/wp\/v2\/media\/20477"}],"wp:attachment":[{"href":"https:\/\/labostera.lt\/lv\/wp-json\/wp\/v2\/media?parent=20476"}],"wp:term":[{"taxonomy":"product_cat","embeddable":true,"href":"https:\/\/labostera.lt\/lv\/wp-json\/wp\/v2\/product_cat?post=20476"},{"taxonomy":"product_tag","embeddable":true,"href":"https:\/\/labostera.lt\/lv\/wp-json\/wp\/v2\/product_tag?post=20476"}],"curies":[{"name":"wp","href":"https:\/\/api.w.org\/{rel}","templated":true}]}}