{"id":20469,"date":"2024-04-05T15:03:10","date_gmt":"2024-04-05T12:03:10","guid":{"rendered":"http:\/\/labostera.lt\/?post_type=product&#038;p=20469"},"modified":"2024-10-18T15:16:45","modified_gmt":"2024-10-18T12:16:45","slug":"tvarstymo-simuliatorius-erler-zimmer-bandaging-simulator","status":"publish","type":"product","link":"https:\/\/labostera.lt\/lv\/priemones-ir-iranga\/mokymo-priemones-ir-iranga\/medicininiai-simuliatoriai\/tvarstymo-simuliatorius-erler-zimmer-bandaging-simulator\/","title":{"rendered":"Erler-Zimmer p\u0101rsie\u0161anas simulators"},"content":{"rendered":"<h2><strong>\u201eErler-Zimmer GmbH &amp; Co. KG p\u0101r\u0123\u0113rb\u0161an\u0101s simulators<\/strong>:<\/h2>\n<ul>\n<li>Modelis R10021:<\/li>\n<li>\u0160is simulators sast\u0101v no sievietes rumpja ar elast\u012bgu, re\u0101listisku \u0101du, kas re\u0101listiski rea\u0123\u0113 uz l\u012bmviel\u0101m un visu veidu p\u0101rs\u0113ju proced\u016br\u0101m. 14 da\u017e\u0101das br\u016bces \u013cauj praktiz\u0113t br\u016b\u010du apr\u016bpes, t\u012br\u012b\u0161anas un p\u0101rs\u0113ju tehnikas, glu\u017ei k\u0101 uz \u012bstam pacientam. Br\u016b\u010du aizv\u0113r\u0161anai tiek izmantotas \u0137irur\u0123isk\u0101s adatas un \u0161uves, kuras nevar no\u0146emt.<\/li>\n<li>Simulators tiek pieg\u0101d\u0101ts speci\u0101l\u0101 kast\u0113, un tam ir \u0161\u0101das br\u016bces:\n<ul>\n<li>Sirds (sirds rezekcija)<\/li>\n<li>Iek\u0161\u0113jais sadal\u012bjums ar kr\u016b\u0161u atver\u0113m (\u0137irur\u0123iskas tapas)<\/li>\n<li>Mastektomija ar imit\u0113tu dren\u0101\u017eu<\/li>\n<li>Holecistektomija ar imit\u0113tu T-cauruli<\/li>\n<li>Laparotomija (\u0137irur\u0123iskas tapas)<\/li>\n<li>Apendektomija<\/li>\n<li>Kolostomija<\/li>\n<li>Ileostomija<\/li>\n<li>V\u0113dera histerektomija (\u0137irur\u0123iskas skavas)<\/li>\n<li>Torakektomija (\u0137irur\u0123iskas tapas)<\/li>\n<li>Nefrektomija (\u0137irur\u0123iskas tapas)<\/li>\n<li>Laminektomija<\/li>\n<li>Sakr\u0101l\u0101 izgul\u0113jumu \u010d\u016bla (II stadija)<\/li>\n<li>K\u0101jas amput\u0101cijas celms (\u0137irur\u0123iskas tapas)<\/li>\n<\/ul>\n<\/li>\n<\/ul>\n<h3>\u0122\u0113rb\u0161an\u0101s simulatori \u2013 <a href=\"http:\/\/labostera.lt\/lv\/product-brand\/erler-zimmer-gmbh-co-kg\/\">Erlera-Zimmera anatomijas grupa<\/a><\/h3>\n<p>Vair\u0101k inform\u0101cijas: <a href=\"https:\/\/erler-zimmer.de\/en\/Bandaging-Simulator\/R10021\" target=\"_blank\" rel=\"noopener nofollow\">ra\u017eot\u0101ja t\u012bmek\u013ca vietn\u0113<\/a> vai nos\u016btiet mums piepras\u012bjumu!<\/p>","protected":false},"excerpt":{"rendered":"<p>Erlera-Zimmera p\u0101rs\u0113ju simulators \u2013 re\u0101listiska br\u016b\u010du apr\u016bpes apm\u0101c\u012bba ar \u0137irur\u0123isk\u0101m sl\u0113g\u0161an\u0101m.<\/p>","protected":false},"featured_media":20475,"template":"","meta":[],"product_cat":[838,75,79],"product_tag":[692,831,832,829,830,577,690,833,490,942],"class_list":{"0":"post-20469","1":"product","2":"type-product","3":"status-publish","4":"has-post-thumbnail","6":"product_brand-erler-zimmer-gmbh-co-kg","7":"product_cat-medicininiai-simuliatoriai","8":"product_cat-modeliai-manekenai-muliazai","9":"product_cat-mokymo-priemones-ir-iranga","10":"product_tag-erler-zimmer-gmbh-co-kg","11":"product_tag-medical-models","12":"product_tag-medical-simulators","13":"product_tag-medicininiai-modeliai","14":"product_tag-medicininiai-simuliatoriai","15":"product_tag-modeliai","16":"product_tag-models","17":"product_tag-simulatoriai","18":"product_tag-simulators","19":"product_tag-tvarstymo-simuliatoriai","21":"first","22":"onbackorder","23":"shipping-taxable","24":"purchasable","25":"product-type-simple"},"_links":{"self":[{"href":"https:\/\/labostera.lt\/lv\/wp-json\/wp\/v2\/product\/20469","targetHints":{"allow":["GET"]}}],"collection":[{"href":"https:\/\/labostera.lt\/lv\/wp-json\/wp\/v2\/product"}],"about":[{"href":"https:\/\/labostera.lt\/lv\/wp-json\/wp\/v2\/types\/product"}],"wp:featuredmedia":[{"embeddable":true,"href":"https:\/\/labostera.lt\/lv\/wp-json\/wp\/v2\/media\/20475"}],"wp:attachment":[{"href":"https:\/\/labostera.lt\/lv\/wp-json\/wp\/v2\/media?parent=20469"}],"wp:term":[{"taxonomy":"product_cat","embeddable":true,"href":"https:\/\/labostera.lt\/lv\/wp-json\/wp\/v2\/product_cat?post=20469"},{"taxonomy":"product_tag","embeddable":true,"href":"https:\/\/labostera.lt\/lv\/wp-json\/wp\/v2\/product_tag?post=20469"}],"curies":[{"name":"wp","href":"https:\/\/api.w.org\/{rel}","templated":true}]}}