{"id":20461,"date":"2024-04-05T14:04:52","date_gmt":"2024-04-05T11:04:52","guid":{"rendered":"http:\/\/labostera.lt\/?post_type=product&#038;p=20461"},"modified":"2024-10-18T15:19:41","modified_gmt":"2024-10-18T12:19:41","slug":"tiesiosios-zarnos-tyrimo-modelis-erler-zimmer-rectal-examination-model","status":"publish","type":"product","link":"https:\/\/labostera.lt\/lv\/priemones-ir-iranga\/mokymo-priemones-ir-iranga\/modeliai-manekenai-muliazai\/tiesiosios-zarnos-tyrimo-modelis-erler-zimmer-rectal-examination-model\/","title":{"rendered":"Erlera-Zimmera taisn\u0101s zarnas izmekl\u0113\u0161anas modelis"},"content":{"rendered":"<h2><strong>Erler-Zimmer GmbH &amp; Co. KG taisn\u0101s zarnas izmekl\u0113\u0161anas modelis<\/strong>:<\/h2>\n<ul>\n<li>Modelis R16240:<\/li>\n<li>\u0160is modelis tika izstr\u0101d\u0101ts, lai nodro\u0161in\u0101tu re\u0101listisku digit\u0101lo taisn\u0101s zarnas p\u0101rbaudi. Unisex modeli var modific\u0113t ar 4 da\u017e\u0101diem ielikt\u0146iem, lai atspogu\u013cotu da\u017e\u0101dus pacientu gad\u012bjumus.<\/li>\n<li>Komplekt\u0101 ietilpst 4 ielikt\u0146i:\n<ul>\n<li>Norm\u0101ls<\/li>\n<li>V\u0113zis A<\/li>\n<li>V\u0113zis B<\/li>\n<li>Polipi<\/li>\n<\/ul>\n<\/li>\n<li>Turkl\u0101t model\u012b ir iek\u013cauts prostatas ieliktnis un endocerviksa ieliktnis. An\u0101lo atveri var palp\u0113t l\u012bdz 7 cm dzi\u013cumam. Modelim komplekt\u0101 ir sm\u0113rviela un uzglab\u0101\u0161anas kaste. Ielikt\u0146i ir pal\u012bgmateri\u0101li un tos var pas\u016bt\u012bt atsevi\u0161\u0137i.<\/li>\n<\/ul>\n<p>Pieejam\u0101s opcijas:<\/p>\n<ul>\n<li>Modelis R16240A: Ieliktnis ar norm\u0101lu anatomiju<\/li>\n<li>Modelis R16240B: Ieliktnis ar v\u0113zi A<\/li>\n<li>Modelis R16240C: Ieliktnis ar v\u0113zi B<\/li>\n<li>Modelis R16240D: Ieliktnis ar polipiem<\/li>\n<\/ul>\n<h3>Taisn\u0101s zarnas izmekl\u0113\u0161anas mode\u013ci \u2013 <a href=\"http:\/\/labostera.lt\/lv\/product-brand\/erler-zimmer-gmbh-co-kg\/\">Erlera-Zimmera anatomijas grupa<\/a><\/h3>\n<p>Vair\u0101k inform\u0101cijas: <a href=\"https:\/\/erler-zimmer.de\/en\/Rectal-examination-model\/R16240\" target=\"_blank\" rel=\"noopener nofollow\">ra\u017eot\u0101ja t\u012bmek\u013ca vietn\u0113<\/a> vai nos\u016btiet mums piepras\u012bjumu!<\/p>","protected":false},"excerpt":{"rendered":"<p>Erlera-Zimmera taisn\u0101s zarnas izmekl\u0113\u0161anas modelis \u2013 re\u0101listiska digit\u0101l\u0101s izmekl\u0113\u0161anas apm\u0101c\u012bba ar da\u017e\u0101diem ielikt\u0146iem. Atlasiet papildu ielikt\u0146us.<\/p>","protected":false},"featured_media":20468,"template":"","meta":[],"product_cat":[75,79],"product_tag":[692,831,832,829,830,577,690,833,490,941],"class_list":{"0":"post-20461","1":"product","2":"type-product","3":"status-publish","4":"has-post-thumbnail","6":"product_brand-erler-zimmer-gmbh-co-kg","7":"product_cat-modeliai-manekenai-muliazai","8":"product_cat-mokymo-priemones-ir-iranga","9":"product_tag-erler-zimmer-gmbh-co-kg","10":"product_tag-medical-models","11":"product_tag-medical-simulators","12":"product_tag-medicininiai-modeliai","13":"product_tag-medicininiai-simuliatoriai","14":"product_tag-modeliai","15":"product_tag-models","16":"product_tag-simulatoriai","17":"product_tag-simulators","18":"product_tag-tiesiosios-zarnos-tyrimo-modeliai","20":"first","21":"onbackorder","22":"shipping-taxable","23":"purchasable","24":"product-type-variable"},"_links":{"self":[{"href":"https:\/\/labostera.lt\/lv\/wp-json\/wp\/v2\/product\/20461","targetHints":{"allow":["GET"]}}],"collection":[{"href":"https:\/\/labostera.lt\/lv\/wp-json\/wp\/v2\/product"}],"about":[{"href":"https:\/\/labostera.lt\/lv\/wp-json\/wp\/v2\/types\/product"}],"wp:featuredmedia":[{"embeddable":true,"href":"https:\/\/labostera.lt\/lv\/wp-json\/wp\/v2\/media\/20468"}],"wp:attachment":[{"href":"https:\/\/labostera.lt\/lv\/wp-json\/wp\/v2\/media?parent=20461"}],"wp:term":[{"taxonomy":"product_cat","embeddable":true,"href":"https:\/\/labostera.lt\/lv\/wp-json\/wp\/v2\/product_cat?post=20461"},{"taxonomy":"product_tag","embeddable":true,"href":"https:\/\/labostera.lt\/lv\/wp-json\/wp\/v2\/product_tag?post=20461"}],"curies":[{"name":"wp","href":"https:\/\/api.w.org\/{rel}","templated":true}]}}