{"id":20451,"date":"2024-04-05T11:02:16","date_gmt":"2024-04-05T08:02:16","guid":{"rendered":"http:\/\/labostera.lt\/?post_type=product&#038;p=20451"},"modified":"2024-10-18T15:16:51","modified_gmt":"2024-10-18T12:16:51","slug":"prostatos-tyrimo-simuliatorius-erler-zimmer-prostate-examination-simulator","status":"publish","type":"product","link":"https:\/\/labostera.lt\/lv\/priemones-ir-iranga\/mokymo-priemones-ir-iranga\/medicininiai-simuliatoriai\/prostatos-tyrimo-simuliatorius-erler-zimmer-prostate-examination-simulator\/","title":{"rendered":"Erler-Zimmer prostatas izmekl\u0113\u0161anas simulators"},"content":{"rendered":"<h2><strong>\u201eErler-Zimmer GmbH &amp; Co. KG prostatas izmekl\u0113\u0161anas simulators<\/strong>:<\/h2>\n<ul>\n<li>Modelis R10031:<\/li>\n<li>\u0160is simulators sast\u0101v no v\u012brie\u0161a v\u0113dera dobuma \u0137erme\u0146a un 4 da\u017e\u0101diem main\u0101miem prostatas dziedzeriem, kurus var ievietot ar\u012b iesp\u0113jamai diagnozei, pamatojoties uz tie\u0161u p\u0101rbaudi. Komplekt\u0101 ietilpst sm\u0113rviela, t\u012br\u012b\u0161anas l\u012bdzeklis un transport\u0113\u0161anas kaste.<\/li>\n<li>Katram no 4 prostatas dziedzeriem ir rakstur\u012bgas \u0161\u0101das \u012bpa\u0161\u012bbas:\n<ul>\n<li>Labdab\u012bgs, nedaudz palielin\u0101ts, bet cit\u0101di norm\u0101ls<\/li>\n<li>1. stadijas v\u0113zis, aug\u0161\u0113j\u0101 labaj\u0101 kvadrant\u0101 ir sataust\u0101ms atsevi\u0161\u0137s, ciets mezgli\u0146\u0161<\/li>\n<li>Ir redzama v\u0113\u017ea izplat\u012bba; mazais mezgli\u0146\u0161 ir palielin\u0101jies un k\u013cuvis par veidojuma \u0101r\u0113jo cieto virsmu.<\/li>\n<li>Piln\u012bb\u0101 aizst\u0101ts ar v\u0113zi, viss dziedzeris j\u016btas ciets un nel\u012bdzens<\/li>\n<\/ul>\n<\/li>\n<\/ul>\n<h3>Prostatas izmekl\u0113\u0161anas simulatori \u2013 <a href=\"http:\/\/labostera.lt\/lv\/product-brand\/erler-zimmer-gmbh-co-kg\/\">Erlera-Zimmera anatomijas grupa<\/a><\/h3>\n<p>Vair\u0101k inform\u0101cijas: <a href=\"https:\/\/erler-zimmer.de\/en\/Prostate-Examination-Simulator\/R10031\" target=\"_blank\" rel=\"noopener nofollow\">ra\u017eot\u0101ja t\u012bmek\u013ca vietn\u0113<\/a> vai nos\u016btiet mums piepras\u012bjumu!<\/p>","protected":false},"excerpt":{"rendered":"<p>Erlera-Zimmera prostatas izmekl\u0113\u0161anas simulators \u2013 re\u0101listiska prostatas diagnostikas prakse ar main\u0101miem dziedzeriem.<\/p>","protected":false},"featured_media":20452,"template":"","meta":[],"product_cat":[838,75,79],"product_tag":[692,831,832,829,830,577,690,938,833,490],"class_list":{"0":"post-20451","1":"product","2":"type-product","3":"status-publish","4":"has-post-thumbnail","6":"product_brand-erler-zimmer-gmbh-co-kg","7":"product_cat-medicininiai-simuliatoriai","8":"product_cat-modeliai-manekenai-muliazai","9":"product_cat-mokymo-priemones-ir-iranga","10":"product_tag-erler-zimmer-gmbh-co-kg","11":"product_tag-medical-models","12":"product_tag-medical-simulators","13":"product_tag-medicininiai-modeliai","14":"product_tag-medicininiai-simuliatoriai","15":"product_tag-modeliai","16":"product_tag-models","17":"product_tag-prostatos-tyrimo-simuliatoriai","18":"product_tag-simulatoriai","19":"product_tag-simulators","21":"first","22":"onbackorder","23":"shipping-taxable","24":"purchasable","25":"product-type-simple"},"_links":{"self":[{"href":"https:\/\/labostera.lt\/lv\/wp-json\/wp\/v2\/product\/20451","targetHints":{"allow":["GET"]}}],"collection":[{"href":"https:\/\/labostera.lt\/lv\/wp-json\/wp\/v2\/product"}],"about":[{"href":"https:\/\/labostera.lt\/lv\/wp-json\/wp\/v2\/types\/product"}],"wp:featuredmedia":[{"embeddable":true,"href":"https:\/\/labostera.lt\/lv\/wp-json\/wp\/v2\/media\/20452"}],"wp:attachment":[{"href":"https:\/\/labostera.lt\/lv\/wp-json\/wp\/v2\/media?parent=20451"}],"wp:term":[{"taxonomy":"product_cat","embeddable":true,"href":"https:\/\/labostera.lt\/lv\/wp-json\/wp\/v2\/product_cat?post=20451"},{"taxonomy":"product_tag","embeddable":true,"href":"https:\/\/labostera.lt\/lv\/wp-json\/wp\/v2\/product_tag?post=20451"}],"curies":[{"name":"wp","href":"https:\/\/api.w.org\/{rel}","templated":true}]}}