{"id":20449,"date":"2024-04-05T10:12:33","date_gmt":"2024-04-05T07:12:33","guid":{"rendered":"http:\/\/labostera.lt\/?post_type=product&#038;p=20449"},"modified":"2024-10-18T15:16:52","modified_gmt":"2024-10-18T12:16:52","slug":"seklidziu-ultragarso-fantomas-erler-zimmer-scrotal-ultrasound-phantom","status":"publish","type":"product","link":"https:\/\/labostera.lt\/lv\/priemones-ir-iranga\/mokymo-priemones-ir-iranga\/medicininiai-simuliatoriai\/seklidziu-ultragarso-fantomas-erler-zimmer-scrotal-ultrasound-phantom\/","title":{"rendered":"Erlera-Zimmera s\u0113klinieku ultraska\u0146as fantoms"},"content":{"rendered":"<h2><strong>\u201eErler-Zimmer GmbH &amp; Co. KG s\u0113klinieku ultraska\u0146as fantoms<\/strong>:<\/h2>\n<ul>\n<li>Modelis R16018:<\/li>\n<li>S\u0113klinieku ultraska\u0146as fantoms nodro\u0161ina studentiem re\u0101listisku apm\u0101c\u012bbu ar augstas kvalit\u0101tes ultraska\u0146as att\u0113liem.<\/li>\n<li>Savstarp\u0113ji aizvietojami norm\u0101li un v\u0113\u017ea fantomi sniedz ne tikai anatomisku izpratni, bet ar\u012b patolo\u0123iskus att\u0113lus.<\/li>\n<\/ul>\n<h3>S\u0113klinieku ultraska\u0146as fantomi \u2013 <a href=\"http:\/\/labostera.lt\/lv\/product-brand\/erler-zimmer-gmbh-co-kg\/\">Erlera-Zimmera anatomijas grupa<\/a><\/h3>\n<p>Vair\u0101k inform\u0101cijas: <a href=\"https:\/\/erler-zimmer.de\/en\/Scrotal-Ultrasound-Phantom\/R16018\" target=\"_blank\" rel=\"noopener nofollow\">ra\u017eot\u0101ja t\u012bmek\u013ca vietn\u0113<\/a> vai nos\u016btiet mums piepras\u012bjumu!<\/p>","protected":false},"excerpt":{"rendered":"<p>Erlera-Zimmera s\u0113klinieku ultraska\u0146as fantoms \u2013 augstas kvalit\u0101tes ultraska\u0146as att\u0113li un apm\u0101c\u012bba re\u0101listiskos apst\u0101k\u013cos.<\/p>","protected":false},"featured_media":20450,"template":"","meta":[],"product_cat":[838,75,79],"product_tag":[692,831,832,829,830,577,690,937,833,490],"class_list":{"0":"post-20449","1":"product","2":"type-product","3":"status-publish","4":"has-post-thumbnail","6":"product_brand-erler-zimmer-gmbh-co-kg","7":"product_cat-medicininiai-simuliatoriai","8":"product_cat-modeliai-manekenai-muliazai","9":"product_cat-mokymo-priemones-ir-iranga","10":"product_tag-erler-zimmer-gmbh-co-kg","11":"product_tag-medical-models","12":"product_tag-medical-simulators","13":"product_tag-medicininiai-modeliai","14":"product_tag-medicininiai-simuliatoriai","15":"product_tag-modeliai","16":"product_tag-models","17":"product_tag-seklidziu-ultragarso-fantomai","18":"product_tag-simulatoriai","19":"product_tag-simulators","21":"first","22":"onbackorder","23":"shipping-taxable","24":"purchasable","25":"product-type-simple"},"_links":{"self":[{"href":"https:\/\/labostera.lt\/lv\/wp-json\/wp\/v2\/product\/20449","targetHints":{"allow":["GET"]}}],"collection":[{"href":"https:\/\/labostera.lt\/lv\/wp-json\/wp\/v2\/product"}],"about":[{"href":"https:\/\/labostera.lt\/lv\/wp-json\/wp\/v2\/types\/product"}],"wp:featuredmedia":[{"embeddable":true,"href":"https:\/\/labostera.lt\/lv\/wp-json\/wp\/v2\/media\/20450"}],"wp:attachment":[{"href":"https:\/\/labostera.lt\/lv\/wp-json\/wp\/v2\/media?parent=20449"}],"wp:term":[{"taxonomy":"product_cat","embeddable":true,"href":"https:\/\/labostera.lt\/lv\/wp-json\/wp\/v2\/product_cat?post=20449"},{"taxonomy":"product_tag","embeddable":true,"href":"https:\/\/labostera.lt\/lv\/wp-json\/wp\/v2\/product_tag?post=20449"}],"curies":[{"name":"wp","href":"https:\/\/api.w.org\/{rel}","templated":true}]}}