{"id":20448,"date":"2024-04-05T09:04:27","date_gmt":"2024-04-05T06:04:27","guid":{"rendered":"http:\/\/labostera.lt\/?post_type=product&#038;p=20448"},"modified":"2024-10-18T15:16:53","modified_gmt":"2024-10-18T12:16:53","slug":"orchidometras-erler-zimmer-orchidometer","status":"publish","type":"product","link":"https:\/\/labostera.lt\/lv\/priemones-ir-iranga\/mokymo-priemones-ir-iranga\/modeliai-manekenai-muliazai\/orchidometras-erler-zimmer-orchidometer\/","title":{"rendered":"Orhidometrs Erler-Zimmer Orhidometrs"},"content":{"rendered":"<h2><strong>\u201eErler-Zimmer GmbH &amp; Co. KG orhidometrs<\/strong>:<\/h2>\n<ul>\n<li>Modelis OM20:<\/li>\n<li>Orhidometrs ir paredz\u0113ts s\u0113klinieku tilpuma diagnostikai.<\/li>\n<li>Sast\u0101v no pirmspubert\u0101tes s\u0113kliniekiem (1\u20133 ml) dzelten\u0101 kr\u0101s\u0101, pubert\u0101tes s\u0113kliniekiem (4\u201312 ml) oran\u017e\u0101 kr\u0101s\u0101 un pieaugu\u0161a cilv\u0113ka s\u0113kliniekiem (15\u201325 ml) sarkan\u0101 kr\u0101s\u0101.<\/li>\n<li>Iztur\u012bgs plastmasas materi\u0101ls, higi\u0113nisks, ar aukli\u0146u.<\/li>\n<\/ul>\n<h3>Orhidometri \u2013 <a href=\"http:\/\/labostera.lt\/lv\/product-brand\/erler-zimmer-gmbh-co-kg\/\">Erlera-Zimmera anatomijas grupa<\/a><\/h3>\n<p>Vair\u0101k inform\u0101cijas: <a href=\"https:\/\/erler-zimmer.de\/en\/Orchidometer-plastic\/OM20\" target=\"_blank\" rel=\"noopener nofollow\">ra\u017eot\u0101ja t\u012bmek\u013ca vietn\u0113<\/a> vai nos\u016btiet mums piepras\u012bjumu!<\/p>","protected":false},"excerpt":{"rendered":"<p>Erlera-Zimmera orhidometrs \u2013 iztur\u012bga plastmasas ier\u012bce s\u0113klinieku tilpuma diagnostikai ar kr\u0101su mar\u0137\u0113jumiem s\u0113klinieku vecumam.<\/p>","protected":false},"featured_media":19271,"template":"","meta":[],"product_cat":[75,79],"product_tag":[692,831,832,829,830,577,690,936,833,490],"class_list":{"0":"post-20448","1":"product","2":"type-product","3":"status-publish","4":"has-post-thumbnail","6":"product_brand-erler-zimmer-gmbh-co-kg","7":"product_cat-modeliai-manekenai-muliazai","8":"product_cat-mokymo-priemones-ir-iranga","9":"product_tag-erler-zimmer-gmbh-co-kg","10":"product_tag-medical-models","11":"product_tag-medical-simulators","12":"product_tag-medicininiai-modeliai","13":"product_tag-medicininiai-simuliatoriai","14":"product_tag-modeliai","15":"product_tag-models","16":"product_tag-orchidometrai","17":"product_tag-simulatoriai","18":"product_tag-simulators","20":"first","21":"onbackorder","22":"shipping-taxable","23":"purchasable","24":"product-type-simple"},"_links":{"self":[{"href":"https:\/\/labostera.lt\/lv\/wp-json\/wp\/v2\/product\/20448","targetHints":{"allow":["GET"]}}],"collection":[{"href":"https:\/\/labostera.lt\/lv\/wp-json\/wp\/v2\/product"}],"about":[{"href":"https:\/\/labostera.lt\/lv\/wp-json\/wp\/v2\/types\/product"}],"wp:featuredmedia":[{"embeddable":true,"href":"https:\/\/labostera.lt\/lv\/wp-json\/wp\/v2\/media\/19271"}],"wp:attachment":[{"href":"https:\/\/labostera.lt\/lv\/wp-json\/wp\/v2\/media?parent=20448"}],"wp:term":[{"taxonomy":"product_cat","embeddable":true,"href":"https:\/\/labostera.lt\/lv\/wp-json\/wp\/v2\/product_cat?post=20448"},{"taxonomy":"product_tag","embeddable":true,"href":"https:\/\/labostera.lt\/lv\/wp-json\/wp\/v2\/product_tag?post=20448"}],"curies":[{"name":"wp","href":"https:\/\/api.w.org\/{rel}","templated":true}]}}