{"id":20446,"date":"2024-04-04T16:53:08","date_gmt":"2024-04-04T13:53:08","guid":{"rendered":"http:\/\/labostera.lt\/?post_type=product&#038;p=20446"},"modified":"2024-10-18T15:16:54","modified_gmt":"2024-10-18T12:16:54","slug":"seklidziu-savityros-modelis-erler-zimmer-testicle-self-examination-model-2","status":"publish","type":"product","link":"https:\/\/labostera.lt\/lv\/priemones-ir-iranga\/mokymo-priemones-ir-iranga\/modeliai-manekenai-muliazai\/seklidziu-savityros-modelis-erler-zimmer-testicle-self-examination-model-2\/","title":{"rendered":"Erlera-Zimmera s\u0113klinieku pa\u0161p\u0101rbaudes modelis"},"content":{"rendered":"<h2><strong>Erler-Zimmer GmbH &amp; Co. KG s\u0113klinieku pa\u0161p\u0101rbaudes modelis<\/strong>:<\/h2>\n<ul>\n<li>Modelis R10034:<\/li>\n<li>S\u0113klinieku pa\u0161p\u0101rbaude ir tikpat svar\u012bga proced\u016bra k\u0101 kr\u016b\u0161u pa\u0161p\u0101rbaude sieviet\u0113m, lai agr\u012bni atkl\u0101tu audz\u0113jus.<\/li>\n<li>\u0160is simulators pied\u0101v\u0101 izcilu re\u0101lismu ar m\u012bkstu, pl\u0101nu \u0101das sl\u0101ni, kas aptver smalkas iek\u0161\u0113j\u0101s strukt\u016bras, k\u0101 ar\u012b \u010detriem simul\u0113tiem izci\u013c\u0146iem.<\/li>\n<li>Ide\u0101li piem\u0113rots pareizu palp\u0101cijas meto\u017eu apguvei.<\/li>\n<li>Lai saglab\u0101tu \u0101das dabisko saj\u016btu, ieteicams regul\u0101ri lietot b\u0113rnu p\u016bderi (iek\u013cauts komplekt\u0101).<\/li>\n<\/ul>\n<h3>S\u0113klinieku pa\u0161p\u0101rbaudes mode\u013ci \u2013 <a href=\"http:\/\/labostera.lt\/lv\/product-brand\/erler-zimmer-gmbh-co-kg\/\">Erlera-Zimmera anatomijas grupa<\/a><\/h3>\n<p>Vair\u0101k inform\u0101cijas: <a href=\"https:\/\/erler-zimmer.de\/en\/Testicle-Self-Examination-Model\/R10034\" target=\"_blank\" rel=\"noopener nofollow\">ra\u017eot\u0101ja t\u012bmek\u013ca vietn\u0113<\/a> vai nos\u016btiet mums piepras\u012bjumu!<\/p>","protected":false},"excerpt":{"rendered":"<p>Erlera-Zimmera s\u0113klinieku pa\u0161p\u0101rbaudes modelis \u2013 izcils re\u0101lisms ar m\u012bkstu, pl\u0101nu \u0101das strukt\u016bru un \u010detriem imit\u0113tiem izci\u013c\u0146iem, ide\u0101li piem\u0113rots palp\u0101cijas meto\u017eu apm\u0101c\u012bbai.<\/p>","protected":false},"featured_media":20447,"template":"","meta":[],"product_cat":[75,79],"product_tag":[692,831,832,829,830,577,690,935,833,490],"class_list":{"0":"post-20446","1":"product","2":"type-product","3":"status-publish","4":"has-post-thumbnail","6":"product_brand-erler-zimmer-gmbh-co-kg","7":"product_cat-modeliai-manekenai-muliazai","8":"product_cat-mokymo-priemones-ir-iranga","9":"product_tag-erler-zimmer-gmbh-co-kg","10":"product_tag-medical-models","11":"product_tag-medical-simulators","12":"product_tag-medicininiai-modeliai","13":"product_tag-medicininiai-simuliatoriai","14":"product_tag-modeliai","15":"product_tag-models","16":"product_tag-seklidziu-savityros-modeliai","17":"product_tag-simulatoriai","18":"product_tag-simulators","20":"first","21":"onbackorder","22":"shipping-taxable","23":"purchasable","24":"product-type-simple"},"_links":{"self":[{"href":"https:\/\/labostera.lt\/lv\/wp-json\/wp\/v2\/product\/20446","targetHints":{"allow":["GET"]}}],"collection":[{"href":"https:\/\/labostera.lt\/lv\/wp-json\/wp\/v2\/product"}],"about":[{"href":"https:\/\/labostera.lt\/lv\/wp-json\/wp\/v2\/types\/product"}],"wp:featuredmedia":[{"embeddable":true,"href":"https:\/\/labostera.lt\/lv\/wp-json\/wp\/v2\/media\/20447"}],"wp:attachment":[{"href":"https:\/\/labostera.lt\/lv\/wp-json\/wp\/v2\/media?parent=20446"}],"wp:term":[{"taxonomy":"product_cat","embeddable":true,"href":"https:\/\/labostera.lt\/lv\/wp-json\/wp\/v2\/product_cat?post=20446"},{"taxonomy":"product_tag","embeddable":true,"href":"https:\/\/labostera.lt\/lv\/wp-json\/wp\/v2\/product_tag?post=20446"}],"curies":[{"name":"wp","href":"https:\/\/api.w.org\/{rel}","templated":true}]}}