{"id":20443,"date":"2024-04-04T15:57:28","date_gmt":"2024-04-04T12:57:28","guid":{"rendered":"http:\/\/labostera.lt\/?post_type=product&#038;p=20443"},"modified":"2024-10-18T15:16:55","modified_gmt":"2024-10-18T12:16:55","slug":"seklidziu-savityros-modelis-erler-zimmer-testicle-self-examination-model","status":"publish","type":"product","link":"https:\/\/labostera.lt\/lv\/priemones-ir-iranga\/mokymo-priemones-ir-iranga\/modeliai-manekenai-muliazai\/seklidziu-savityros-modelis-erler-zimmer-testicle-self-examination-model\/","title":{"rendered":"Erlera-Zimmera s\u0113klinieku pa\u0161p\u0101rbaudes modelis"},"content":{"rendered":"<h2><strong>Erler-Zimmer GmbH &amp; Co. KG s\u0113klinieku pa\u0161p\u0101rbaudes modelis<\/strong>:<\/h2>\n<ul>\n<li>Modelis R10065:<\/li>\n<li>Izgatavots no m\u012bksta materi\u0101la, \u0161im dabiska izm\u0113ra modelim ir 2 izci\u013c\u0146i uz katra s\u0113klinieka.<\/li>\n<li>Lieliski piem\u0113rots s\u0113klinieku pa\u0161p\u0101rbaudes (TSE) metodes apm\u0101c\u012bbai.<\/li>\n<li>N\u0101k komplekt\u0101 ar p\u0101rn\u0113s\u0101\u0161anas maisi\u0146u.<\/li>\n<\/ul>\n<h3>S\u0113klinieku pa\u0161p\u0101rbaudes mode\u013ci \u2013 <a href=\"http:\/\/labostera.lt\/lv\/product-brand\/erler-zimmer-gmbh-co-kg\/\">Erlera-Zimmera anatomijas grupa<\/a><\/h3>\n<p>Vair\u0101k inform\u0101cijas: <a href=\"https:\/\/erler-zimmer.de\/en\/Testicle-Self-Examination-Model\/R10065\" target=\"_blank\" rel=\"noopener nofollow\">ra\u017eot\u0101ja t\u012bmek\u013ca vietn\u0113<\/a> vai nos\u016btiet mums piepras\u012bjumu!<\/p>","protected":false},"excerpt":{"rendered":"<p>Erlera-Zimmera s\u0113klinieku pa\u0161p\u0101rbaudes modelis \u2013 re\u0101la izm\u0113ra modelis ar 2 mezgli\u0146iem katr\u0101 s\u0113kliniek\u0101, piem\u0113rots s\u0113klinieku pa\u0161p\u0101rbaudes (TSE) metodes apm\u0101c\u012bbai.<\/p>","protected":false},"featured_media":20445,"template":"","meta":[],"product_cat":[75,79],"product_tag":[692,831,832,829,830,577,690,935,833,490],"class_list":{"0":"post-20443","1":"product","2":"type-product","3":"status-publish","4":"has-post-thumbnail","6":"product_brand-erler-zimmer-gmbh-co-kg","7":"product_cat-modeliai-manekenai-muliazai","8":"product_cat-mokymo-priemones-ir-iranga","9":"product_tag-erler-zimmer-gmbh-co-kg","10":"product_tag-medical-models","11":"product_tag-medical-simulators","12":"product_tag-medicininiai-modeliai","13":"product_tag-medicininiai-simuliatoriai","14":"product_tag-modeliai","15":"product_tag-models","16":"product_tag-seklidziu-savityros-modeliai","17":"product_tag-simulatoriai","18":"product_tag-simulators","20":"first","21":"onbackorder","22":"shipping-taxable","23":"purchasable","24":"product-type-simple"},"_links":{"self":[{"href":"https:\/\/labostera.lt\/lv\/wp-json\/wp\/v2\/product\/20443","targetHints":{"allow":["GET"]}}],"collection":[{"href":"https:\/\/labostera.lt\/lv\/wp-json\/wp\/v2\/product"}],"about":[{"href":"https:\/\/labostera.lt\/lv\/wp-json\/wp\/v2\/types\/product"}],"wp:featuredmedia":[{"embeddable":true,"href":"https:\/\/labostera.lt\/lv\/wp-json\/wp\/v2\/media\/20445"}],"wp:attachment":[{"href":"https:\/\/labostera.lt\/lv\/wp-json\/wp\/v2\/media?parent=20443"}],"wp:term":[{"taxonomy":"product_cat","embeddable":true,"href":"https:\/\/labostera.lt\/lv\/wp-json\/wp\/v2\/product_cat?post=20443"},{"taxonomy":"product_tag","embeddable":true,"href":"https:\/\/labostera.lt\/lv\/wp-json\/wp\/v2\/product_tag?post=20443"}],"curies":[{"name":"wp","href":"https:\/\/api.w.org\/{rel}","templated":true}]}}