{"id":20438,"date":"2024-04-04T15:07:51","date_gmt":"2024-04-04T12:07:51","guid":{"rendered":"http:\/\/labostera.lt\/?post_type=product&#038;p=20438"},"modified":"2024-10-18T15:16:56","modified_gmt":"2024-10-18T12:16:56","slug":"krutines-ultragarso-tyrimo-fantomas-erler-zimmer-breast-ultrasound-examination-phantom","status":"publish","type":"product","link":"https:\/\/labostera.lt\/lv\/priemones-ir-iranga\/mokymo-priemones-ir-iranga\/medicininiai-simuliatoriai\/krutines-ultragarso-tyrimo-fantomas-erler-zimmer-breast-ultrasound-examination-phantom\/","title":{"rendered":"Erlera-Zimmera kr\u016b\u0161u ultraska\u0146as fantoms"},"content":{"rendered":"<h2><strong>Erler-Zimmer GmbH &amp; Co. KG kr\u016b\u0161kurvja ultraska\u0146as fantoms<\/strong>:<\/h2>\n<ul>\n<li>Modelis R16670:<\/li>\n<li>Unik\u0101ls fantoms, kas paredz\u0113ts kr\u016b\u0161kurvja ultraska\u0146as pamata apm\u0101c\u012bbai.<\/li>\n<li>Fantoma piena dziedzer\u012b tika ievietoti simul\u0113ti m\u0113r\u0137i ar da\u017e\u0101du ehogenit\u0101ti.<\/li>\n<li>Var vizualiz\u0113t zem\u0101das taukaudus, piena dziedzeri, galaktofonu, K\u016bpera saites, retromam\u0101ros taukus, ribas, atsl\u0113gas kaulu, lielo kr\u016b\u0161u muskuli un plau\u0161as, k\u0101 ar\u012b limfmezglus zem\u0101das apvid\u016b.<\/li>\n<\/ul>\n<h3>Kr\u016b\u0161kurvja ultraska\u0146as fantomi \u2013 <a href=\"http:\/\/labostera.lt\/lv\/product-brand\/erler-zimmer-gmbh-co-kg\/\">Erlera-Zimmera anatomijas grupa<\/a><\/h3>\n<p>Vair\u0101k inform\u0101cijas: <a href=\"https:\/\/erler-zimmer.de\/en\/Breast-Ultrasound-Examination-Phantom\/R16670\" target=\"_blank\" rel=\"noopener nofollow\">ra\u017eot\u0101ja t\u012bmek\u013ca vietn\u0113<\/a> vai nos\u016btiet mums piepras\u012bjumu!<\/p>","protected":false},"excerpt":{"rendered":"<p>Erlera-Zimmera kr\u016b\u0161kurvja ultraska\u0146as izmekl\u0113\u0161anas fantoms \u2013 unik\u0101ls fantoms pamata kr\u016b\u0161kurvja ultraska\u0146as izmekl\u0113\u0161anas apm\u0101c\u012bbai. Fantoma piena dziedzer\u012b tika ievietoti simul\u0113ti m\u0113r\u0137i ar da\u017e\u0101du ehogenit\u0101ti.<\/p>","protected":false},"featured_media":20442,"template":"","meta":[],"product_cat":[838,75,79],"product_tag":[692,934,831,832,829,830,577,690,833,490],"class_list":{"0":"post-20438","1":"product","2":"type-product","3":"status-publish","4":"has-post-thumbnail","6":"product_brand-erler-zimmer-gmbh-co-kg","7":"product_cat-medicininiai-simuliatoriai","8":"product_cat-modeliai-manekenai-muliazai","9":"product_cat-mokymo-priemones-ir-iranga","10":"product_tag-erler-zimmer-gmbh-co-kg","11":"product_tag-krutines-ultragarso-tyrimo-fantomai","12":"product_tag-medical-models","13":"product_tag-medical-simulators","14":"product_tag-medicininiai-modeliai","15":"product_tag-medicininiai-simuliatoriai","16":"product_tag-modeliai","17":"product_tag-models","18":"product_tag-simulatoriai","19":"product_tag-simulators","21":"first","22":"onbackorder","23":"shipping-taxable","24":"purchasable","25":"product-type-simple"},"_links":{"self":[{"href":"https:\/\/labostera.lt\/lv\/wp-json\/wp\/v2\/product\/20438","targetHints":{"allow":["GET"]}}],"collection":[{"href":"https:\/\/labostera.lt\/lv\/wp-json\/wp\/v2\/product"}],"about":[{"href":"https:\/\/labostera.lt\/lv\/wp-json\/wp\/v2\/types\/product"}],"wp:featuredmedia":[{"embeddable":true,"href":"https:\/\/labostera.lt\/lv\/wp-json\/wp\/v2\/media\/20442"}],"wp:attachment":[{"href":"https:\/\/labostera.lt\/lv\/wp-json\/wp\/v2\/media?parent=20438"}],"wp:term":[{"taxonomy":"product_cat","embeddable":true,"href":"https:\/\/labostera.lt\/lv\/wp-json\/wp\/v2\/product_cat?post=20438"},{"taxonomy":"product_tag","embeddable":true,"href":"https:\/\/labostera.lt\/lv\/wp-json\/wp\/v2\/product_tag?post=20438"}],"curies":[{"name":"wp","href":"https:\/\/api.w.org\/{rel}","templated":true}]}}