{"id":20432,"date":"2024-04-04T14:07:58","date_gmt":"2024-04-04T11:07:58","guid":{"rendered":"http:\/\/labostera.lt\/?post_type=product&#038;p=20432"},"modified":"2024-10-18T15:19:42","modified_gmt":"2024-10-18T12:19:42","slug":"ultragarsu-valdomas-krutines-biopsijos-fantomas-erler-zimmer-ultrasound-guided-breast-biopsy-phantom","status":"publish","type":"product","link":"https:\/\/labostera.lt\/lv\/priemones-ir-iranga\/mokymo-priemones-ir-iranga\/medicininiai-simuliatoriai\/ultragarsu-valdomas-krutines-biopsijos-fantomas-erler-zimmer-ultrasound-guided-breast-biopsy-phantom\/","title":{"rendered":"Ultraska\u0146as vad\u012btas kr\u016bts biopsijas fantoms Erlera-Zimmera ultraska\u0146as vad\u012btas kr\u016bts biopsijas fantoms"},"content":{"rendered":"<h2><strong>Erler-Zimmer GmbH &amp; Co. KG Ultraska\u0146as vad\u012bta kr\u016bts biopsijas fantoms<\/strong>:<\/h2>\n<ul>\n<li>Modelis R16675: Komplekts, kas sast\u0101v no vienas pamata un vienas sare\u017e\u0123\u012bt\u0101kas l\u0101des<\/li>\n<li>Modelis R16675-1: Komplekts, kas sast\u0101v no div\u0101m galvenaj\u0101m kr\u016bt\u012bm<\/li>\n<li>Modelis R16675-2: Komplekts, kas sast\u0101v no div\u0101m sare\u017e\u0123\u012bt\u0101k\u0101m kr\u016bt\u012bm<\/li>\n<\/ul>\n<p>V\u0113lamies j\u016bs iepaz\u012bstin\u0101t ar jaunu apm\u0101c\u012bbas fantomu ultraska\u0146as vad\u012btai kr\u016bts biopsijai.<br \/>\nTaj\u0101 ir:<\/p>\n<ul>\n<li>Var veikt smalkas adatas aspir\u0101ciju (FNAB), kodola adatas aspir\u0101ciju (CNB) un ultraska\u0146as vad\u012btu mamotomijas biopsiju.<\/li>\n<li>Kr\u016bts fantoma audi atspogu\u013co m\u0101tes dziedzera maigumu un pretest\u012bbu.<\/li>\n<li>Lieliska video kvalit\u0101te.<\/li>\n<li>Malas ir iekr\u0101sotas, lai apstiprin\u0101tu veiksm\u012bgu parauga sav\u0101k\u0161anu.<\/li>\n<li>M\u0113r\u0137i ir iedal\u012bti tr\u012bs l\u012bme\u0146os, lai var\u0113tu tren\u0113ties da\u017e\u0101dos le\u0146\u0137os un dzi\u013cumos.<\/li>\n<\/ul>\n<p>Phantom ir pieejams div\u0101s versij\u0101s. Pamata versija ir caursp\u012bd\u012bga un tai ir 12 hiperehog\u0113ni m\u0113r\u0137i, kuru izm\u0113rs ir 6 mm un 10 mm, zilas kr\u0101sas m\u0113r\u0137i. Uzlabot\u0101k\u0101 kr\u016b\u0161kurvja da\u013ca ir necaursp\u012bd\u012bga, un tai ir ar\u012b 12 m\u0113r\u0137i, 6 hiperehog\u0113ni (zili) un 6 hipoehog\u0113ni (sarkani) m\u0113r\u0137i, kuru izm\u0113ri ir 6 mm un 10 mm.<br \/>\nIzm\u0113rs: 136 mm diametrs, 70 mm augstums, svars: 0,7 kg<\/p>\n<h3>Ultraska\u0146as vad\u012btas kr\u016bts biopsijas fantomi \u2013 <a href=\"http:\/\/labostera.lt\/lv\/product-brand\/erler-zimmer-gmbh-co-kg\/\">Erlera-Zimmera anatomijas grupa<\/a><\/h3>\n<p>Vair\u0101k inform\u0101cijas: <a href=\"https:\/\/erler-zimmer.de\/en\/Ultrasound-Guided-Breast-Biopsy-Phantom-Set-of-one-basic-and-one-advanced-breast\/R16675\" target=\"_blank\" rel=\"noopener nofollow\">ra\u017eot\u0101ja t\u012bmek\u013ca vietn\u0113<\/a> vai nos\u016btiet mums piepras\u012bjumu!<\/p>","protected":false},"excerpt":{"rendered":"<p>Erlera-Zimmera kr\u016bts v\u0113\u017ea palp\u0101cijas modelis \u2013 re\u0101listisks sievietes kr\u016bts modelis ar da\u017e\u0101d\u0101m patolo\u0123isk\u0101m izmai\u0146\u0101m. Piem\u0113rots \u0101rstu apm\u0101c\u012bbai un pa\u0161p\u0101rbaudes instrukcij\u0101m.<\/p>","protected":false},"featured_media":20433,"template":"","meta":[],"product_cat":[838,75,79],"product_tag":[692,831,832,829,830,577,690,833,490,933],"class_list":{"0":"post-20432","1":"product","2":"type-product","3":"status-publish","4":"has-post-thumbnail","6":"product_brand-erler-zimmer-gmbh-co-kg","7":"product_cat-medicininiai-simuliatoriai","8":"product_cat-modeliai-manekenai-muliazai","9":"product_cat-mokymo-priemones-ir-iranga","10":"product_tag-erler-zimmer-gmbh-co-kg","11":"product_tag-medical-models","12":"product_tag-medical-simulators","13":"product_tag-medicininiai-modeliai","14":"product_tag-medicininiai-simuliatoriai","15":"product_tag-modeliai","16":"product_tag-models","17":"product_tag-simulatoriai","18":"product_tag-simulators","19":"product_tag-ultragarsu-valdomi-krutines-biopsijos-fantomai","21":"first","22":"onbackorder","23":"shipping-taxable","24":"purchasable","25":"product-type-variable"},"_links":{"self":[{"href":"https:\/\/labostera.lt\/lv\/wp-json\/wp\/v2\/product\/20432","targetHints":{"allow":["GET"]}}],"collection":[{"href":"https:\/\/labostera.lt\/lv\/wp-json\/wp\/v2\/product"}],"about":[{"href":"https:\/\/labostera.lt\/lv\/wp-json\/wp\/v2\/types\/product"}],"wp:featuredmedia":[{"embeddable":true,"href":"https:\/\/labostera.lt\/lv\/wp-json\/wp\/v2\/media\/20433"}],"wp:attachment":[{"href":"https:\/\/labostera.lt\/lv\/wp-json\/wp\/v2\/media?parent=20432"}],"wp:term":[{"taxonomy":"product_cat","embeddable":true,"href":"https:\/\/labostera.lt\/lv\/wp-json\/wp\/v2\/product_cat?post=20432"},{"taxonomy":"product_tag","embeddable":true,"href":"https:\/\/labostera.lt\/lv\/wp-json\/wp\/v2\/product_tag?post=20432"}],"curies":[{"name":"wp","href":"https:\/\/api.w.org\/{rel}","templated":true}]}}