{"id":20429,"date":"2024-04-04T13:15:10","date_gmt":"2024-04-04T10:15:10","guid":{"rendered":"http:\/\/labostera.lt\/?post_type=product&#038;p=20429"},"modified":"2024-10-18T15:16:58","modified_gmt":"2024-10-18T12:16:58","slug":"krutines-vezio-palpacijos-modelis-erler-zimmer-breast-cancer-palpation-model-3","status":"publish","type":"product","link":"https:\/\/labostera.lt\/lv\/priemones-ir-iranga\/mokymo-priemones-ir-iranga\/modeliai-manekenai-muliazai\/krutines-vezio-palpacijos-modelis-erler-zimmer-breast-cancer-palpation-model-3\/","title":{"rendered":"Erler-Zimmer kr\u016bts v\u0113\u017ea palp\u0101cijas modelis"},"content":{"rendered":"<h2><strong>Erler-Zimmer GmbH &amp; Co. KG kr\u016bts v\u0113\u017ea palp\u0101cijas modelis<\/strong>:<\/h2>\n<ul>\n<li>Modelis LM17:<\/li>\n<li>Re\u0101las sievietes kr\u016bts kopija ar patolo\u0123isk\u0101m izmai\u0146\u0101m.<\/li>\n<li>Piem\u0113rots gan pa\u0161p\u0101rbaudes instrukcij\u0101m, gan ar\u012b \u0101rstiem un medic\u012bnas speci\u0101listiem.<\/li>\n<li>T\u0101 k\u0101 modeli var piestiprin\u0101t pacientam, tas ir \u012bpa\u0161i piem\u0113rots pa\u0161p\u0101rbaudes praktiz\u0113\u0161anai.<\/li>\n<li>Izmantojot da\u017e\u0101dus \u012bpa\u0161us sint\u0113tiskus materi\u0101lus, \u0161is modelis ir \u013coti re\u0101listisks gan p\u0113c izskata, gan p\u0113c saj\u016btas.<\/li>\n<li>Lieliski piem\u0113rots grupu treni\u0146iem.<\/li>\n<li>Modelim ir 5 izci\u013c\u0146i, un viens izci\u013cnis (Nr. 5) ir izgatavots ar \u0101das reljefu.<\/li>\n<\/ul>\n<h3>Kr\u016bts v\u0113\u017ea palp\u0101cijas mode\u013ci \u2013 <a href=\"http:\/\/labostera.lt\/lv\/product-brand\/erler-zimmer-gmbh-co-kg\/\">Erlera-Zimmera anatomijas grupa<\/a><\/h3>\n<p>Vair\u0101k inform\u0101cijas: <a href=\"https:\/\/erler-zimmer.de\/en\/Breast-cancer-palpation-model\/LM17\" target=\"_blank\" rel=\"noopener nofollow\">ra\u017eot\u0101ja t\u012bmek\u013ca vietn\u0113<\/a> vai nos\u016btiet mums piepras\u012bjumu!<\/p>","protected":false},"excerpt":{"rendered":"<p>Erlera-Zimmera kr\u016bts v\u0113\u017ea palp\u0101cijas modelis \u2013 re\u0101listisks sievietes kr\u016bts modelis ar da\u017e\u0101d\u0101m patolo\u0123isk\u0101m izmai\u0146\u0101m. Piem\u0113rots \u0101rstu apm\u0101c\u012bbai un pa\u0161p\u0101rbaudes instrukcij\u0101m.<\/p>","protected":false},"featured_media":20430,"template":"","meta":[],"product_cat":[75,79],"product_tag":[692,926,831,832,829,830,577,690,833,490],"class_list":{"0":"post-20429","1":"product","2":"type-product","3":"status-publish","4":"has-post-thumbnail","6":"product_brand-erler-zimmer-gmbh-co-kg","7":"product_cat-modeliai-manekenai-muliazai","8":"product_cat-mokymo-priemones-ir-iranga","9":"product_tag-erler-zimmer-gmbh-co-kg","10":"product_tag-krutines-vezio-palpacijos-modeliai","11":"product_tag-medical-models","12":"product_tag-medical-simulators","13":"product_tag-medicininiai-modeliai","14":"product_tag-medicininiai-simuliatoriai","15":"product_tag-modeliai","16":"product_tag-models","17":"product_tag-simulatoriai","18":"product_tag-simulators","20":"first","21":"onbackorder","22":"shipping-taxable","23":"purchasable","24":"product-type-simple"},"_links":{"self":[{"href":"https:\/\/labostera.lt\/lv\/wp-json\/wp\/v2\/product\/20429","targetHints":{"allow":["GET"]}}],"collection":[{"href":"https:\/\/labostera.lt\/lv\/wp-json\/wp\/v2\/product"}],"about":[{"href":"https:\/\/labostera.lt\/lv\/wp-json\/wp\/v2\/types\/product"}],"wp:featuredmedia":[{"embeddable":true,"href":"https:\/\/labostera.lt\/lv\/wp-json\/wp\/v2\/media\/20430"}],"wp:attachment":[{"href":"https:\/\/labostera.lt\/lv\/wp-json\/wp\/v2\/media?parent=20429"}],"wp:term":[{"taxonomy":"product_cat","embeddable":true,"href":"https:\/\/labostera.lt\/lv\/wp-json\/wp\/v2\/product_cat?post=20429"},{"taxonomy":"product_tag","embeddable":true,"href":"https:\/\/labostera.lt\/lv\/wp-json\/wp\/v2\/product_tag?post=20429"}],"curies":[{"name":"wp","href":"https:\/\/api.w.org\/{rel}","templated":true}]}}