{"id":20426,"date":"2024-04-04T11:08:42","date_gmt":"2024-04-04T08:08:42","guid":{"rendered":"http:\/\/labostera.lt\/?post_type=product&#038;p=20426"},"modified":"2024-10-18T15:16:59","modified_gmt":"2024-10-18T12:16:59","slug":"krutines-vezio-palpacijos-modelis-erler-zimmer-breast-cancer-palpation-model-2","status":"publish","type":"product","link":"https:\/\/labostera.lt\/lv\/priemones-ir-iranga\/mokymo-priemones-ir-iranga\/modeliai-manekenai-muliazai\/krutines-vezio-palpacijos-modelis-erler-zimmer-breast-cancer-palpation-model-2\/","title":{"rendered":"Erler-Zimmer kr\u016bts v\u0113\u017ea palp\u0101cijas modelis"},"content":{"rendered":"<h2><strong>Erler-Zimmer GmbH &amp; Co. KG kr\u016bts v\u0113\u017ea palp\u0101cijas modelis<\/strong>:<\/h2>\n<ul>\n<li>Modelis LM18:<\/li>\n<li>Re\u0101las sievietes kr\u016bts kopija ar patolo\u0123isk\u0101m izmai\u0146\u0101m.<\/li>\n<li>Piem\u0113rots \u0101rstu un medic\u012bnas speci\u0101listu apm\u0101c\u012bbai, k\u0101 ar\u012b pa\u0161p\u0101rbaudes instrukcij\u0101m.<\/li>\n<li>Izmantojot da\u017e\u0101dus \u012bpa\u0161us sint\u0113tiskus materi\u0101lus, \u0161is modelis ir \u013coti re\u0101listisks gan p\u0113c izskata, gan p\u0113c saj\u016btas.<\/li>\n<li>Ietver plaisas, limfmezglu metast\u0101zes, kr\u016b\u0161u un \u0101das izmai\u0146as.<\/li>\n<li>Redzams fotoatt\u0113l\u0101:\n<ol>\n<li>Neregul\u0101ra konsistence, v\u0113zis<\/li>\n<li>M\u012bksts, plakans mezgls, labdab\u012bgs audz\u0113js<\/li>\n<li>Neregul\u0101rs mezgls, v\u0113zis<\/li>\n<li>Limfmezglu metast\u0101zes padus\u0113<\/li>\n<li>Limfmezglu metast\u0101zes, kakla<\/li>\n<li>Piet\u016bku\u0161a kr\u016btsgala c\u0113lonis (pamat\u0101 eso\u0161a v\u0113\u017ea simptoms)<\/li>\n<li>Pageta slim\u012bba<\/li>\n<li>Ieliekums (ko izraisa pamat\u0101 eso\u0161ais v\u0113zis)<\/li>\n<li>\u0100das t\u016bska, apels\u012bna miza<\/li>\n<li>Mast\u012bts ar erit\u0113mu<\/li>\n<\/ol>\n<\/li>\n<\/ul>\n<h3>Kr\u016bts v\u0113\u017ea palp\u0101cijas mode\u013ci \u2013 <a href=\"http:\/\/labostera.lt\/lv\/product-brand\/erler-zimmer-gmbh-co-kg\/\">Erlera-Zimmera anatomijas grupa<\/a><\/h3>\n<p>Vair\u0101k inform\u0101cijas: <a href=\"https:\/\/erler-zimmer.de\/en\/Breast-cancer-palpation-model\/LM18\" target=\"_blank\" rel=\"noopener nofollow\">ra\u017eot\u0101ja t\u012bmek\u013ca vietn\u0113<\/a> vai nos\u016btiet mums piepras\u012bjumu!<\/p>","protected":false},"excerpt":{"rendered":"<p>Erlera-Zimmera kr\u016bts v\u0113\u017ea palp\u0101cijas modelis \u2013 re\u0101listisks sievietes kr\u016bts modelis ar da\u017e\u0101d\u0101m patolo\u0123isk\u0101m izmai\u0146\u0101m. Piem\u0113rots \u0101rstu apm\u0101c\u012bbai un pa\u0161p\u0101rbaudes instrukcij\u0101m.<\/p>","protected":false},"featured_media":20427,"template":"","meta":[],"product_cat":[75,79],"product_tag":[692,926,831,832,829,830,577,690,833,490],"class_list":{"0":"post-20426","1":"product","2":"type-product","3":"status-publish","4":"has-post-thumbnail","6":"product_brand-erler-zimmer-gmbh-co-kg","7":"product_cat-modeliai-manekenai-muliazai","8":"product_cat-mokymo-priemones-ir-iranga","9":"product_tag-erler-zimmer-gmbh-co-kg","10":"product_tag-krutines-vezio-palpacijos-modeliai","11":"product_tag-medical-models","12":"product_tag-medical-simulators","13":"product_tag-medicininiai-modeliai","14":"product_tag-medicininiai-simuliatoriai","15":"product_tag-modeliai","16":"product_tag-models","17":"product_tag-simulatoriai","18":"product_tag-simulators","20":"first","21":"onbackorder","22":"shipping-taxable","23":"purchasable","24":"product-type-simple"},"_links":{"self":[{"href":"https:\/\/labostera.lt\/lv\/wp-json\/wp\/v2\/product\/20426","targetHints":{"allow":["GET"]}}],"collection":[{"href":"https:\/\/labostera.lt\/lv\/wp-json\/wp\/v2\/product"}],"about":[{"href":"https:\/\/labostera.lt\/lv\/wp-json\/wp\/v2\/types\/product"}],"wp:featuredmedia":[{"embeddable":true,"href":"https:\/\/labostera.lt\/lv\/wp-json\/wp\/v2\/media\/20427"}],"wp:attachment":[{"href":"https:\/\/labostera.lt\/lv\/wp-json\/wp\/v2\/media?parent=20426"}],"wp:term":[{"taxonomy":"product_cat","embeddable":true,"href":"https:\/\/labostera.lt\/lv\/wp-json\/wp\/v2\/product_cat?post=20426"},{"taxonomy":"product_tag","embeddable":true,"href":"https:\/\/labostera.lt\/lv\/wp-json\/wp\/v2\/product_tag?post=20426"}],"curies":[{"name":"wp","href":"https:\/\/api.w.org\/{rel}","templated":true}]}}