{"id":20422,"date":"2024-04-04T09:08:28","date_gmt":"2024-04-04T06:08:28","guid":{"rendered":"http:\/\/labostera.lt\/?post_type=product&#038;p=20422"},"modified":"2024-10-18T15:17:02","modified_gmt":"2024-10-18T12:17:02","slug":"krutines-palpacijos-simuliatorius-erler-zimmer-breast-palpation-simulator","status":"publish","type":"product","link":"https:\/\/labostera.lt\/lv\/priemones-ir-iranga\/mokymo-priemones-ir-iranga\/medicininiai-simuliatoriai\/krutines-palpacijos-simuliatorius-erler-zimmer-breast-palpation-simulator\/","title":{"rendered":"Erler-Zimmer kr\u016b\u0161u palp\u0101cijas simulators"},"content":{"rendered":"<h2><strong>Erler-Zimmer GmbH &amp; Co. KG Kr\u016b\u0161kurvja palp\u0101cijas simulators<\/strong>:<\/h2>\n<ul>\n<li>Modelis L60:<\/li>\n<li>Jaunaj\u0101 kl\u012bnisk\u0101s apm\u0101c\u012bbas kr\u016b\u0161kurvja palp\u0101cijas simulator\u0101 ir izmantoti moderni materi\u0101li, lai nodro\u0161in\u0101tu re\u0101listisku izskatu, saj\u016btu un tekst\u016bru.<\/li>\n<li>Simulators sast\u0101v no lab\u0101s un kreis\u0101s kr\u016b\u0161kurvja da\u013cas ar da\u017e\u0101d\u0101m mas\u0101m, kas pal\u012bdz noteikt norm\u0101lus un patolo\u0123iskus st\u0101vok\u013cus.<\/li>\n<li>\u0160is simulators ir lieliska treni\u0146u platforma, kur\u0101 var demonstr\u0113t kr\u016b\u0161kurvja izmekl\u0113\u0161anas metodes.<\/li>\n<li>Kr\u016b\u0161kurvja izmekl\u0113\u0161anas apm\u0101c\u012bbai ir izstr\u0101d\u0101ti se\u0161i savstarp\u0113ji aizvietojami kr\u016b\u0161kurvja mode\u013ci ar da\u017e\u0101d\u0101m patolo\u0123ij\u0101m.<\/li>\n<li>Simulators ir piestiprin\u0101ts pie pieaugu\u0161a cilv\u0113ka \u0137erme\u0146a aug\u0161da\u013cas, un to var viegli no\u0146emt un salikt atpaka\u013c.<\/li>\n<li>Var izmantot st\u0101vus vai gu\u013cus st\u0101vokl\u012b.<\/li>\n<\/ul>\n<h3>Kr\u016b\u0161kurvja palp\u0101cijas simulatori \u2013 <a href=\"http:\/\/labostera.lt\/lv\/product-brand\/erler-zimmer-gmbh-co-kg\/\">Erlera-Zimmera anatomijas grupa<\/a><\/h3>\n<p>Vair\u0101k inform\u0101cijas: <a href=\"https:\/\/erler-zimmer.de\/en\/Breast-Palpation-Simulator-for-Clinical-Teaching\/L60\" target=\"_blank\" rel=\"noopener nofollow\">ra\u017eot\u0101ja t\u012bmek\u013ca vietn\u0113<\/a> vai nos\u016btiet mums piepras\u012bjumu!<\/p>","protected":false},"excerpt":{"rendered":"<p>Erlera-Zimmera kr\u016b\u0161u palp\u0101cijas simulators \u2013 re\u0101listisks apm\u0101c\u012bbas r\u012bks ar main\u0101m\u0101m kr\u016bt\u012bm kr\u016b\u0161u izmekl\u0113\u0161anas tehni\u0137u apm\u0101c\u012bbai.<\/p>","protected":false},"featured_media":20423,"template":"","meta":[],"product_cat":[838,75,79],"product_tag":[692,931,831,832,829,830,577,690,833,490],"class_list":{"0":"post-20422","1":"product","2":"type-product","3":"status-publish","4":"has-post-thumbnail","6":"product_brand-erler-zimmer-gmbh-co-kg","7":"product_cat-medicininiai-simuliatoriai","8":"product_cat-modeliai-manekenai-muliazai","9":"product_cat-mokymo-priemones-ir-iranga","10":"product_tag-erler-zimmer-gmbh-co-kg","11":"product_tag-krutines-palpacijos-simuliatoriai","12":"product_tag-medical-models","13":"product_tag-medical-simulators","14":"product_tag-medicininiai-modeliai","15":"product_tag-medicininiai-simuliatoriai","16":"product_tag-modeliai","17":"product_tag-models","18":"product_tag-simulatoriai","19":"product_tag-simulators","21":"first","22":"onbackorder","23":"shipping-taxable","24":"purchasable","25":"product-type-simple"},"_links":{"self":[{"href":"https:\/\/labostera.lt\/lv\/wp-json\/wp\/v2\/product\/20422","targetHints":{"allow":["GET"]}}],"collection":[{"href":"https:\/\/labostera.lt\/lv\/wp-json\/wp\/v2\/product"}],"about":[{"href":"https:\/\/labostera.lt\/lv\/wp-json\/wp\/v2\/types\/product"}],"wp:featuredmedia":[{"embeddable":true,"href":"https:\/\/labostera.lt\/lv\/wp-json\/wp\/v2\/media\/20423"}],"wp:attachment":[{"href":"https:\/\/labostera.lt\/lv\/wp-json\/wp\/v2\/media?parent=20422"}],"wp:term":[{"taxonomy":"product_cat","embeddable":true,"href":"https:\/\/labostera.lt\/lv\/wp-json\/wp\/v2\/product_cat?post=20422"},{"taxonomy":"product_tag","embeddable":true,"href":"https:\/\/labostera.lt\/lv\/wp-json\/wp\/v2\/product_tag?post=20422"}],"curies":[{"name":"wp","href":"https:\/\/api.w.org\/{rel}","templated":true}]}}