{"id":20418,"date":"2024-04-03T16:10:08","date_gmt":"2024-04-03T13:10:08","guid":{"rendered":"http:\/\/labostera.lt\/?post_type=product&#038;p=20418"},"modified":"2024-10-18T15:17:05","modified_gmt":"2024-10-18T12:17:05","slug":"krutines-tyrimo-simuliatorius-erler-zimmer-breast-exam-simulator","status":"publish","type":"product","link":"https:\/\/labostera.lt\/lv\/priemones-ir-iranga\/mokymo-priemones-ir-iranga\/medicininiai-simuliatoriai\/krutines-tyrimo-simuliatorius-erler-zimmer-breast-exam-simulator\/","title":{"rendered":"Kr\u016b\u0161u izmekl\u0113\u0161anas simulators Erler-Zimmer kr\u016b\u0161u izmekl\u0113\u0161anas simulators"},"content":{"rendered":"<h2><strong>Erler-Zimmer GmbH &amp; Co. KG Kr\u016b\u0161kurvja izmekl\u0113\u0161anas simulators<\/strong>:<\/h2>\n<ul>\n<li>Modelis L62:<\/li>\n<li>Izmantojiet kr\u016b\u0161kurvja izmekl\u0113\u0161anas simulatoru, lai m\u0101c\u012btu un praktiz\u0113tu kr\u016b\u0161kurvja palp\u0101cijas tehnikas.<\/li>\n<li>Komplekt\u0101 ietilpst lieto\u0161anas instrukcija, Amerikas V\u0113\u017ea biedr\u012bbas ce\u013cvedis kr\u016b\u0161u pa\u0161p\u0101rbaud\u0113 un uzglab\u0101\u0161anas futr\u0101lis.<\/li>\n<li>\u012apa\u0161a \u0101da rada re\u0101listisku izskatu un saj\u016btu.<\/li>\n<li>Simulatora unikalit\u0101te ir t\u0101 re\u0101listisks \u0161\u0137idrs kr\u016b\u0161u kamols, kas \u013cauj sajust spiedienu gandr\u012bz t\u0101, it k\u0101 j\u016bs b\u016btu dz\u012bvs pacients.<\/li>\n<li>Katrai kr\u016bts ir nep\u0101rsp\u0113jama patolo\u0123iju simul\u0101cija.<\/li>\n<li>Svar\u012bgs kr\u016b\u0161u izmekl\u0113\u0161anas modelis slimn\u012bc\u0101m un medic\u012bnas kl\u012bnik\u0101m, kas m\u0101ca sieviet\u0113m pareizas kr\u016b\u0161u izmekl\u0113\u0161anas metodes.<\/li>\n<\/ul>\n<h3>Kr\u016b\u0161kurvja izmekl\u0113\u0161anas simulatori \u2013 <a href=\"http:\/\/labostera.lt\/lv\/product-brand\/erler-zimmer-gmbh-co-kg\/\">Erlera-Zimmera anatomijas grupa<\/a><\/h3>\n<p>Vair\u0101k inform\u0101cijas: <a href=\"https:\/\/erler-zimmer.de\/en\/Breast-model\/L62\" target=\"_blank\" rel=\"noopener nofollow\">ra\u017eot\u0101ja t\u012bmek\u013ca vietn\u0113<\/a> vai nos\u016btiet mums piepras\u012bjumu!<\/p>","protected":false},"excerpt":{"rendered":"<p>Erlera-Zimmera kr\u016b\u0161kurvja izmekl\u0113\u0161anas simulators \u2013 lielisks apm\u0101c\u012bbas modelis kr\u016b\u0161kurvja palp\u0101cijas meto\u017eu apm\u0101c\u012bbai un praktiz\u0113\u0161anai. Re\u0101listiski mezgli, lieto\u0161anas instrukcija.<\/p>","protected":false},"featured_media":20419,"template":"","meta":[],"product_cat":[838,75,79],"product_tag":[692,930,831,832,829,830,577,690,833,490],"class_list":{"0":"post-20418","1":"product","2":"type-product","3":"status-publish","4":"has-post-thumbnail","6":"product_brand-erler-zimmer-gmbh-co-kg","7":"product_cat-medicininiai-simuliatoriai","8":"product_cat-modeliai-manekenai-muliazai","9":"product_cat-mokymo-priemones-ir-iranga","10":"product_tag-erler-zimmer-gmbh-co-kg","11":"product_tag-krutines-tyrimo-simuliatoriai","12":"product_tag-medical-models","13":"product_tag-medical-simulators","14":"product_tag-medicininiai-modeliai","15":"product_tag-medicininiai-simuliatoriai","16":"product_tag-modeliai","17":"product_tag-models","18":"product_tag-simulatoriai","19":"product_tag-simulators","21":"first","22":"onbackorder","23":"shipping-taxable","24":"purchasable","25":"product-type-simple"},"_links":{"self":[{"href":"https:\/\/labostera.lt\/lv\/wp-json\/wp\/v2\/product\/20418","targetHints":{"allow":["GET"]}}],"collection":[{"href":"https:\/\/labostera.lt\/lv\/wp-json\/wp\/v2\/product"}],"about":[{"href":"https:\/\/labostera.lt\/lv\/wp-json\/wp\/v2\/types\/product"}],"wp:featuredmedia":[{"embeddable":true,"href":"https:\/\/labostera.lt\/lv\/wp-json\/wp\/v2\/media\/20419"}],"wp:attachment":[{"href":"https:\/\/labostera.lt\/lv\/wp-json\/wp\/v2\/media?parent=20418"}],"wp:term":[{"taxonomy":"product_cat","embeddable":true,"href":"https:\/\/labostera.lt\/lv\/wp-json\/wp\/v2\/product_cat?post=20418"},{"taxonomy":"product_tag","embeddable":true,"href":"https:\/\/labostera.lt\/lv\/wp-json\/wp\/v2\/product_tag?post=20418"}],"curies":[{"name":"wp","href":"https:\/\/api.w.org\/{rel}","templated":true}]}}