{"id":20413,"date":"2024-04-03T14:06:12","date_gmt":"2024-04-03T11:06:12","guid":{"rendered":"http:\/\/labostera.lt\/?post_type=product&#038;p=20413"},"modified":"2024-10-18T15:17:08","modified_gmt":"2024-10-18T12:17:08","slug":"krutines-tyrimo-rinkinys-erler-zimmer-a-b-c-breast-examination-set","status":"publish","type":"product","link":"https:\/\/labostera.lt\/lv\/priemones-ir-iranga\/mokymo-priemones-ir-iranga\/modeliai-manekenai-muliazai\/krutines-tyrimo-rinkinys-erler-zimmer-a-b-c-breast-examination-set\/","title":{"rendered":"Erler-Zimmer ABC kr\u016b\u0161u izmekl\u0113\u0161anas komplekts"},"content":{"rendered":"<h2><strong>Erler-Zimmer GmbH &amp; Co. KG ABC kr\u016b\u0161u izmekl\u0113\u0161anas komplekts<\/strong>:<\/h2>\n<ul>\n<li>Modelis L61:<\/li>\n<li>Treni\u0146u mode\u013ci pieejami tr\u012bs da\u017e\u0101dos kr\u016b\u0161u (t\u012bmek\u013ca vietnes) izm\u0113ros.<\/li>\n<li>Komplekt\u0101 ietilpst mode\u013ci A - mazs (142 ml), B - vid\u0113js (255 ml) un C - liels (794 ml).<\/li>\n<li>Katram modelim ir pieci mezgli, kurus, t\u0101pat k\u0101 re\u0101laj\u0101 dz\u012bv\u0113, ir gr\u016bt\u0101k atkl\u0101t uz liel\u0101k\u0101m kr\u016bt\u012bm.<\/li>\n<li>Katru modeli var mazg\u0101t ar ziep\u0113m un \u016bdeni.<\/li>\n<li>Nepiecie\u0161ams visaptvero\u0161ai apm\u0101c\u012bbai. Komplekt\u0101 ietilpst apvalks un p\u0101rn\u0113s\u0101\u0161anas soma.<\/li>\n<\/ul>\n<h3>Kr\u016b\u0161kurvja izmekl\u0113\u0161anas komplekti \u2013 <a href=\"http:\/\/labostera.lt\/lv\/product-brand\/erler-zimmer-gmbh-co-kg\/\">Erlera-Zimmera anatomijas grupa<\/a><\/h3>\n<p>Vair\u0101k inform\u0101cijas: <a href=\"https:\/\/erler-zimmer.de\/en\/A-B-C-breast-examination-set\/L61\" target=\"_blank\" rel=\"noopener nofollow\">ra\u017eot\u0101ja t\u012bmek\u013ca vietn\u0113<\/a> vai nos\u016btiet mums piepras\u012bjumu!<\/p>","protected":false},"excerpt":{"rendered":"<p>Erler-Zimmer ABC kr\u016b\u0161u izmekl\u0113\u0161anas komplekts \u2013 treni\u0146u komplekts ar da\u017e\u0101da izm\u0113ra kr\u016bt\u012bm un limfmezgliem.<\/p>","protected":false},"featured_media":20414,"template":"","meta":[],"product_cat":[75,79],"product_tag":[692,928,831,832,829,830,577,690,833,490],"class_list":{"0":"post-20413","1":"product","2":"type-product","3":"status-publish","4":"has-post-thumbnail","6":"product_brand-erler-zimmer-gmbh-co-kg","7":"product_cat-modeliai-manekenai-muliazai","8":"product_cat-mokymo-priemones-ir-iranga","9":"product_tag-erler-zimmer-gmbh-co-kg","10":"product_tag-krutines-tyrimo-rinkiniai","11":"product_tag-medical-models","12":"product_tag-medical-simulators","13":"product_tag-medicininiai-modeliai","14":"product_tag-medicininiai-simuliatoriai","15":"product_tag-modeliai","16":"product_tag-models","17":"product_tag-simulatoriai","18":"product_tag-simulators","20":"first","21":"onbackorder","22":"shipping-taxable","23":"purchasable","24":"product-type-simple"},"_links":{"self":[{"href":"https:\/\/labostera.lt\/lv\/wp-json\/wp\/v2\/product\/20413","targetHints":{"allow":["GET"]}}],"collection":[{"href":"https:\/\/labostera.lt\/lv\/wp-json\/wp\/v2\/product"}],"about":[{"href":"https:\/\/labostera.lt\/lv\/wp-json\/wp\/v2\/types\/product"}],"wp:featuredmedia":[{"embeddable":true,"href":"https:\/\/labostera.lt\/lv\/wp-json\/wp\/v2\/media\/20414"}],"wp:attachment":[{"href":"https:\/\/labostera.lt\/lv\/wp-json\/wp\/v2\/media?parent=20413"}],"wp:term":[{"taxonomy":"product_cat","embeddable":true,"href":"https:\/\/labostera.lt\/lv\/wp-json\/wp\/v2\/product_cat?post=20413"},{"taxonomy":"product_tag","embeddable":true,"href":"https:\/\/labostera.lt\/lv\/wp-json\/wp\/v2\/product_tag?post=20413"}],"curies":[{"name":"wp","href":"https:\/\/api.w.org\/{rel}","templated":true}]}}