{"id":20411,"date":"2024-04-03T13:14:34","date_gmt":"2024-04-03T10:14:34","guid":{"rendered":"http:\/\/labostera.lt\/?post_type=product&#038;p=20411"},"modified":"2024-10-18T15:17:09","modified_gmt":"2024-10-18T12:17:09","slug":"krutines-tyrimo-treniruoklis-erler-zimmer-breast-examination-trainer","status":"publish","type":"product","link":"https:\/\/labostera.lt\/lv\/priemones-ir-iranga\/mokymo-priemones-ir-iranga\/modeliai-manekenai-muliazai\/krutines-tyrimo-treniruoklis-erler-zimmer-breast-examination-trainer\/","title":{"rendered":"Erler-Zimmer kr\u016b\u0161u izmekl\u0113\u0161anas treneris"},"content":{"rendered":"<h2><strong>Erler-Zimmer GmbH &amp; Co. KG kr\u016b\u0161kurvja p\u0101rbaudes treneris<\/strong>:<\/h2>\n<ul>\n<li>Modelis L63:<\/li>\n<li>Paredz\u0113ts lieto\u0161anai izgl\u012bt\u012bb\u0101 kr\u016bts v\u0113\u017ea profilakses un pa\u0161apdro\u0161in\u0101\u0161anas jom\u0101s.<\/li>\n<li>Galvenais instruments kr\u016b\u0161kurvja izmekl\u0113\u0161anas proced\u016bru demonstr\u0113\u0161anai.<\/li>\n<li>M\u012bksti, dz\u012bv\u012bbai l\u012bdz\u012bgi, imit\u0113ti kr\u016b\u0161u audi.<\/li>\n<li>Main\u0101mi mezgli un da\u017e\u0101da izm\u0113ra, formas un bl\u012bvuma gabali.<\/li>\n<li>Komplekt\u0101 ietilpst instrukciju karte, m\u012bksti mezgli\u0146i, maisi\u0146\u0161 un pulveris.<\/li>\n<\/ul>\n<h3>Kr\u016b\u0161kurvja izmekl\u0113\u0161anas simulatori \u2013 <a href=\"http:\/\/labostera.lt\/lv\/product-brand\/erler-zimmer-gmbh-co-kg\/\">Erlera-Zimmera anatomijas grupa<\/a><\/h3>\n<p>Vair\u0101k inform\u0101cijas: <a href=\"https:\/\/erler-zimmer.de\/en\/Single-breast-examination-trainer\/L63\" target=\"_blank\" rel=\"noopener nofollow\">ra\u017eot\u0101ja t\u012bmek\u013ca vietn\u0113<\/a> vai nos\u016btiet mums piepras\u012bjumu!<\/p>","protected":false},"excerpt":{"rendered":"<p>Erler-Zimmer kr\u016b\u0161u izmekl\u0113\u0161anas treneris \u2013 izgl\u012btojo\u0161s r\u012bks kr\u016bts v\u0113\u017ea profilaksei un pa\u0161apr\u016bpei ar m\u012bkstiem, re\u0101listiskiem, simul\u0113tiem kr\u016b\u0161u audiem.<\/p>","protected":false},"featured_media":20412,"template":"","meta":[],"product_cat":[75,79],"product_tag":[692,927,831,832,829,830,577,690,833,490],"class_list":{"0":"post-20411","1":"product","2":"type-product","3":"status-publish","4":"has-post-thumbnail","6":"product_brand-erler-zimmer-gmbh-co-kg","7":"product_cat-modeliai-manekenai-muliazai","8":"product_cat-mokymo-priemones-ir-iranga","9":"product_tag-erler-zimmer-gmbh-co-kg","10":"product_tag-krutines-tyrimo-treniruokliai","11":"product_tag-medical-models","12":"product_tag-medical-simulators","13":"product_tag-medicininiai-modeliai","14":"product_tag-medicininiai-simuliatoriai","15":"product_tag-modeliai","16":"product_tag-models","17":"product_tag-simulatoriai","18":"product_tag-simulators","20":"first","21":"onbackorder","22":"shipping-taxable","23":"purchasable","24":"product-type-simple"},"_links":{"self":[{"href":"https:\/\/labostera.lt\/lv\/wp-json\/wp\/v2\/product\/20411","targetHints":{"allow":["GET"]}}],"collection":[{"href":"https:\/\/labostera.lt\/lv\/wp-json\/wp\/v2\/product"}],"about":[{"href":"https:\/\/labostera.lt\/lv\/wp-json\/wp\/v2\/types\/product"}],"wp:featuredmedia":[{"embeddable":true,"href":"https:\/\/labostera.lt\/lv\/wp-json\/wp\/v2\/media\/20412"}],"wp:attachment":[{"href":"https:\/\/labostera.lt\/lv\/wp-json\/wp\/v2\/media?parent=20411"}],"wp:term":[{"taxonomy":"product_cat","embeddable":true,"href":"https:\/\/labostera.lt\/lv\/wp-json\/wp\/v2\/product_cat?post=20411"},{"taxonomy":"product_tag","embeddable":true,"href":"https:\/\/labostera.lt\/lv\/wp-json\/wp\/v2\/product_tag?post=20411"}],"curies":[{"name":"wp","href":"https:\/\/api.w.org\/{rel}","templated":true}]}}