{"id":20403,"date":"2024-04-03T10:11:23","date_gmt":"2024-04-03T07:11:23","guid":{"rendered":"http:\/\/labostera.lt\/?post_type=product&#038;p=20403"},"modified":"2024-10-18T15:17:12","modified_gmt":"2024-10-18T12:17:12","slug":"krutines-skerspjuvio-modelis-su-ligomis-erler-zimmer-breast-cross-section-model-with-diseases","status":"publish","type":"product","link":"https:\/\/labostera.lt\/lv\/priemones-ir-iranga\/mokymo-priemones-ir-iranga\/modeliai-manekenai-muliazai\/krutines-skerspjuvio-modelis-su-ligomis-erler-zimmer-breast-cross-section-model-with-diseases\/","title":{"rendered":"Erlera-Zimmera kr\u016b\u0161u \u0161\u0137\u0113rsgriezuma modelis ar slim\u012bb\u0101m"},"content":{"rendered":"<h2><strong>Erler-Zimmer GmbH &amp; Co. KG kr\u016b\u0161kurvja \u0161\u0137\u0113rsgriezuma modelis ar slim\u012bb\u0101m<\/strong>:<\/h2>\n<ul>\n<li>Modelis L280:<\/li>\n<li>Dz\u012bves lieluma modelis, kas par\u0101da sievietes kr\u016bts \u0161\u0137\u0113rsgriezumu ar vair\u0101k\u0101m saslim\u0161an\u0101m, tostarp IBC, pirmsv\u0113\u017ea st\u0101vokli, ILC, IDC, Ped\u017eeta slim\u012bbu, fibroadenomu, pseidocistu, mastop\u0101tiju un cist\u0101m.<\/li>\n<li>Tiek par\u0101d\u012bta ar\u012b kr\u016b\u0161u un citu strukt\u016bru, piem\u0113ram, musku\u013cu sl\u0101\u0146a un ribu, norm\u0101l\u0101 anatomija.<\/li>\n<li>Ar apm\u0101c\u012bbu karti un kr\u016bts v\u0113\u017ea klasifik\u0101ciju. Uz stat\u012bva, no\u0146emams.<\/li>\n<\/ul>\n<h3>Kr\u016b\u0161kurvja \u0161\u0137\u0113rsgriezuma mode\u013ci ar slim\u012bb\u0101m \u2013 <a href=\"http:\/\/labostera.lt\/lv\/product-brand\/erler-zimmer-gmbh-co-kg\/\">Erlera-Zimmera anatomijas grupa<\/a><\/h3>\n<p>Vair\u0101k inform\u0101cijas: <a href=\"https:\/\/erler-zimmer.de\/en\/Breast-cross-section-with-diseases\/L280\" target=\"_blank\" rel=\"noopener nofollow\">ra\u017eot\u0101ja t\u012bmek\u013ca vietn\u0113<\/a> vai nos\u016btiet mums piepras\u012bjumu!<\/p>","protected":false},"excerpt":{"rendered":"<p>Erlera-Cimmera kr\u016b\u0161kurvja \u0161\u0137\u0113rsgriezuma modelis ar slim\u012bb\u0101m \u2013 dabiska izm\u0113ra modelis, kur\u0101 redzams kr\u016b\u0161kurvja \u0161\u0137\u0113rsgriezums ar slim\u012bb\u0101m.<\/p>","protected":false},"featured_media":20408,"template":"","meta":[],"product_cat":[75,79],"product_tag":[692,925,831,832,829,830,577,690,833,490],"class_list":{"0":"post-20403","1":"product","2":"type-product","3":"status-publish","4":"has-post-thumbnail","6":"product_brand-erler-zimmer-gmbh-co-kg","7":"product_cat-modeliai-manekenai-muliazai","8":"product_cat-mokymo-priemones-ir-iranga","9":"product_tag-erler-zimmer-gmbh-co-kg","10":"product_tag-krutines-skerspjuvio-modeliai-su-ligomis","11":"product_tag-medical-models","12":"product_tag-medical-simulators","13":"product_tag-medicininiai-modeliai","14":"product_tag-medicininiai-simuliatoriai","15":"product_tag-modeliai","16":"product_tag-models","17":"product_tag-simulatoriai","18":"product_tag-simulators","20":"first","21":"onbackorder","22":"shipping-taxable","23":"purchasable","24":"product-type-simple"},"_links":{"self":[{"href":"https:\/\/labostera.lt\/lv\/wp-json\/wp\/v2\/product\/20403","targetHints":{"allow":["GET"]}}],"collection":[{"href":"https:\/\/labostera.lt\/lv\/wp-json\/wp\/v2\/product"}],"about":[{"href":"https:\/\/labostera.lt\/lv\/wp-json\/wp\/v2\/types\/product"}],"wp:featuredmedia":[{"embeddable":true,"href":"https:\/\/labostera.lt\/lv\/wp-json\/wp\/v2\/media\/20408"}],"wp:attachment":[{"href":"https:\/\/labostera.lt\/lv\/wp-json\/wp\/v2\/media?parent=20403"}],"wp:term":[{"taxonomy":"product_cat","embeddable":true,"href":"https:\/\/labostera.lt\/lv\/wp-json\/wp\/v2\/product_cat?post=20403"},{"taxonomy":"product_tag","embeddable":true,"href":"https:\/\/labostera.lt\/lv\/wp-json\/wp\/v2\/product_tag?post=20403"}],"curies":[{"name":"wp","href":"https:\/\/api.w.org\/{rel}","templated":true}]}}