{"id":20389,"date":"2024-04-03T09:05:12","date_gmt":"2024-04-03T06:05:12","guid":{"rendered":"http:\/\/labostera.lt\/?post_type=product&#038;p=20389"},"modified":"2024-10-18T15:19:44","modified_gmt":"2024-10-18T12:19:44","slug":"ginekologiniu-igudziu-treneruoklis-erler-zimmer-zoe-gynecological-skills-trainer","status":"publish","type":"product","link":"https:\/\/labostera.lt\/lv\/priemones-ir-iranga\/mokymo-priemones-ir-iranga\/modeliai-manekenai-muliazai\/ginekologiniu-igudziu-treneruoklis-erler-zimmer-zoe-gynecological-skills-trainer\/","title":{"rendered":"Ginekolo\u0123isko prasmju trenere Erlere-Zimere \u201cZOE\u201d ginekolo\u0123isko prasmju trenere"},"content":{"rendered":"<h2><strong>\u201eErler-Zimmer GmbH &amp; Co. KG ZOE ginekolo\u0123isko prasmju treneris<\/strong>:<\/h2>\n<ul>\n<li>Modelis R10188:<\/li>\n<li>ZOE simulators ir pieaugu\u0161a cilv\u0113ka apak\u0161\u0113jo ekstremit\u0101\u0161u modelis, kas paredz\u0113ts, lai uzlabotu praktisku ginekolo\u0123isko prasmju apguvi. Ar re\u0101listisku anatomisku att\u0113lojumu \u0161is simulators pal\u012bdz pedagogiem m\u0101c\u012bt kl\u012bnisk\u0101s prasmes un ir viegli piel\u0101gojams da\u017e\u0101diem scen\u0101rijiem.<\/li>\n<li>Lai atvieglotu programmu papla\u0161in\u0101\u0161anu ar modul\u0101ru strukt\u016bru, ir pieejami papildu mode\u013ci ar patolo\u0123ij\u0101m.<\/li>\n<li>Dz\u012bvespriec\u012bgais re\u0101lisms padara ZOE par ide\u0101lu papildin\u0101jumu jebkuram ginekolo\u0123isko prasmju apm\u0101c\u012bbas pl\u0101nam, nodro\u0161inot nov\u0113rt\u0113jumus da\u017e\u0101d\u0101m ginekolo\u0123isk\u0101m proced\u016br\u0101m, tostarp spekul\u0101cijas izmekl\u0113jumiem, olvadu nosprosto\u0161anai, kateteriz\u0101cijai, dzemdes izmekl\u0113\u0161anai un cit\u0101m.<\/li>\n<\/ul>\n<h3>Varianti:<\/h3>\n<ul>\n<li>Modelis R10188-1: Dzemde ar \u0101r\u0113ji palp\u0113jam\u0101m patolo\u0123ij\u0101m<\/li>\n<li>Modelis R10188-2: Dzemde ar norm\u0101l\u0101m un patolo\u0123isk\u0101m iek\u0161\u0113j\u0101m patolo\u0123ij\u0101m<\/li>\n<li>Modelis R10188-3: Vulvas modelis ar integr\u0113tu fistulu<\/li>\n<\/ul>\n<h3>Ginekolo\u0123isko prasmju treneri \u2013 <a href=\"http:\/\/labostera.lt\/lv\/product-brand\/erler-zimmer-gmbh-co-kg\/\">Erlera-Zimmera anatomijas grupa<\/a><\/h3>\n<p>Vair\u0101k inform\u0101cijas: <a href=\"https:\/\/erler-zimmer.de\/en\/ZOE-Gynecological-Skills-Trainer\/R10188\" target=\"_blank\" rel=\"noopener nofollow\">ra\u017eot\u0101ja t\u012bmek\u013ca vietn\u0113<\/a> vai nos\u016btiet mums piepras\u012bjumu!<\/p>","protected":false},"excerpt":{"rendered":"<p>Erler-Zimmer \u201eZOE\u201d ginekolo\u0123isko prasmju trena\u017eieris \u2013 pieaugu\u0161o izm\u0113ra modelis ginekolo\u0123isko prasmju apguvei ar re\u0101listisku anatomiju.<\/p>","protected":false},"featured_media":20398,"template":"","meta":[],"product_cat":[75,79],"product_tag":[692,924,831,832,829,830,577,690,833,490],"class_list":{"0":"post-20389","1":"product","2":"type-product","3":"status-publish","4":"has-post-thumbnail","6":"product_brand-erler-zimmer-gmbh-co-kg","7":"product_cat-modeliai-manekenai-muliazai","8":"product_cat-mokymo-priemones-ir-iranga","9":"product_tag-erler-zimmer-gmbh-co-kg","10":"product_tag-ginekologiniu-igudziu-treneruokliai","11":"product_tag-medical-models","12":"product_tag-medical-simulators","13":"product_tag-medicininiai-modeliai","14":"product_tag-medicininiai-simuliatoriai","15":"product_tag-modeliai","16":"product_tag-models","17":"product_tag-simulatoriai","18":"product_tag-simulators","20":"first","21":"onbackorder","22":"shipping-taxable","23":"purchasable","24":"product-type-variable"},"_links":{"self":[{"href":"https:\/\/labostera.lt\/lv\/wp-json\/wp\/v2\/product\/20389","targetHints":{"allow":["GET"]}}],"collection":[{"href":"https:\/\/labostera.lt\/lv\/wp-json\/wp\/v2\/product"}],"about":[{"href":"https:\/\/labostera.lt\/lv\/wp-json\/wp\/v2\/types\/product"}],"wp:featuredmedia":[{"embeddable":true,"href":"https:\/\/labostera.lt\/lv\/wp-json\/wp\/v2\/media\/20398"}],"wp:attachment":[{"href":"https:\/\/labostera.lt\/lv\/wp-json\/wp\/v2\/media?parent=20389"}],"wp:term":[{"taxonomy":"product_cat","embeddable":true,"href":"https:\/\/labostera.lt\/lv\/wp-json\/wp\/v2\/product_cat?post=20389"},{"taxonomy":"product_tag","embeddable":true,"href":"https:\/\/labostera.lt\/lv\/wp-json\/wp\/v2\/product_tag?post=20389"}],"curies":[{"name":"wp","href":"https:\/\/api.w.org\/{rel}","templated":true}]}}