{"id":20376,"date":"2024-04-02T16:01:45","date_gmt":"2024-04-02T13:01:45","guid":{"rendered":"http:\/\/labostera.lt\/?post_type=product&#038;p=20376"},"modified":"2024-10-18T15:19:45","modified_gmt":"2024-10-18T12:19:45","slug":"dubens-ir-ginekologinio-tyrimo-simuliatorius-erler-zimmer-advanced-pelvic-examination-and-gynecological-simulator","status":"publish","type":"product","link":"https:\/\/labostera.lt\/lv\/priemones-ir-iranga\/mokymo-priemones-ir-iranga\/medicininiai-simuliatoriai\/dubens-ir-ginekologinio-tyrimo-simuliatorius-erler-zimmer-advanced-pelvic-examination-and-gynecological-simulator\/","title":{"rendered":"Iegur\u0146a un ginekolo\u0123isk\u0101s izmekl\u0113\u0161anas simulators Erler-Zimmer padzi\u013cin\u0101tais iegur\u0146a izmekl\u0113\u0161anas un ginekolo\u0123isk\u0101s izmekl\u0113\u0161anas simulators"},"content":{"rendered":"<h2><strong>Erler-Zimmer GmbH &amp; Co. KG iegur\u0146a un ginekolo\u0123isk\u0101s izmekl\u0113\u0161anas simulators<\/strong>:<\/h2>\n<ul>\n<li>Modelis R10940:<\/li>\n<li>\u0160is iegur\u0146a un ginekolo\u0123isk\u0101s s\u0101kotn\u0113j\u0101s izmekl\u0113\u0161anas simulators ir ide\u0101li piem\u0113rots vis\u0101m ginekolo\u0123isk\u0101s izgl\u012bt\u012bbas, apm\u0101c\u012bbas un kompetences nov\u0113rt\u0113\u0161anas jom\u0101m, tostarp bimanu\u0101lajai izmekl\u0113\u0161anai, spekul\u0101cijas izmekl\u0113\u0161anai un citolo\u0123ijas paraugu \u0146em\u0161anai.<\/li>\n<li>Funkcijas:<\/li>\n<li>Uzlabotais modelis \u013cauj apm\u0101c\u012bt da\u017e\u0101das ginekolo\u0123isk\u0101s proced\u016bras ar \u0101r\u0113j\u0101m un iek\u0161\u0113j\u0101m deta\u013c\u0101m, kas nodro\u0161ina nevainojamu re\u0101lismu.<\/li>\n<li>Sare\u017e\u0123\u012bt\u0101, modul\u0101r\u0101 sist\u0113ma \u013cauj izv\u0113l\u0113ties scen\u0101rijus atbilsto\u0161i j\u016bsu treni\u0146u vajadz\u012bb\u0101m, iek\u013caujot grimu, asinis un biezin\u0101t\u0101ju.<\/li>\n<li>S\u0101kuma komplekt\u0101 ietilpst korpuss, norm\u0101ls dzimumorg\u0101nu spilventi\u0146\u0161, norm\u0101ls iegur\u0146a org\u0101nu bloks ar maksti un taisno zarnu, v\u0113dera g\u0113la spilventi\u0146\u0161, auduma v\u0113dera spilventi\u0146\u0161, v\u0113dera \u0101das p\u0101rkl\u0101js, septi\u0146as dzemdes\/dzemdes kakla sekcijas (norm\u0101la\/norm\u0101la ar izdal\u012bjumu izv\u0113li, retroversta\/cervic\u012bta, v\u0113\u017ea\/v\u0113\u017ea, caursp\u012bd\u012bga iegur\u0146a trena\u017eiera, p\u0113cmenopauzes\/herpes, fibro\u012bdu\/polipa, agr\u012bnas gr\u016btniec\u012bbas), piecas atdal\u0101mas oln\u012bcas (norm\u0101las, policistiskas, maza cista, liela pied\u0113k\u013cu masa), ur\u012bnp\u016b\u0161\u013ca ieliktnis, iegur\u0146a org\u0101nu prolapss, pastaigu p\u016bderis, traumu to\u0146u grima ritenis, pamatkr\u0101su grima ritenis, asins mais\u012bjums, metilcelulozes biezin\u0101t\u0101js, \u0161\u013circe, ziede, lieto\u0161anas instrukcija un cietais futr\u0101lis. Piln\u012bb\u0101 mazg\u0101jams, no\u0146emams, viegli t\u012br\u0101ms.<\/li>\n<\/ul>\n<h3>Varianti:<\/h3>\n<ul>\n<li>R10941 modelis: visaptvero\u0161s specializ\u0113tu eks\u0101menu modu\u013cu komplekts R10940 simulatoram.<\/li>\n<li>Modelis R10941-1: Seksu\u0101li transmis\u012bvo slim\u012bbu (STS) modulis. Indik\u0101cijas herpes p\u016bsl\u012b\u0161u, venerisko k\u0101rpu un sifilisa sifilisa \u0101rst\u0113\u0161anai.<\/li>\n<li>Modelis R10941-2: P\u0113cmenopauzes modulis. Uzr\u0101da sarauktas kaunuma l\u016bpas, \u0161auru intr\u012btu, ur\u012bna nesatur\u0113\u0161anu, an\u0101l\u0101s plaisas, mazus nosprostotus hemoro\u012bdus, b\u0101las, gludas maksts sienas, maksts \u010d\u016blas, maksts saaugumus, maksts v\u0113zi.<\/li>\n<li>Modelis R10941-3: Seksu\u0101l\u0101s uzm\u0101k\u0161an\u0101s izpratnes skolot\u0101ja (SANE) modulis. R\u0101da pie\u0161\u016btus dzimumorg\u0101nu mati\u0146us pier\u0101d\u012bjumu v\u0101k\u0161anai.<\/li>\n<li>Modelis R10941-4: Pirmspubert\u0101tes modulis. Atspogu\u013co b\u0113rnu vecum\u0101 no 6 l\u012bdz 10 gadiem ar pirmspubert\u0101tes nokr\u0101s\u0101m, neskartu him\u0113nu.<\/li>\n<\/ul>\n<h3>Iegur\u0146a un ginekolo\u0123isk\u0101s izmekl\u0113\u0161anas simulatori \u2013 <a href=\"http:\/\/labostera.lt\/lv\/product-brand\/erler-zimmer-gmbh-co-kg\/\">Erlera-Zimmera anatomijas grupa<\/a><\/h3>\n<p>Vair\u0101k inform\u0101cijas: <a href=\"https:\/\/erler-zimmer.de\/en\/Advanced-Pelvic-Examination-and-Gynecological-Simulator\/R10940\" target=\"_blank\" rel=\"noopener nofollow\">ra\u017eot\u0101ja t\u012bmek\u013ca vietn\u0113<\/a> vai nos\u016btiet mums piepras\u012bjumu!<\/p>","protected":false},"excerpt":{"rendered":"<p>Erlera-Zimmera iegur\u0146a un ginekolo\u0123isk\u0101s izmekl\u0113\u0161anas simulators \u2014 ide\u0101li piem\u0113rots visu ginekolo\u0123ijas aspektu apguvei, iek\u013caujot specializ\u0113tus izmekl\u0113\u0161anas modu\u013cus.<\/p>","protected":false},"featured_media":20377,"template":"","meta":[],"product_cat":[838,75,79],"product_tag":[923,692,831,832,829,830,577,690,833,490],"class_list":{"0":"post-20376","1":"product","2":"type-product","3":"status-publish","4":"has-post-thumbnail","6":"product_brand-erler-zimmer-gmbh-co-kg","7":"product_cat-medicininiai-simuliatoriai","8":"product_cat-modeliai-manekenai-muliazai","9":"product_cat-mokymo-priemones-ir-iranga","10":"product_tag-dubens-ir-ginekologinio-tyrimo-simuliatoriai","11":"product_tag-erler-zimmer-gmbh-co-kg","12":"product_tag-medical-models","13":"product_tag-medical-simulators","14":"product_tag-medicininiai-modeliai","15":"product_tag-medicininiai-simuliatoriai","16":"product_tag-modeliai","17":"product_tag-models","18":"product_tag-simulatoriai","19":"product_tag-simulators","21":"first","22":"onbackorder","23":"shipping-taxable","24":"purchasable","25":"product-type-variable"},"_links":{"self":[{"href":"https:\/\/labostera.lt\/lv\/wp-json\/wp\/v2\/product\/20376","targetHints":{"allow":["GET"]}}],"collection":[{"href":"https:\/\/labostera.lt\/lv\/wp-json\/wp\/v2\/product"}],"about":[{"href":"https:\/\/labostera.lt\/lv\/wp-json\/wp\/v2\/types\/product"}],"wp:featuredmedia":[{"embeddable":true,"href":"https:\/\/labostera.lt\/lv\/wp-json\/wp\/v2\/media\/20377"}],"wp:attachment":[{"href":"https:\/\/labostera.lt\/lv\/wp-json\/wp\/v2\/media?parent=20376"}],"wp:term":[{"taxonomy":"product_cat","embeddable":true,"href":"https:\/\/labostera.lt\/lv\/wp-json\/wp\/v2\/product_cat?post=20376"},{"taxonomy":"product_tag","embeddable":true,"href":"https:\/\/labostera.lt\/lv\/wp-json\/wp\/v2\/product_tag?post=20376"}],"curies":[{"name":"wp","href":"https:\/\/api.w.org\/{rel}","templated":true}]}}