{"id":20374,"date":"2024-04-02T15:12:24","date_gmt":"2024-04-02T12:12:24","guid":{"rendered":"http:\/\/labostera.lt\/?post_type=product&#038;p=20374"},"modified":"2024-10-18T15:17:15","modified_gmt":"2024-10-18T12:17:15","slug":"ginekologinio-tyrimo-simuliatorius-erler-zimmer-gynecological-examination-simulator","status":"publish","type":"product","link":"https:\/\/labostera.lt\/lv\/priemones-ir-iranga\/mokymo-priemones-ir-iranga\/medicininiai-simuliatoriai\/ginekologinio-tyrimo-simuliatorius-erler-zimmer-gynecological-examination-simulator\/","title":{"rendered":"Ginekolo\u0123isk\u0101s izmekl\u0113\u0161anas simulators Erler-Zimmera ginekolo\u0123isk\u0101s izmekl\u0113\u0161anas simulators"},"content":{"rendered":"<h2><strong>\u201eErler-Zimmer GmbH &amp; Co. KG ginekolo\u0123isk\u0101s izmekl\u0113\u0161anas simulators<\/strong>:<\/h2>\n<ul>\n<li>Modelis LM110:<\/li>\n<li>\u0160is modelis \u013cauj praktiski apg\u016bt ginekolo\u0123isko izmekl\u0113jumu pamatus. Tas ir modelis, kas vislab\u0101k piem\u0113rots topo\u0161o \u0101rstu un medic\u012bnas studentu apm\u0101c\u012bbai ne tikai ginekolo\u0123ij\u0101, bet ar\u012b visp\u0101r\u0113j\u0101 medic\u012bnas praks\u0113.<\/li>\n<li>Funkcijas:<\/li>\n<li>M\u012bksta, \u012bpa\u0161a materi\u0101la izmanto\u0161ana \u0101r\u0113jo dzimumorg\u0101nu un v\u0113dera p\u0101rsegam \u013cauj produktam nodro\u0161in\u0101t re\u0101listisku bimanu\u0101l\u0101s izmekl\u0113\u0161anas (iek\u0161\u0113j\u0101s un \u0101r\u0113j\u0101s izmekl\u0113\u0161anas) un taisn\u0101s zarnas izmekl\u0113\u0161anas simul\u0101ciju.<\/li>\n<li>Visas dzemdes ir kust\u012bgas, t\u0101p\u0113c produkts var atveidot re\u0101listisku p\u0101rbaudi, piem\u0113ram, dzemdes kakla kust\u012bguma s\u0101pes.<\/li>\n<li>Iek\u0161\u0113jiem reprodukt\u012bvajiem org\u0101niem, piem\u0113ram, dzemdei un oln\u012bc\u0101m, ir norm\u0101ls un patolo\u0123isks st\u0101voklis, un to attiec\u012bgo slim\u012bbu (intramuskul\u0101ra histiomioma, subseroza mioma, oln\u012bcu cista, hidrosalpinkss utt.) izmekl\u0113\u0161anu var veikt, mainot dzemdi. Dzemdi var viegli nomain\u012bt.<\/li>\n<li>Oln\u012bcu cistu un hidrosalpinksa izm\u0113ru var regul\u0113t, piep\u016b\u0161ot t\u0101s ar gaisu, lai sasniegtu izm\u0113ru un tekst\u016bru, kas ir tuvu dz\u012bva \u0137erme\u0146a izm\u0113ram.<\/li>\n<li>Produktu var izmantot praktisk\u0101m apm\u0101c\u012bb\u0101m vaginoskopij\u0101, zond\u0113\u0161an\u0101 un citolo\u0123ij\u0101, piem\u0113ram, intimas uztriepju \u0146em\u0161anai.<\/li>\n<li>Dzimumorg\u0101nu bloks ir viegli no\u0146emams, lai nodro\u0161in\u0101tu vienk\u0101r\u0161u apkopi un nomai\u0146u.<\/li>\n<\/ul>\n<h3>Ginekolo\u0123isk\u0101s apskates simulatori \u2013 <a href=\"http:\/\/labostera.lt\/lv\/product-brand\/erler-zimmer-gmbh-co-kg\/\">Erlera-Zimmera anatomijas grupa<\/a><\/h3>\n<p>Vair\u0101k inform\u0101cijas: <a href=\"https:\/\/erler-zimmer.de\/en\/Gynecological-Examination-Simulator\/LM110\" target=\"_blank\" rel=\"noopener nofollow\">ra\u017eot\u0101ja t\u012bmek\u013ca vietn\u0113<\/a> vai nos\u016btiet mums piepras\u012bjumu!<\/p>","protected":false},"excerpt":{"rendered":"<p>Erlera-Zimmera ginekolo\u0123isk\u0101s apskates simulators \u2013 praktisks modelis, kas paredz\u0113ts, lai apm\u0101c\u012btu topo\u0161os \u0101rstus un medic\u012bnas studentus veikt ginekolo\u0123isk\u0101s apskates.<\/p>","protected":false},"featured_media":20375,"template":"","meta":[],"product_cat":[838,75,79],"product_tag":[692,922,831,832,829,830,577,690,833,490],"class_list":{"0":"post-20374","1":"product","2":"type-product","3":"status-publish","4":"has-post-thumbnail","6":"product_brand-erler-zimmer-gmbh-co-kg","7":"product_cat-medicininiai-simuliatoriai","8":"product_cat-modeliai-manekenai-muliazai","9":"product_cat-mokymo-priemones-ir-iranga","10":"product_tag-erler-zimmer-gmbh-co-kg","11":"product_tag-ginekologinio-tyrimo-simuliatoriai","12":"product_tag-medical-models","13":"product_tag-medical-simulators","14":"product_tag-medicininiai-modeliai","15":"product_tag-medicininiai-simuliatoriai","16":"product_tag-modeliai","17":"product_tag-models","18":"product_tag-simulatoriai","19":"product_tag-simulators","21":"first","22":"onbackorder","23":"shipping-taxable","24":"purchasable","25":"product-type-simple"},"_links":{"self":[{"href":"https:\/\/labostera.lt\/lv\/wp-json\/wp\/v2\/product\/20374","targetHints":{"allow":["GET"]}}],"collection":[{"href":"https:\/\/labostera.lt\/lv\/wp-json\/wp\/v2\/product"}],"about":[{"href":"https:\/\/labostera.lt\/lv\/wp-json\/wp\/v2\/types\/product"}],"wp:featuredmedia":[{"embeddable":true,"href":"https:\/\/labostera.lt\/lv\/wp-json\/wp\/v2\/media\/20375"}],"wp:attachment":[{"href":"https:\/\/labostera.lt\/lv\/wp-json\/wp\/v2\/media?parent=20374"}],"wp:term":[{"taxonomy":"product_cat","embeddable":true,"href":"https:\/\/labostera.lt\/lv\/wp-json\/wp\/v2\/product_cat?post=20374"},{"taxonomy":"product_tag","embeddable":true,"href":"https:\/\/labostera.lt\/lv\/wp-json\/wp\/v2\/product_tag?post=20374"}],"curies":[{"name":"wp","href":"https:\/\/api.w.org\/{rel}","templated":true}]}}