{"id":20363,"date":"2024-04-02T13:07:03","date_gmt":"2024-04-02T10:07:03","guid":{"rendered":"http:\/\/labostera.lt\/?post_type=product&#038;p=20363"},"modified":"2024-10-18T15:17:18","modified_gmt":"2024-10-18T12:17:18","slug":"ginekologinis-manekenas-erler-zimmer-gynaecological-training-manikin","status":"publish","type":"product","link":"https:\/\/labostera.lt\/lv\/priemones-ir-iranga\/mokymo-priemones-ir-iranga\/modeliai-manekenai-muliazai\/ginekologinis-manekenas-erler-zimmer-gynaecological-training-manikin\/","title":{"rendered":"Erlera-Zimmera ginekolo\u0123isk\u0101 apm\u0101c\u012bbas manekens"},"content":{"rendered":"<h2><strong>\u201eErler-Zimmer GmbH &amp; Co. KG ginekolo\u0123iskais manekens<\/strong>:<\/h2>\n<ul>\n<li>Modelis R10182:<\/li>\n<li>Re\u0101listisks sievie\u0161u iegur\u0146a modelis diagnostikas iema\u0146u att\u012bst\u012b\u0161anai ginekolo\u0123iskaj\u0101s proced\u016br\u0101s, anatomiskaj\u0101 apm\u0101c\u012bb\u0101, v\u0113dera palp\u0101cij\u0101 un spekula lieto\u0161anas instrukcij\u0101s.<\/li>\n<li>Modelis \u013cauj veikt visaptvero\u0161u un bez stresa iepaz\u012bstin\u0101\u0161anu ar ginekolo\u0123isko izmekl\u0113jumu principiem vai veikt padzi\u013cin\u0101tu iegur\u0146a patolo\u0123iju taktisku sal\u012bdzin\u0101\u0161anu klases vid\u0113, atvieglojot ce\u013cu uz kl\u012bnisko darbu.<\/li>\n<li>Izgatavots no m\u012bksta, viegli t\u012br\u0101ma vinila materi\u0101la, kas \u013coti atg\u0101dina \u0101das tekst\u016bru, modelis nodro\u0161ina detaliz\u0113tu, re\u0101listisku anatomisku att\u0113lojumu un atsauces.<\/li>\n<li>Iek\u013cauti nomain\u0101mi ielikt\u0146i:<\/li>\n<li>\n<ul>\n<li>Norm\u0101ls dzemdes kakls spir\u0101les ievieto\u0161anai un iz\u0146em\u0161anai<\/li>\n<li>norm\u0101la dzemd\u012bbu dzemdes kakla<\/li>\n<li>dzemdes kakls ar endocervik\u0101lo polipu<\/li>\n<li>dzemdes kakls ar ektopisk\u0101m \u012bpa\u0161\u012bb\u0101m<\/li>\n<li>dzemdes kakla neopl\u0101zija (karcinoma)<\/li>\n<li>Norm\u0101la dzemde IUD ievieto\u0161anai un iz\u0146em\u0161anai<\/li>\n<li>10 ned\u0113\u013cu gr\u016btniec\u012bbas dzemde un divi pied\u0113k\u013cu veidojumi.<\/li>\n<li>Oln\u012bcas nav iek\u013cautas. Transport\u0113\u0161anas soma ir iek\u013cauta.<\/li>\n<\/ul>\n<\/li>\n<\/ul>\n<h3>Ginekolo\u0123iskie manekeni \u2013 <a href=\"http:\/\/labostera.lt\/lv\/product-brand\/erler-zimmer-gmbh-co-kg\/\">Erlera-Zimmera anatomijas grupa<\/a><\/h3>\n<p>Vair\u0101k inform\u0101cijas: <a href=\"https:\/\/erler-zimmer.de\/en\/Gynecological-Training-Manikin\/R10182\" target=\"_blank\" rel=\"noopener nofollow\">ra\u017eot\u0101ja t\u012bmek\u013ca vietn\u0113<\/a> vai nos\u016btiet mums piepras\u012bjumu!<\/p>","protected":false},"excerpt":{"rendered":"<p>Erler-Zimmer ginekolo\u0123iskais manekens \u2013 re\u0101listisks iegur\u0146a modelis ar main\u0101miem ielikt\u0146iem ginekolo\u0123iskai apm\u0101c\u012bbai. Ide\u0101li piem\u0113rots diagnostikas prasmju att\u012bst\u012b\u0161anai.<\/p>","protected":false},"featured_media":20369,"template":"","meta":[],"product_cat":[75,79],"product_tag":[692,920,831,832,829,830,577,690,833,490],"class_list":{"0":"post-20363","1":"product","2":"type-product","3":"status-publish","4":"has-post-thumbnail","6":"product_brand-erler-zimmer-gmbh-co-kg","7":"product_cat-modeliai-manekenai-muliazai","8":"product_cat-mokymo-priemones-ir-iranga","9":"product_tag-erler-zimmer-gmbh-co-kg","10":"product_tag-ginekologiniai-manekenai","11":"product_tag-medical-models","12":"product_tag-medical-simulators","13":"product_tag-medicininiai-modeliai","14":"product_tag-medicininiai-simuliatoriai","15":"product_tag-modeliai","16":"product_tag-models","17":"product_tag-simulatoriai","18":"product_tag-simulators","20":"first","21":"onbackorder","22":"shipping-taxable","23":"purchasable","24":"product-type-simple"},"_links":{"self":[{"href":"https:\/\/labostera.lt\/lv\/wp-json\/wp\/v2\/product\/20363","targetHints":{"allow":["GET"]}}],"collection":[{"href":"https:\/\/labostera.lt\/lv\/wp-json\/wp\/v2\/product"}],"about":[{"href":"https:\/\/labostera.lt\/lv\/wp-json\/wp\/v2\/types\/product"}],"wp:featuredmedia":[{"embeddable":true,"href":"https:\/\/labostera.lt\/lv\/wp-json\/wp\/v2\/media\/20369"}],"wp:attachment":[{"href":"https:\/\/labostera.lt\/lv\/wp-json\/wp\/v2\/media?parent=20363"}],"wp:term":[{"taxonomy":"product_cat","embeddable":true,"href":"https:\/\/labostera.lt\/lv\/wp-json\/wp\/v2\/product_cat?post=20363"},{"taxonomy":"product_tag","embeddable":true,"href":"https:\/\/labostera.lt\/lv\/wp-json\/wp\/v2\/product_tag?post=20363"}],"curies":[{"name":"wp","href":"https:\/\/api.w.org\/{rel}","templated":true}]}}