{"id":20350,"date":"2024-04-02T10:04:46","date_gmt":"2024-04-02T07:04:46","guid":{"rendered":"http:\/\/labostera.lt\/?post_type=product&#038;p=20350"},"modified":"2024-10-18T15:17:21","modified_gmt":"2024-10-18T12:17:21","slug":"histeroskopijos-simuliatorius-erler-zimmer-hysteroscopy-simulator","status":"publish","type":"product","link":"https:\/\/labostera.lt\/lv\/priemones-ir-iranga\/mokymo-priemones-ir-iranga\/medicininiai-simuliatoriai\/histeroskopijos-simuliatorius-erler-zimmer-hysteroscopy-simulator\/","title":{"rendered":"Histeroskopijas simulators Erler-Zimmer histeroskopijas simulators"},"content":{"rendered":"<h2><strong>Erler-Zimmer GmbH &amp; Co. KG histeroskopijas simulators<\/strong>:<\/h2>\n<ul>\n<li>Modelis R10184:<\/li>\n<li>\u0160im simulatoram ir:<\/li>\n<li>Pilna izm\u0113ra pieaugu\u0161o sievie\u0161u apak\u0161ve\u013ca ar no\u0146emamu, m\u012bkstu \u0101r\u0113jo sl\u0101ni<\/li>\n<li>Septi\u0146i dzemd\u012bbu laik\u0101, ieskaitot norm\u0101lu &quot;kontroles&quot; dzemdi ar vesel\u012bg\u0101m iek\u0161\u0113j\u0101m un \u0101r\u0113j\u0101m iez\u012bm\u0113m<\/li>\n<li>Iek\u0161\u0113j\u0101s anatomijas m\u0101kslas darbs norm\u0101lai un patolo\u0123iskai dzemdei<\/li>\n<li>Endometrija polipu, miomu, agr\u012bnas un progres\u0113jo\u0161as endometrija karcinomas, miomu saaugumu un dzemdes dibena karcinomas iek\u0161\u0113j\u0101 att\u0113ldiagnostika<\/li>\n<li>Norm\u0101las un patolo\u0123iskas dzemdes \u0101r\u0113jais izskats<\/li>\n<li>Norm\u0101lu un patolo\u0123isku dzemdes palp\u0101cija<\/li>\n<li>Norm\u0101la dzemdes kakla un main\u0101ma dzemde ar patent\u0113tu &quot;skr\u016bves&quot; dizainu<\/li>\n<li>Lieto\u0161anas instrukcija (ang\u013cu valod\u0101)<\/li>\n<\/ul>\n<h3>Histeroskopijas simulatori \u2013 <a href=\"http:\/\/labostera.lt\/lv\/product-brand\/erler-zimmer-gmbh-co-kg\/\">Erlera-Zimmera anatomijas grupa<\/a><\/h3>\n<p>Vair\u0101k inform\u0101cijas: <a href=\"https:\/\/erler-zimmer.de\/en\/Hysteroscopy-Simulator\/R10184\" target=\"_blank\" rel=\"noopener nofollow\">ra\u017eot\u0101ja t\u012bmek\u013ca vietn\u0113<\/a> vai nos\u016btiet mums piepras\u012bjumu!<\/p>","protected":false},"excerpt":{"rendered":"<p>Erlera-Zimmera histeroskopijas simulators \u2013 pilna izm\u0113ra pieaugu\u0161as sievietes jostasvietas apak\u0161\u0113j\u0101s da\u013cas simulators ar da\u017e\u0101diem dzemdes st\u0101vok\u013ciem.<\/p>","protected":false},"featured_media":20351,"template":"","meta":[],"product_cat":[838,75,79],"product_tag":[692,918,831,832,829,830,577,690,833,490],"class_list":{"0":"post-20350","1":"product","2":"type-product","3":"status-publish","4":"has-post-thumbnail","6":"product_brand-erler-zimmer-gmbh-co-kg","7":"product_cat-medicininiai-simuliatoriai","8":"product_cat-modeliai-manekenai-muliazai","9":"product_cat-mokymo-priemones-ir-iranga","10":"product_tag-erler-zimmer-gmbh-co-kg","11":"product_tag-histeroskopijos-simuliatoriai","12":"product_tag-medical-models","13":"product_tag-medical-simulators","14":"product_tag-medicininiai-modeliai","15":"product_tag-medicininiai-simuliatoriai","16":"product_tag-modeliai","17":"product_tag-models","18":"product_tag-simulatoriai","19":"product_tag-simulators","21":"first","22":"onbackorder","23":"shipping-taxable","24":"purchasable","25":"product-type-simple"},"_links":{"self":[{"href":"https:\/\/labostera.lt\/lv\/wp-json\/wp\/v2\/product\/20350","targetHints":{"allow":["GET"]}}],"collection":[{"href":"https:\/\/labostera.lt\/lv\/wp-json\/wp\/v2\/product"}],"about":[{"href":"https:\/\/labostera.lt\/lv\/wp-json\/wp\/v2\/types\/product"}],"wp:featuredmedia":[{"embeddable":true,"href":"https:\/\/labostera.lt\/lv\/wp-json\/wp\/v2\/media\/20351"}],"wp:attachment":[{"href":"https:\/\/labostera.lt\/lv\/wp-json\/wp\/v2\/media?parent=20350"}],"wp:term":[{"taxonomy":"product_cat","embeddable":true,"href":"https:\/\/labostera.lt\/lv\/wp-json\/wp\/v2\/product_cat?post=20350"},{"taxonomy":"product_tag","embeddable":true,"href":"https:\/\/labostera.lt\/lv\/wp-json\/wp\/v2\/product_tag?post=20350"}],"curies":[{"name":"wp","href":"https:\/\/api.w.org\/{rel}","templated":true}]}}