{"id":20345,"date":"2024-03-29T11:03:56","date_gmt":"2024-03-29T09:03:56","guid":{"rendered":"http:\/\/labostera.lt\/?post_type=product&#038;p=20345"},"modified":"2024-10-18T15:17:23","modified_gmt":"2024-10-18T12:17:23","slug":"lieti-vulvos-modeliai-erler-zimmer-cast-vulva-models","status":"publish","type":"product","link":"https:\/\/labostera.lt\/lv\/priemones-ir-iranga\/mokymo-priemones-ir-iranga\/modeliai-manekenai-muliazai\/lieti-vulvos-modeliai-erler-zimmer-cast-vulva-models\/","title":{"rendered":"Erler-Zimmer Cast Vulva mode\u013ci"},"content":{"rendered":"<h2><strong>Erler-Zimmer GmbH &amp; Co. KG lietie vulvas mode\u013ci<\/strong>:<\/h2>\n<ul>\n<li>Modelis L222:<\/li>\n<li>Visi vulvas l\u0113jumi ir \u012bsti l\u0113jumi no \u012bst\u0101m sieviet\u0113m. Rezult\u0101ts ir dz\u012bva l\u012bdz\u012bba. Sievietes \u0101r\u0113j\u0101 anatomisk\u0101 strukt\u016bra ir att\u0113lota ar viss\u012bk\u0101kaj\u0101m deta\u013c\u0101m un strukt\u016br\u0101m. Detaliz\u0113ti un p\u0101rsteidzo\u0161i autentiski, \u0161ie atl\u0113jumi par\u0101da viss\u012bk\u0101k\u0101s grumbas un da\u017eos atl\u0113jumos pat ur\u012bnizvadkan\u0101lu un maksts atveri. R\u016bp\u012bgi uzkr\u0101sotas, skaidri redzamas at\u0161\u0137ir\u012bbas starp iek\u0161\u0113jo un \u0101r\u0113jo l\u016bpu un apk\u0101rt\u0113jo \u0101du. T\u0101 k\u0101 katra sieviete ir at\u0161\u0137ir\u012bga, \u0161is produkts ir unik\u0101la 19 vulvas veid\u0146u kolekcija.<\/li>\n<\/ul>\n<h3>Form\u0113tas vulvas mode\u013ci \u2013 <a href=\"http:\/\/labostera.lt\/lv\/product-brand\/erler-zimmer-gmbh-co-kg\/\">Erlera-Zimmera anatomijas grupa<\/a><\/h3>\n<p>Vair\u0101k inform\u0101cijas: <a href=\"https:\/\/erler-zimmer.de\/en\/Vulva-Casts-showing-antomical-differences\/L222\" target=\"_blank\" rel=\"noopener nofollow\">ra\u017eot\u0101ja t\u012bmek\u013ca vietn\u0113<\/a> vai nos\u016btiet mums piepras\u012bjumu!<\/p>","protected":false},"excerpt":{"rendered":"<p>Erler-Zimmer vulvas atl\u0113jumi \u2013 autentiski sievie\u0161u vulvas atl\u0113jumi, kas atspogu\u013co katras sievietes unikalit\u0101ti un individualit\u0101ti. Lielisks seksu\u0101l\u0101s izgl\u012bt\u012bbas l\u012bdzeklis.<\/p>","protected":false},"featured_media":20346,"template":"","meta":[],"product_cat":[75,79],"product_tag":[692,916,831,832,829,830,577,690,833,490],"class_list":{"0":"post-20345","1":"product","2":"type-product","3":"status-publish","4":"has-post-thumbnail","6":"product_brand-erler-zimmer-gmbh-co-kg","7":"product_cat-modeliai-manekenai-muliazai","8":"product_cat-mokymo-priemones-ir-iranga","9":"product_tag-erler-zimmer-gmbh-co-kg","10":"product_tag-lieti-vulvos-modeliai","11":"product_tag-medical-models","12":"product_tag-medical-simulators","13":"product_tag-medicininiai-modeliai","14":"product_tag-medicininiai-simuliatoriai","15":"product_tag-modeliai","16":"product_tag-models","17":"product_tag-simulatoriai","18":"product_tag-simulators","20":"first","21":"onbackorder","22":"shipping-taxable","23":"purchasable","24":"product-type-simple"},"_links":{"self":[{"href":"https:\/\/labostera.lt\/lv\/wp-json\/wp\/v2\/product\/20345","targetHints":{"allow":["GET"]}}],"collection":[{"href":"https:\/\/labostera.lt\/lv\/wp-json\/wp\/v2\/product"}],"about":[{"href":"https:\/\/labostera.lt\/lv\/wp-json\/wp\/v2\/types\/product"}],"wp:featuredmedia":[{"embeddable":true,"href":"https:\/\/labostera.lt\/lv\/wp-json\/wp\/v2\/media\/20346"}],"wp:attachment":[{"href":"https:\/\/labostera.lt\/lv\/wp-json\/wp\/v2\/media?parent=20345"}],"wp:term":[{"taxonomy":"product_cat","embeddable":true,"href":"https:\/\/labostera.lt\/lv\/wp-json\/wp\/v2\/product_cat?post=20345"},{"taxonomy":"product_tag","embeddable":true,"href":"https:\/\/labostera.lt\/lv\/wp-json\/wp\/v2\/product_tag?post=20345"}],"curies":[{"name":"wp","href":"https:\/\/api.w.org\/{rel}","templated":true}]}}