{"id":20343,"date":"2024-03-29T10:00:23","date_gmt":"2024-03-29T08:00:23","guid":{"rendered":"http:\/\/labostera.lt\/?post_type=product&#038;p=20343"},"modified":"2024-10-18T15:17:25","modified_gmt":"2024-10-18T12:17:25","slug":"moteru-lytiniai-organu-modelis-erler-zimmer-female-genital-organs-model","status":"publish","type":"product","link":"https:\/\/labostera.lt\/lv\/priemones-ir-iranga\/mokymo-priemones-ir-iranga\/modeliai-manekenai-muliazai\/moteru-lytiniai-organu-modelis-erler-zimmer-female-genital-organs-model\/","title":{"rendered":"Sievie\u0161u dzimumorg\u0101nu modelis Erlera-Cimmera sievie\u0161u dzimumorg\u0101nu modelis"},"content":{"rendered":"<h2><strong>Erler-Zimmer GmbH &amp; Co. KG sievie\u0161u dzimumorg\u0101nu modelis<\/strong>:<\/h2>\n<ul>\n<li>Modelis LM30:<\/li>\n<li>\u0160is sievietes dzimumorg\u0101nu dabiska izm\u0113ra modelis ir p\u0101rgriezts uz pus\u0113m un to var saliekt lab\u0101kai izpratnei. Ier\u012bce par\u0101da liel\u0101s un maz\u0101s kaunuma l\u016bpas, maksti, dzemdes kaklu, dzemdi, olvadus un oln\u012bcas, k\u0101 ar\u012b ur\u012bnvadu, taisno zarnu, simfizi, krustu kaulu un astes kaulu. Papildus kontracepcijas l\u012bdzek\u013cu, piem\u0113ram, intrauter\u012bnu ier\u012b\u010du, diafragmu un vagin\u0101lo kr\u0113mu\/putu, lieto\u0161anai var praktiz\u0113t ar\u012b spekula lieto\u0161anu. Pateicoties materi\u0101la \u013coti dabiskaj\u0101m \u012bpa\u0161\u012bb\u0101m, modeli var izmantot skaitliskiem p\u0113t\u012bjumiem. Protams, tas ir lieliski piem\u0113rots ar\u012b treni\u0146iem. Atverot modeli, \u013coti skaidri redzama kontracepcijas l\u012bdzek\u013cu atra\u0161an\u0101s vieta un funkcija. Kontracepcijas ri\u0146\u0137is nav iek\u013cauts.<\/li>\n<\/ul>\n<h3>Sievie\u0161u dzimumorg\u0101nu mode\u013ci \u2013 <a href=\"http:\/\/labostera.lt\/lv\/product-brand\/erler-zimmer-gmbh-co-kg\/\">Erlera-Zimmera anatomijas grupa<\/a><\/h3>\n<p>Vair\u0101k inform\u0101cijas: <a href=\"https:\/\/erler-zimmer.de\/en\/Female-genital-organs\/LM30\" target=\"_blank\" rel=\"noopener nofollow\">ra\u017eot\u0101ja t\u012bmek\u013ca vietn\u0113<\/a> vai nos\u016btiet mums piepras\u012bjumu!<\/p>","protected":false},"excerpt":{"rendered":"<p>Erlera-Cimmera sievie\u0161u dzimumorg\u0101nu modelis \u2013 modelis, kas att\u0113lo sievietes dzimumorg\u0101nus dabiskaj\u0101 lielum\u0101. Lielisks m\u0101c\u012bbu un izpratnes l\u012bdzeklis.<\/p>","protected":false},"featured_media":20344,"template":"","meta":[],"product_cat":[75,79],"product_tag":[692,831,832,829,830,577,690,915,833,490],"class_list":{"0":"post-20343","1":"product","2":"type-product","3":"status-publish","4":"has-post-thumbnail","6":"product_brand-erler-zimmer-gmbh-co-kg","7":"product_cat-modeliai-manekenai-muliazai","8":"product_cat-mokymo-priemones-ir-iranga","9":"product_tag-erler-zimmer-gmbh-co-kg","10":"product_tag-medical-models","11":"product_tag-medical-simulators","12":"product_tag-medicininiai-modeliai","13":"product_tag-medicininiai-simuliatoriai","14":"product_tag-modeliai","15":"product_tag-models","16":"product_tag-moteru-lytiniai-organu-modeliai","17":"product_tag-simulatoriai","18":"product_tag-simulators","20":"first","21":"onbackorder","22":"shipping-taxable","23":"purchasable","24":"product-type-simple"},"_links":{"self":[{"href":"https:\/\/labostera.lt\/lv\/wp-json\/wp\/v2\/product\/20343","targetHints":{"allow":["GET"]}}],"collection":[{"href":"https:\/\/labostera.lt\/lv\/wp-json\/wp\/v2\/product"}],"about":[{"href":"https:\/\/labostera.lt\/lv\/wp-json\/wp\/v2\/types\/product"}],"wp:featuredmedia":[{"embeddable":true,"href":"https:\/\/labostera.lt\/lv\/wp-json\/wp\/v2\/media\/20344"}],"wp:attachment":[{"href":"https:\/\/labostera.lt\/lv\/wp-json\/wp\/v2\/media?parent=20343"}],"wp:term":[{"taxonomy":"product_cat","embeddable":true,"href":"https:\/\/labostera.lt\/lv\/wp-json\/wp\/v2\/product_cat?post=20343"},{"taxonomy":"product_tag","embeddable":true,"href":"https:\/\/labostera.lt\/lv\/wp-json\/wp\/v2\/product_tag?post=20343"}],"curies":[{"name":"wp","href":"https:\/\/api.w.org\/{rel}","templated":true}]}}