{"id":20341,"date":"2024-03-29T09:09:43","date_gmt":"2024-03-29T07:09:43","guid":{"rendered":"http:\/\/labostera.lt\/?post_type=product&#038;p=20341"},"modified":"2024-10-18T15:17:26","modified_gmt":"2024-10-18T12:17:26","slug":"kontraceptiniu-implantu-mokymo-modelis-erler-zimmer-training-model-for-contraceptice-implants","status":"publish","type":"product","link":"https:\/\/labostera.lt\/lv\/priemones-ir-iranga\/mokymo-priemones-ir-iranga\/modeliai-manekenai-muliazai\/kontraceptiniu-implantu-mokymo-modelis-erler-zimmer-training-model-for-contraceptice-implants\/","title":{"rendered":"Erlera-Zimmera apm\u0101c\u012bbas modelis kontracepcijas implantiem"},"content":{"rendered":"<h2><strong>Erler-Zimmer GmbH &amp; Co. KG kontracepcijas implantu apm\u0101c\u012bbas modelis<\/strong>:<\/h2>\n<ul>\n<li>Modelis 7086:<\/li>\n<li>\u0160is apm\u0101c\u012bbas modelis tika izstr\u0101d\u0101ts kontracepcijas implantu ra\u017eot\u0101jam, lai apm\u0101c\u012btu \u0101rstus kontracepcijas implantu implant\u0113\u0161an\u0101 un iz\u0146em\u0161an\u0101. Tas atspogu\u013co sievietes aug\u0161delma musku\u013cus un \u0101das sl\u0101ni. P\u0113c implanta ievieto\u0161anas modelis par\u0101da implant\u0101cijas vietu zem \u0101das.<\/li>\n<\/ul>\n<h3>Kontracepcijas implantu apm\u0101c\u012bbas mode\u013ci \u2013 <a href=\"http:\/\/labostera.lt\/lv\/product-brand\/erler-zimmer-gmbh-co-kg\/\">Erlera-Zimmera anatomijas grupa<\/a><\/h3>\n<p>Vair\u0101k inform\u0101cijas: <a href=\"https:\/\/erler-zimmer.de\/en\/Training-Model-for-Contraceptive-Implants\/7086\" target=\"_blank\" rel=\"noopener nofollow\">ra\u017eot\u0101ja t\u012bmek\u013ca vietn\u0113<\/a> vai nos\u016btiet mums piepras\u012bjumu!<\/p>","protected":false},"excerpt":{"rendered":"<p>Erlera-Zimmera kontracepcijas implantu apm\u0101c\u012bbas modelis \u2014 modelis ir paredz\u0113ts \u0101rstiem, lai apg\u016btu kontracepcijas implantu implant\u0113\u0161anu un iz\u0146em\u0161anu.<\/p>","protected":false},"featured_media":20342,"template":"","meta":[],"product_cat":[75,79],"product_tag":[692,913,831,832,829,830,577,690,833,490],"class_list":{"0":"post-20341","1":"product","2":"type-product","3":"status-publish","4":"has-post-thumbnail","6":"product_brand-erler-zimmer-gmbh-co-kg","7":"product_cat-modeliai-manekenai-muliazai","8":"product_cat-mokymo-priemones-ir-iranga","9":"product_tag-erler-zimmer-gmbh-co-kg","10":"product_tag-kontraceptiniu-implantu-mokymo-modeliai","11":"product_tag-medical-models","12":"product_tag-medical-simulators","13":"product_tag-medicininiai-modeliai","14":"product_tag-medicininiai-simuliatoriai","15":"product_tag-modeliai","16":"product_tag-models","17":"product_tag-simulatoriai","18":"product_tag-simulators","20":"first","21":"onbackorder","22":"shipping-taxable","23":"purchasable","24":"product-type-simple"},"_links":{"self":[{"href":"https:\/\/labostera.lt\/lv\/wp-json\/wp\/v2\/product\/20341","targetHints":{"allow":["GET"]}}],"collection":[{"href":"https:\/\/labostera.lt\/lv\/wp-json\/wp\/v2\/product"}],"about":[{"href":"https:\/\/labostera.lt\/lv\/wp-json\/wp\/v2\/types\/product"}],"wp:featuredmedia":[{"embeddable":true,"href":"https:\/\/labostera.lt\/lv\/wp-json\/wp\/v2\/media\/20342"}],"wp:attachment":[{"href":"https:\/\/labostera.lt\/lv\/wp-json\/wp\/v2\/media?parent=20341"}],"wp:term":[{"taxonomy":"product_cat","embeddable":true,"href":"https:\/\/labostera.lt\/lv\/wp-json\/wp\/v2\/product_cat?post=20341"},{"taxonomy":"product_tag","embeddable":true,"href":"https:\/\/labostera.lt\/lv\/wp-json\/wp\/v2\/product_tag?post=20341"}],"curies":[{"name":"wp","href":"https:\/\/api.w.org\/{rel}","templated":true}]}}